{"id":139,"date":"2022-10-19T22:41:51","date_gmt":"2022-10-19T22:41:51","guid":{"rendered":"https:\/\/sites.uab.pt\/congresso-humanidades\/?page_id=139"},"modified":"2025-01-10T08:23:10","modified_gmt":"2025-01-10T08:23:10","slug":"projeto","status":"publish","type":"page","link":"https:\/\/lead.uab.pt\/leadtalks\/","title":{"rendered":"LE@D Talks"},"content":{"rendered":"\n<h2 class=\"wp-block-heading\">O que s\u00e3o as &#8216;LE@D Talks&#8217;?<\/h2>\n\n\n\n<div class=\"wp-block-columns is-layout-flex wp-container-core-columns-is-layout-1 wp-block-columns-is-layout-flex\">\n<div class=\"wp-block-column is-layout-flow wp-block-column-is-layout-flow\" style=\"flex-basis:60%\">\n<p>As LE@D Talks  foram criadas em 2010 como iniciativa do LE@D para eventos  da sua \u00e1rea em formato, aberto, presencial e h\u00edbrido. <\/p>\n\n\n\n<p>T\u00eam como objetivo de dissemina\u00e7\u00e3o da investiga\u00e7\u00e3o produzida pela comunidade de investigadores do LE@D, sejam investigadores integrados, colaboradores, doutorandos, p\u00f3s-doutorandos, mestrandos, investigadores visitantes ou parceiros de investiga\u00e7\u00e3o da unidade.<\/p>\n\n\n\n<p>Testemunham, tamb\u00e9m, o compromisso da UID com a <a href=\"https:\/\/www.acessolivre.pt\/2017\/o-que-e-a-ciencia-aberta\" data-type=\"URL\" data-id=\"https:\/\/www.acessolivre.pt\/2017\/o-que-e-a-ciencia-aberta\">ci\u00eancia aberta<\/a>, o <a href=\"https:\/\/www.acessolivre.pt\/sobre-o-open-access\" data-type=\"URL\" data-id=\"https:\/\/www.acessolivre.pt\/sobre-o-open-access\">acesso aberto<\/a>, a investiga\u00e7\u00e3o e inova\u00e7\u00e3o aberta potenciando na comunidade e nas redes a que est\u00e1 ligado, essas pr\u00e1ticas.<\/p>\n\n\n\n<p>Desde 2020 projeto das <em>LE@D Talks <\/em>passou a ser, tamb\u00e9m, alimentado pelos projetos, oficialmente integrados na UID. Esta iniciativa \u00e9 referenciada na FCT como evid\u00eancia de dissemina\u00e7\u00e3o da investiga\u00e7\u00e3o. <\/p>\n\n\n\n<p>Ao longo dos anos foram realizadas m\u00faltiplas LE@D Talks com a presen\u00e7a de dezenas de convidados nacionais e internacionais. <\/p>\n\n\n\n<p>#leadtalks<\/p>\n\n\n\n<p><\/p>\n<\/div>\n\n\n\n<div class=\"wp-block-column is-layout-flow wp-block-column-is-layout-flow\">\n<figure class=\"wp-block-image size-large\"><img loading=\"lazy\" decoding=\"async\" width=\"1024\" height=\"1024\" src=\"https:\/\/lead.uab.pt\/leadtalks\/wp-content\/uploads\/sites\/25\/2023\/06\/people_message_bubble_10__Converted__generated-1024x1024.jpg\" alt=\"\" class=\"wp-image-2108\" srcset=\"https:\/\/lead.uab.pt\/leadtalks\/wp-content\/uploads\/sites\/25\/2023\/06\/people_message_bubble_10__Converted__generated-1024x1024.jpg 1024w, https:\/\/lead.uab.pt\/leadtalks\/wp-content\/uploads\/sites\/25\/2023\/06\/people_message_bubble_10__Converted__generated-300x300.jpg 300w, https:\/\/lead.uab.pt\/leadtalks\/wp-content\/uploads\/sites\/25\/2023\/06\/people_message_bubble_10__Converted__generated-150x150.jpg 150w, https:\/\/lead.uab.pt\/leadtalks\/wp-content\/uploads\/sites\/25\/2023\/06\/people_message_bubble_10__Converted__generated-768x768.jpg 768w, https:\/\/lead.uab.pt\/leadtalks\/wp-content\/uploads\/sites\/25\/2023\/06\/people_message_bubble_10__Converted__generated-1536x1536.jpg 1536w, https:\/\/lead.uab.pt\/leadtalks\/wp-content\/uploads\/sites\/25\/2023\/06\/people_message_bubble_10__Converted__generated.jpg 1920w\" sizes=\"auto, (max-width: 1024px) 100vw, 1024px\" \/><\/figure>\n<\/div>\n<\/div>\n","protected":false},"excerpt":{"rendered":"O que s\u00e3o as &#8216;LE@D Talks&#8217;? As LE@D Talks foram criadas em 2010 como iniciativa do LE@D para eventos da sua \u00e1rea em formato, aberto, presencial e h\u00edbrido. T\u00eam como objetivo de dissemina\u00e7\u00e3o da investiga\u00e7\u00e3o produzida pela comunidade de investigadores do LE@D, sejam investigadores integrados, colaboradores, doutorandos, p\u00f3s-doutorandos, mestrandos, investigadores visitantes ou parceiros de investiga\u00e7\u00e3o [&hellip;]","protected":false},"author":1,"featured_media":0,"parent":0,"menu_order":10,"comment_status":"closed","ping_status":"closed","template":"","meta":{"footnotes":""},"class_list":["post-139","page","type-page","status-publish","hentry"],"_links":{"self":[{"href":"https:\/\/lead.uab.pt\/leadtalks\/wp-json\/wp\/v2\/pages\/139","targetHints":{"allow":["GET"]}}],"collection":[{"href":"https:\/\/lead.uab.pt\/leadtalks\/wp-json\/wp\/v2\/pages"}],"about":[{"href":"https:\/\/lead.uab.pt\/leadtalks\/wp-json\/wp\/v2\/types\/page"}],"author":[{"embeddable":true,"href":"https:\/\/lead.uab.pt\/leadtalks\/wp-json\/wp\/v2\/users\/1"}],"replies":[{"embeddable":true,"href":"https:\/\/lead.uab.pt\/leadtalks\/wp-json\/wp\/v2\/comments?post=139"}],"version-history":[{"count":9,"href":"https:\/\/lead.uab.pt\/leadtalks\/wp-json\/wp\/v2\/pages\/139\/revisions"}],"predecessor-version":[{"id":2283,"href":"https:\/\/lead.uab.pt\/leadtalks\/wp-json\/wp\/v2\/pages\/139\/revisions\/2283"}],"wp:attachment":[{"href":"https:\/\/lead.uab.pt\/leadtalks\/wp-json\/wp\/v2\/media?parent=139"}],"curies":[{"name":"wp","href":"https:\/\/api.w.org\/{rel}","templated":true}]}}