{"id":145,"date":"2022-10-19T22:43:26","date_gmt":"2022-10-19T22:43:26","guid":{"rendered":"https:\/\/sites.uab.pt\/congresso-humanidades\/?page_id=145"},"modified":"2023-06-06T00:49:52","modified_gmt":"2023-06-05T23:49:52","slug":"produtos","status":"publish","type":"page","link":"https:\/\/lead.uab.pt\/leadtalks\/produtos\/","title":{"rendered":"Recursos Abertos"},"content":{"rendered":"\n<h3 class=\"wp-block-heading\">Recursos Educacionais Abertos<\/h3>\n\n\n\n<p>Ao longo da sua exist\u00eancia,  realizaram-se v\u00e1rias publica\u00e7\u00f5es sobre as LE@D Talks em v\u00e1rios formatos: ebooks, v\u00eddeos, textos e apresenta\u00e7\u00f5es.<\/p>\n\n\n\n<p><strong>eBook:<\/strong><\/p>\n\n\n\n<p>Quintas-Mendes, A., Cardoso, T., Morgado, L., Neves, C. &amp; Pinto, M.C. T. (2019). <em>Tend\u00eancias de Investiga\u00e7\u00e3o em Educa\u00e7\u00e3o Aberta, a Dist\u00e2ncia e em eLearning na Sociedade em Rede<\/em>. Textos selecionados das LE@D Talks 2010-2018, LE@DeBooks, Universidade Aberta <a href=\"http:\/\/hdl.handle.net\/10400.2\/10357\">http:\/\/hdl.handle.net\/10400.2\/10357<\/a><\/p>\n\n\n\n<figure class=\"wp-block-image size-full is-resized\"><img loading=\"lazy\" decoding=\"async\" src=\"https:\/\/lead.uab.pt\/leadtalks\/wp-content\/uploads\/sites\/25\/2023\/06\/Livro1.jpg\" alt=\"\" class=\"wp-image-2103\" width=\"328\" height=\"418\" srcset=\"https:\/\/lead.uab.pt\/leadtalks\/wp-content\/uploads\/sites\/25\/2023\/06\/Livro1.jpg 559w, https:\/\/lead.uab.pt\/leadtalks\/wp-content\/uploads\/sites\/25\/2023\/06\/Livro1-236x300.jpg 236w\" sizes=\"auto, (max-width: 328px) 100vw, 328px\" \/><\/figure>\n\n\n\n<p><\/p>\n\n\n\n<p><strong>Cartaz<\/strong><\/p>\n\n\n\n<p><\/p>\n\n\n\n<figure class=\"wp-block-image size-large\"><img loading=\"lazy\" decoding=\"async\" width=\"1024\" height=\"721\" src=\"https:\/\/lead.uab.pt\/leadtalks\/wp-content\/uploads\/sites\/25\/2023\/06\/janeiro2019-1-1024x721.png\" alt=\"\" class=\"wp-image-2154\" srcset=\"https:\/\/lead.uab.pt\/leadtalks\/wp-content\/uploads\/sites\/25\/2023\/06\/janeiro2019-1-1024x721.png 1024w, https:\/\/lead.uab.pt\/leadtalks\/wp-content\/uploads\/sites\/25\/2023\/06\/janeiro2019-1-300x211.png 300w, https:\/\/lead.uab.pt\/leadtalks\/wp-content\/uploads\/sites\/25\/2023\/06\/janeiro2019-1-768x540.png 768w, https:\/\/lead.uab.pt\/leadtalks\/wp-content\/uploads\/sites\/25\/2023\/06\/janeiro2019-1.png 1225w\" sizes=\"auto, (max-width: 1024px) 100vw, 1024px\" \/><\/figure>\n","protected":false},"excerpt":{"rendered":"Recursos Educacionais Abertos Ao longo da sua exist\u00eancia, realizaram-se v\u00e1rias publica\u00e7\u00f5es sobre as LE@D Talks em v\u00e1rios formatos: ebooks, v\u00eddeos, textos e apresenta\u00e7\u00f5es. eBook: Quintas-Mendes, A., Cardoso, T., Morgado, L., Neves, C. &amp; Pinto, M.C. T. (2019). Tend\u00eancias de Investiga\u00e7\u00e3o em Educa\u00e7\u00e3o Aberta, a Dist\u00e2ncia e em eLearning na Sociedade em Rede. Textos selecionados das [&hellip;]","protected":false},"author":1,"featured_media":0,"parent":0,"menu_order":40,"comment_status":"closed","ping_status":"closed","template":"","meta":{"footnotes":""},"class_list":["post-145","page","type-page","status-publish","hentry"],"_links":{"self":[{"href":"https:\/\/lead.uab.pt\/leadtalks\/wp-json\/wp\/v2\/pages\/145","targetHints":{"allow":["GET"]}}],"collection":[{"href":"https:\/\/lead.uab.pt\/leadtalks\/wp-json\/wp\/v2\/pages"}],"about":[{"href":"https:\/\/lead.uab.pt\/leadtalks\/wp-json\/wp\/v2\/types\/page"}],"author":[{"embeddable":true,"href":"https:\/\/lead.uab.pt\/leadtalks\/wp-json\/wp\/v2\/users\/1"}],"replies":[{"embeddable":true,"href":"https:\/\/lead.uab.pt\/leadtalks\/wp-json\/wp\/v2\/comments?post=145"}],"version-history":[{"count":6,"href":"https:\/\/lead.uab.pt\/leadtalks\/wp-json\/wp\/v2\/pages\/145\/revisions"}],"predecessor-version":[{"id":2156,"href":"https:\/\/lead.uab.pt\/leadtalks\/wp-json\/wp\/v2\/pages\/145\/revisions\/2156"}],"wp:attachment":[{"href":"https:\/\/lead.uab.pt\/leadtalks\/wp-json\/wp\/v2\/media?parent=145"}],"curies":[{"name":"wp","href":"https:\/\/api.w.org\/{rel}","templated":true}]}}