{"id":1994,"date":"2023-06-04T06:42:00","date_gmt":"2023-06-04T05:42:00","guid":{"rendered":"https:\/\/lead.uab.pt\/leadtalks\/?page_id=1994"},"modified":"2023-06-06T16:43:17","modified_gmt":"2023-06-06T15:43:17","slug":"2021-2022","status":"publish","type":"page","link":"https:\/\/lead.uab.pt\/leadtalks\/2021-2022\/","title":{"rendered":"2022"},"content":{"rendered":"\n<p><\/p>\n\n\n\n<p><\/p>\n\n\n\n<figure class=\"wp-block-table\"><table><tbody><tr><td><strong>Talkers<\/strong><\/td><td><strong>T\u00edtulo<\/strong><\/td><td><strong>Institui\u00e7\u00f5es<\/strong><\/td><td><strong>Data<\/strong><\/td><td><strong>Modera\u00e7\u00e3o<\/strong><\/td><\/tr><tr><td>Ricardo Palmeiro<br>Helder Tou\u00e7as<br>Vanessa Ver\u00edssimo<br>Toni Maestro<\/td><td><em>Inclus\u00e3o Digital: os Casos do Alentejo e do pa\u00eds Basco <\/em>(Espanha)<\/td><td>Universidade de Deusto, <br>C\u00e2mara Municipal de Lisboa,<br>KZgunea<br>Rede OBlid<\/td><td>9 novembro 2022<\/td><td>Lu\u00edsa Aires, LE@D, UAb<br>Visi Pereda<\/td><\/tr><tr><td>Badrul Khan<\/td><td><em>Blended learning and the New Normal<\/em><\/td><td>Universidade George Washington, USA<\/td><td>19 outubro 2022<\/td><td>Lina Morgado, Ana Loureiro<\/td><\/tr><tr><td>Maristela Midlej<\/td><td><em>O di\u00e1rio-jornal de pesquisa<\/em><\/td><td>Universidade Federal do Sul da Bahia<\/td><td>6 julho 2022<\/td><td>Ant\u00f3nio Quintas-Mendes<\/td><\/tr><tr><td>Edmea Santos<\/td><td><em>Educa\u00e7\u00e3o Online, P\u00f3s-gradua\u00e7\u00e3o, pandemia: Desafios e Oportunidades<\/em><\/td><td>Universidade Rural do Rio de janeiro<\/td><td>28 junho 2022<\/td><td>Ant\u00f3nio Quintas-Mendes<\/td><\/tr><tr><td><br>Dulce Cruz<br>Paula Carolei<\/td><td><em>Educa\u00e7\u00e3o em Jogo &#8211; Doc\u00eancia em Jogo<\/em><\/td><td>Universidade Federal Santa Catarina\/<br>Universidade Federal de S\u00e3o Paulo (UNIFESP<\/td><td>23 mar\u00e7o 2022<\/td><td>Lina Morgado<\/td><\/tr><tr><td>Patr\u00edcia Behar<br>Ana Paiva<br>Carlos Seco<br>Jo\u00e3o Paz<\/td><td><em>Experi\u00eancias de Ensino Remoto<\/em><\/td><td>Univ Algarve<br>Univ. Lisboa<\/td><td>23 fevereiro 2023<\/td><td>Ana Paiva<br>Carlos Seco<\/td><\/tr><\/tbody><\/table><figcaption class=\"wp-element-caption\">#leadtalks2022<\/figcaption><\/figure>\n","protected":false},"excerpt":{"rendered":"TalkersT\u00edtuloInstitui\u00e7\u00f5esDataModera\u00e7\u00e3oRicardo PalmeiroHelder Tou\u00e7asVanessa Ver\u00edssimoToni MaestroInclus\u00e3o Digital: os Casos do Alentejo e do pa\u00eds Basco (Espanha)Universidade de Deusto, C\u00e2mara Municipal de Lisboa,KZguneaRede OBlid9 novembro 2022Lu\u00edsa Aires, LE@D, UAbVisi PeredaBadrul KhanBlended learning and the New NormalUniversidade George Washington, USA19 outubro 2022Lina Morgado, Ana LoureiroMaristela MidlejO di\u00e1rio-jornal de pesquisaUniversidade Federal do Sul da Bahia6 julho 2022Ant\u00f3nio Quintas-MendesEdmea SantosEduca\u00e7\u00e3o [&hellip;]","protected":false},"author":4,"featured_media":0,"parent":0,"menu_order":0,"comment_status":"closed","ping_status":"closed","template":"","meta":{"footnotes":""},"class_list":["post-1994","page","type-page","status-publish","hentry"],"_links":{"self":[{"href":"https:\/\/lead.uab.pt\/leadtalks\/wp-json\/wp\/v2\/pages\/1994","targetHints":{"allow":["GET"]}}],"collection":[{"href":"https:\/\/lead.uab.pt\/leadtalks\/wp-json\/wp\/v2\/pages"}],"about":[{"href":"https:\/\/lead.uab.pt\/leadtalks\/wp-json\/wp\/v2\/types\/page"}],"author":[{"embeddable":true,"href":"https:\/\/lead.uab.pt\/leadtalks\/wp-json\/wp\/v2\/users\/4"}],"replies":[{"embeddable":true,"href":"https:\/\/lead.uab.pt\/leadtalks\/wp-json\/wp\/v2\/comments?post=1994"}],"version-history":[{"count":5,"href":"https:\/\/lead.uab.pt\/leadtalks\/wp-json\/wp\/v2\/pages\/1994\/revisions"}],"predecessor-version":[{"id":2157,"href":"https:\/\/lead.uab.pt\/leadtalks\/wp-json\/wp\/v2\/pages\/1994\/revisions\/2157"}],"wp:attachment":[{"href":"https:\/\/lead.uab.pt\/leadtalks\/wp-json\/wp\/v2\/media?parent=1994"}],"curies":[{"name":"wp","href":"https:\/\/api.w.org\/{rel}","templated":true}]}}