{"id":2020,"date":"2023-06-04T08:12:48","date_gmt":"2023-06-04T07:12:48","guid":{"rendered":"https:\/\/lead.uab.pt\/leadtalks\/?page_id=2020"},"modified":"2025-01-10T09:03:14","modified_gmt":"2025-01-10T09:03:14","slug":"2020-2","status":"publish","type":"page","link":"https:\/\/lead.uab.pt\/leadtalks\/2020-2\/","title":{"rendered":"2020"},"content":{"rendered":"\n<p><\/p>\n\n\n\n<figure class=\"wp-block-table\"><table class=\"has-fixed-layout\"><tbody><tr><td><strong>Speakers<\/strong><\/td><td><strong>T\u00edtulo<\/strong><\/td><td><strong>Institui\u00e7\u00f5es <\/strong><\/td><td><strong>Data<\/strong><\/td><td><strong>Moderador<\/strong><\/td><td><strong>S\u00e9rie<\/strong><\/td><\/tr><tr><td>Sofia Castro Neves,  Nair Azevedo,  Vanessa Cunha<\/td><td><em>As Fam\u00edlias em tempo<br>de pandemia: realidades e desafios<\/em><\/td><td>CEMRI, UIED\/FCT\/UNL,<br>Instituto de Ci\u00eancias Sociais da Universidade de Lisboa<\/td><td>21 de abril 2020<\/td><td>Cla\u00fadia Neves<\/td><td><em>S\u00e9rie LE@D Talks na Pandemia<\/em><br>Sociedade em Tempo de Pandemia<\/td><\/tr><tr><td>Helena Freitas,<br>Joaquim Trov\u00e3o<\/td><td><em>Transi\u00e7\u00e3o Online de Emerg\u00eancia:<br>dos desafios \u00e0s oportunidades<\/em><\/td><td>Minist\u00e9rio da Educa\u00e7\u00e3o<\/td><td>23 abril 2020<\/td><td>Jos\u00e9 Ricardo Oliveira<\/td><td><em>S\u00e9rie LE@D Talks na Pandemia<\/em><br>Educa\u00e7\u00e3o em Tempo de Pandemia<\/td><\/tr><tr><td>Carla Magalh\u00e3es<br>Helena In\u00eas<\/td><td><em>A resposta a pessoas com<br>defici\u00eancia em tempo de pandemia<\/em><\/td><td>Associa\u00e7\u00e3o de Paralisia Cerebral de Braga. Minist\u00e9rio de Educa\u00e7\u00e3o<\/td><td>28 de abril<\/td><td>Filipa Seabra<\/td><td><em>S\u00e9rie LE@D Talks na Pandemia<\/em><br>Educa\u00e7\u00e3o em Tempo de Pandemia<\/td><\/tr><tr><td>Tito de Morais<br>L\u00edgia Azevedo<\/td><td><em>Ciber-Seguran\u00e7a: Fam\u00edlia e Escolas<\/em><\/td><td>Miudos Seguros Na.Net, Minist\u00e9rio de Educa\u00e7\u00e3o<\/td><td>30 abril 2020<\/td><td>Nuno Ricardo Oliveira<\/td><td><em>S\u00e9rie LE@D Talks na Pandemia<\/em><br>Sociedade em Tempo de Pandemia<\/td><\/tr><tr><td>Fernando Albuquerque,<br>M\u00aa Jo\u00e3o Loureiro<\/td><td><em>A avalia\u00e7\u00e3o digital no<br>Ensino Superior em<br>tempo de pandemia<\/em><\/td><td>Universidade de Lisboa, Universidade de Aveiro<\/td><td>30 abril 2020<\/td><td>Maria do Carmo Pinto<\/td><td><em>S\u00e9rie LE@D Talks na Pandemia<\/em><br>Educa\u00e7\u00e3o em Tempo de Pandemia<\/td><\/tr><tr><td><br>Jos\u00e9 Louren\u00e7o,<br>Ana Patr\u00edcia Almeida, <br>M\u00e1rio Santos<\/td><td><em>A a\u00e7\u00e3o dos Diretores Escolares nos Processos de transi\u00e7\u00e3o Digital<\/em><\/td><td>Minist\u00e9rio de Educa\u00e7\u00e3o, ESEC, Lisboa<\/td><td>5 de maio 2020<\/td><td>Claudia Neves<\/td><td><em>S\u00e9rie LE@D Talks na Pandemia<\/em><br>Educa\u00e7\u00e3o em Tempo de Pandemia<\/td><\/tr><tr><td>Torcato Ferreira, Manuel Borges, Filipe Sousa, Lu\u00eds Fernandes<\/td><td><em>Inclus\u00e3o e Desigualdades Digitais<\/em><\/td><td><\/td><td>7 de maio 2020<\/td><td>Lu\u00edsa Aires<\/td><td><em>S\u00e9rie LE@D Talks na Pandemia<\/em><br>Sociedade em Tempo de Pandemia<\/td><\/tr><tr><td>Anabela Coelho, Ana Rita Pereira<\/td><td>Covid-19 :<br>os desafios da Sa\u00fade P\u00fablica<\/td><td>Minist\u00e9rio da Sa\u00fade, <br>Escola Superior Enfermagem de Lisboa<\/td><td>14 de maio 2020<\/td><td>Renato Abreu<\/td><td><em>S\u00e9rie LE@D Talks na Pandemia<\/em><br>Sociedade em Tempo de Pandemia<\/td><\/tr><tr><td>Toni Maestro<br>Ana Reis<br>Sofia Dornellas<\/td><td><em>Programas de Inclus\u00e3o Digital<\/em> <em>em Tempos de COVID-19<\/em><\/td><td>Universidade de Deusto,<br>C\u00e2mara Municipal de Lisboa<\/td><td>25 maio 2020<\/td><td>Lu\u00edsa Aires.<br>Ricardo Palmeiro<\/td><td><em>S\u00e9rie LE@D Talks na Pandemia<\/em><br>Sociedade em Tempo de Pandemia<\/td><\/tr><tr><td>Renato Carvalho, Helena Miranda, Sandra Pedra, Filinto Lima<\/td><td><em>Viv\u00eancias de rofessores em processos de transi\u00e7\u00e3o digital<\/em><\/td><td>Secretaria Regional de Educa\u00e7\u00e3o, Ci\u00eancia e Tecnologia da Madeira, Agrupamento vertical de escolas Gon\u00e7alo Sampaio, Agrupamento de Escolas Dr. Costa Matos, Vila<br>Nova de Gaia<\/td><td>28 de maio 2020<\/td><td>Lu\u00edsa Aires<br>Claudia Neves, Filipa Seabra<\/td><td><em>S\u00e9rie LE@D Talks na Pandemia<\/em><br>Educa\u00e7\u00e3o em Tempos de Pandemia<\/td><\/tr><tr><td>Jo\u00e3o Mattar,<br>Cassio Santos<br><\/td><td><em>Compet\u00eancias Digitais em Educa\u00e7\u00e3o a Dist\u00e2ncia<\/em><\/td><td>ABED.<br>Universidade Lisboa<\/td><td>11 fevereiro 2020<\/td><td>Lina Morgado, Paulo Dias<\/td><td><\/td><\/tr><tr><td>Daniela Ramos, Priscilla Garone<br><\/td><td><em>Games na Educa\u00e7\u00e3o presencial e a dist\u00e2ncia<\/em><\/td><td>UNICAMP, <br>UFES<\/td><td>5 fevereiro<\/td><td>Lina Morgado. Antonieta Rocha<\/td><td><\/td><\/tr><\/tbody><\/table><\/figure>\n","protected":false},"excerpt":{"rendered":"SpeakersT\u00edtuloInstitui\u00e7\u00f5es DataModeradorS\u00e9rieSofia Castro Neves, Nair Azevedo, Vanessa CunhaAs Fam\u00edlias em tempode pandemia: realidades e desafiosCEMRI, UIED\/FCT\/UNL,Instituto de Ci\u00eancias Sociais da Universidade de Lisboa21 de abril 2020Cla\u00fadia NevesS\u00e9rie LE@D Talks na PandemiaSociedade em Tempo de PandemiaHelena Freitas,Joaquim Trov\u00e3oTransi\u00e7\u00e3o Online de Emerg\u00eancia:dos desafios \u00e0s oportunidadesMinist\u00e9rio da Educa\u00e7\u00e3o23 abril 2020Jos\u00e9 Ricardo OliveiraS\u00e9rie LE@D Talks na PandemiaEduca\u00e7\u00e3o em Tempo [&hellip;]","protected":false},"author":4,"featured_media":0,"parent":0,"menu_order":0,"comment_status":"closed","ping_status":"closed","template":"","meta":{"footnotes":""},"class_list":["post-2020","page","type-page","status-publish","hentry"],"_links":{"self":[{"href":"https:\/\/lead.uab.pt\/leadtalks\/wp-json\/wp\/v2\/pages\/2020","targetHints":{"allow":["GET"]}}],"collection":[{"href":"https:\/\/lead.uab.pt\/leadtalks\/wp-json\/wp\/v2\/pages"}],"about":[{"href":"https:\/\/lead.uab.pt\/leadtalks\/wp-json\/wp\/v2\/types\/page"}],"author":[{"embeddable":true,"href":"https:\/\/lead.uab.pt\/leadtalks\/wp-json\/wp\/v2\/users\/4"}],"replies":[{"embeddable":true,"href":"https:\/\/lead.uab.pt\/leadtalks\/wp-json\/wp\/v2\/comments?post=2020"}],"version-history":[{"count":11,"href":"https:\/\/lead.uab.pt\/leadtalks\/wp-json\/wp\/v2\/pages\/2020\/revisions"}],"predecessor-version":[{"id":2287,"href":"https:\/\/lead.uab.pt\/leadtalks\/wp-json\/wp\/v2\/pages\/2020\/revisions\/2287"}],"wp:attachment":[{"href":"https:\/\/lead.uab.pt\/leadtalks\/wp-json\/wp\/v2\/media?parent=2020"}],"curies":[{"name":"wp","href":"https:\/\/api.w.org\/{rel}","templated":true}]}}