{"id":2114,"date":"2023-06-05T18:22:35","date_gmt":"2023-06-05T17:22:35","guid":{"rendered":"https:\/\/lead.uab.pt\/leadtalks\/?page_id=2114"},"modified":"2023-06-07T17:52:42","modified_gmt":"2023-06-07T16:52:42","slug":"arquivo","status":"publish","type":"page","link":"https:\/\/lead.uab.pt\/leadtalks\/arquivo\/","title":{"rendered":"Arquivo"},"content":{"rendered":"\n<p>Em breve ficar\u00e1 dispon\u00edvel o Arquivo de LE@D Talks realizado entre 2010 -2019.<\/p>\n\n\n\n<p>Em constru\u00e7\u00e3o!<\/p>\n","protected":false},"excerpt":{"rendered":"Em breve ficar\u00e1 dispon\u00edvel o Arquivo de LE@D Talks realizado entre 2010 -2019. Em constru\u00e7\u00e3o!","protected":false},"author":4,"featured_media":0,"parent":0,"menu_order":0,"comment_status":"closed","ping_status":"closed","template":"","meta":{"footnotes":""},"class_list":["post-2114","page","type-page","status-publish","hentry"],"_links":{"self":[{"href":"https:\/\/lead.uab.pt\/leadtalks\/wp-json\/wp\/v2\/pages\/2114","targetHints":{"allow":["GET"]}}],"collection":[{"href":"https:\/\/lead.uab.pt\/leadtalks\/wp-json\/wp\/v2\/pages"}],"about":[{"href":"https:\/\/lead.uab.pt\/leadtalks\/wp-json\/wp\/v2\/types\/page"}],"author":[{"embeddable":true,"href":"https:\/\/lead.uab.pt\/leadtalks\/wp-json\/wp\/v2\/users\/4"}],"replies":[{"embeddable":true,"href":"https:\/\/lead.uab.pt\/leadtalks\/wp-json\/wp\/v2\/comments?post=2114"}],"version-history":[{"count":3,"href":"https:\/\/lead.uab.pt\/leadtalks\/wp-json\/wp\/v2\/pages\/2114\/revisions"}],"predecessor-version":[{"id":2161,"href":"https:\/\/lead.uab.pt\/leadtalks\/wp-json\/wp\/v2\/pages\/2114\/revisions\/2161"}],"wp:attachment":[{"href":"https:\/\/lead.uab.pt\/leadtalks\/wp-json\/wp\/v2\/media?parent=2114"}],"curies":[{"name":"wp","href":"https:\/\/api.w.org\/{rel}","templated":true}]}}