{"id":139,"date":"2022-10-19T22:41:51","date_gmt":"2022-10-19T22:41:51","guid":{"rendered":"https:\/\/sites.uab.pt\/congresso-humanidades\/?page_id=139"},"modified":"2025-01-06T13:48:01","modified_gmt":"2025-01-06T13:48:01","slug":"projeto","status":"publish","type":"page","link":"https:\/\/lead.uab.pt\/mov2ead\/","title":{"rendered":"Mov2EAD"},"content":{"rendered":"\n<h2 class=\"wp-block-heading\">O Projeto <\/h2>\n\n\n\n<div class=\"wp-block-columns is-layout-flex wp-container-core-columns-is-layout-1 wp-block-columns-is-layout-flex\">\n<div class=\"wp-block-column is-layout-flow wp-block-column-is-layout-flow\" style=\"flex-basis:60%\">\n<p><strong>Refer\u00eancia: PTIN\/UID4372-LE@D\/032020<\/strong><\/p>\n\n\n\n<p>Os anos da pandemia tiveram um forte impacto  na viv\u00eancia das institui\u00e7\u00f5es educativas em geral. No caso do ensino superior constitu\u00edram anos de mudan\u00e7a para toda a comunidade e em particular para os estudantes e professores  implicando uma transi\u00e7\u00e3o para o ensino remoto de emerg\u00eancia.<\/p>\n\n\n\n<p>Durante os per\u00edodos de confinamento, as institui\u00e7\u00f5es de ensino superior (IES) viveram situa\u00e7\u00f5es in\u00e9ditas que implicaram o encerramento de espa\u00e7os f\u00edsicos do campus e uma gigantesca perturba\u00e7\u00e3o, ao mesmo tempo que se procedia \u00e0 transi\u00e7\u00e3o para o ensino e aprendizagem em linha, a uma escala sem precedentes. De um modo geral, as respostas institucionais foram dadas com uma r\u00e1pida transi\u00e7\u00e3o para a aprendizagem digital de emerg\u00eancia, naquilo que Zimmerman (2020) classificou como a &#8220;Grande Experi\u00eancia de Aprendizagem Online&#8221; e Wu (2020) definiu como um teste de agilidade organizacional, que evidenciou a resili\u00eancia dos actores e das organiza\u00e7\u00f5es educativas envolvidas.<\/p>\n\n\n\n<p>Embora tenha havido pouco tempo para planear ou estruturar adequadamente o que estava a ser implementado, verificou-se um forte n\u00edvel de inova\u00e7\u00e3o em todas as pr\u00e1ticas. O facto de o corpo docente estar pouco preparado para enfrentar o ensino e a aprendizagem digitais, bem como a grande oportunidade suscitada pela pandemia, deu origem a v\u00e1rios estudos para compreender o impacto desta situa\u00e7\u00e3o pand\u00e9mica na educa\u00e7\u00e3o. Por exemplo, Crawford, et al. (2020) analisaram o tipo e a velocidade das respostas dadas no ensino superior, atrav\u00e9s de uma meta-an\u00e1lise efectuada em 20 pa\u00edses, particularmente durante o primeiro confinamento. Centraram-se principalmente na forma como os conte\u00fados foram transferidos para o ambiente em linha sem uma pedagogia adequada adaptada ao ensino e \u00e0 aprendizagem em linha. Assim, \u00e9 importante destacar o facto de o quadro ser o que autores como Murphy (2020) chamam de &#8220;eLearning de emerg\u00eancia&#8221; ou Ensino Remoto de Emerg\u00eancia (ERT), uma mudan\u00e7a tempor\u00e1ria do ensino para um modo de ensino alternativo devido a circunst\u00e2ncias de crise. Envolve a utiliza\u00e7\u00e3o de solu\u00e7\u00f5es de ensino totalmente remotas para instru\u00e7\u00e3o ou educa\u00e7\u00e3o que, de outra forma, seriam ministradas presencialmente ou como cursos mistos ou h\u00edbridos e que voltar\u00e3o a esse formato assim que a crise ou emerg\u00eancia tiver diminu\u00eddo. O principal objectivo nestas circunst\u00e2ncias n\u00e3o \u00e9 recriar um ecossistema educativo robusto, mas sim proporcionar um acesso tempor\u00e1rio \u00e0 instru\u00e7\u00e3o e ao apoio \u00e0 instru\u00e7\u00e3o de uma forma r\u00e1pida e fi\u00e1vel durante uma emerg\u00eancia ou crise (Hodges et al., 2020, p. 3).<\/p>\n\n\n\n<p>Toda esta situa\u00e7\u00e3o trouxe o ensino \u00e0 dist\u00e2ncia para a ribalta, introduzindo fortes reflex\u00f5es e inevit\u00e1veis compara\u00e7\u00f5es. De acordo com Bozkurt e Sharma (2020), a distin\u00e7\u00e3o feita entre ERT e educa\u00e7\u00e3o \u00e0 dist\u00e2ncia determina &#8220;o grau em que os educadores acreditam na educa\u00e7\u00e3o \u00e0 dist\u00e2ncia nos dias de hoje desempenhar\u00e1 um papel significativo na prosperidade da educa\u00e7\u00e3o \u00e0 dist\u00e2ncia num mundo p\u00f3s-COVID&#8221; (p. 2).<\/p>\n\n\n\n<p>Embora a inova\u00e7\u00e3o tenha sido uma caracter\u00edstica positiva observada durante a transi\u00e7\u00e3o para o ERT durante este per\u00edodo, alguns aspectos foram notados como devendo ser melhorados, tais como a centralidade das estrat\u00e9gias de ensino que permanecem no corpo docente, uma especificidade do ensino presencial, no entanto inadequada.<\/p>\n\n\n\n<p><strong>Refer\u00eancia do Projeto<\/strong>: PTIN\/UID4372-LE@D\/032020 &#8211; Project Emergency Teaching &amp; Digital Transformation in Higher Education. <br><\/p>\n\n\n\n<p>.<\/p>\n<\/div>\n\n\n\n<div class=\"wp-block-column is-layout-flow wp-block-column-is-layout-flow\" style=\"flex-basis:20px\"><\/div>\n\n\n\n<div class=\"wp-block-column is-layout-flow wp-block-column-is-layout-flow\">\n<figure class=\"wp-block-gallery has-nested-images columns-default is-cropped wp-block-gallery-1 is-layout-flex wp-block-gallery-is-layout-flex\">\n<figure class=\"wp-block-image size-large\"><img loading=\"lazy\" decoding=\"async\" width=\"1024\" height=\"643\" src=\"https:\/\/lead.uab.pt\/mov2ead\/wp-content\/uploads\/sites\/14\/2025\/01\/CUE_coronavirus_onlinelearning002-1024x643.webp\" alt=\"\" class=\"wp-image-2412\" srcset=\"https:\/\/lead.uab.pt\/mov2ead\/wp-content\/uploads\/sites\/14\/2025\/01\/CUE_coronavirus_onlinelearning002-1024x643.webp 1024w, https:\/\/lead.uab.pt\/mov2ead\/wp-content\/uploads\/sites\/14\/2025\/01\/CUE_coronavirus_onlinelearning002-300x188.webp 300w, https:\/\/lead.uab.pt\/mov2ead\/wp-content\/uploads\/sites\/14\/2025\/01\/CUE_coronavirus_onlinelearning002-768x482.webp 768w, https:\/\/lead.uab.pt\/mov2ead\/wp-content\/uploads\/sites\/14\/2025\/01\/CUE_coronavirus_onlinelearning002-1536x965.webp 1536w, https:\/\/lead.uab.pt\/mov2ead\/wp-content\/uploads\/sites\/14\/2025\/01\/CUE_coronavirus_onlinelearning002.webp 2048w\" sizes=\"auto, (max-width: 1024px) 100vw, 1024px\" \/><\/figure>\n\n\n\n<figure class=\"wp-block-image size-large\"><img loading=\"lazy\" decoding=\"async\" width=\"1000\" height=\"667\" src=\"https:\/\/lead.uab.pt\/mov2ead\/wp-content\/uploads\/sites\/14\/2025\/01\/EAD22.jpg\" alt=\"\" class=\"wp-image-2414\" srcset=\"https:\/\/lead.uab.pt\/mov2ead\/wp-content\/uploads\/sites\/14\/2025\/01\/EAD22.jpg 1000w, https:\/\/lead.uab.pt\/mov2ead\/wp-content\/uploads\/sites\/14\/2025\/01\/EAD22-300x200.jpg 300w, https:\/\/lead.uab.pt\/mov2ead\/wp-content\/uploads\/sites\/14\/2025\/01\/EAD22-768x512.jpg 768w\" sizes=\"auto, (max-width: 1000px) 100vw, 1000px\" \/><\/figure>\n\n\n\n<figure class=\"wp-block-image size-large\"><img loading=\"lazy\" decoding=\"async\" width=\"906\" height=\"509\" src=\"https:\/\/lead.uab.pt\/mov2ead\/wp-content\/uploads\/sites\/14\/2025\/01\/fotopg-1.jpg\" alt=\"\" class=\"wp-image-2413\" srcset=\"https:\/\/lead.uab.pt\/mov2ead\/wp-content\/uploads\/sites\/14\/2025\/01\/fotopg-1.jpg 906w, https:\/\/lead.uab.pt\/mov2ead\/wp-content\/uploads\/sites\/14\/2025\/01\/fotopg-1-300x169.jpg 300w, https:\/\/lead.uab.pt\/mov2ead\/wp-content\/uploads\/sites\/14\/2025\/01\/fotopg-1-768x431.jpg 768w\" sizes=\"auto, (max-width: 906px) 100vw, 906px\" \/><\/figure>\n\n\n\n<figure class=\"wp-block-image size-large\"><img loading=\"lazy\" decoding=\"async\" width=\"960\" height=\"640\" src=\"https:\/\/lead.uab.pt\/mov2ead\/wp-content\/uploads\/sites\/14\/2025\/01\/IIAHICAJOZDLTB46REKLSLZK5M-1.jpg\" alt=\"\" class=\"wp-image-2416\" srcset=\"https:\/\/lead.uab.pt\/mov2ead\/wp-content\/uploads\/sites\/14\/2025\/01\/IIAHICAJOZDLTB46REKLSLZK5M-1.jpg 960w, https:\/\/lead.uab.pt\/mov2ead\/wp-content\/uploads\/sites\/14\/2025\/01\/IIAHICAJOZDLTB46REKLSLZK5M-1-300x200.jpg 300w, https:\/\/lead.uab.pt\/mov2ead\/wp-content\/uploads\/sites\/14\/2025\/01\/IIAHICAJOZDLTB46REKLSLZK5M-1-768x512.jpg 768w\" sizes=\"auto, (max-width: 960px) 100vw, 960px\" \/><\/figure>\n\n\n\n<figure class=\"wp-block-image size-large\"><img loading=\"lazy\" decoding=\"async\" width=\"655\" height=\"687\" src=\"https:\/\/lead.uab.pt\/mov2ead\/wp-content\/uploads\/sites\/14\/2025\/01\/LE@D_imagem_ID_Project.png\" alt=\"\" class=\"wp-image-2415\" srcset=\"https:\/\/lead.uab.pt\/mov2ead\/wp-content\/uploads\/sites\/14\/2025\/01\/LE@D_imagem_ID_Project.png 655w, https:\/\/lead.uab.pt\/mov2ead\/wp-content\/uploads\/sites\/14\/2025\/01\/LE@D_imagem_ID_Project-286x300.png 286w\" sizes=\"auto, (max-width: 655px) 100vw, 655px\" \/><\/figure>\n\n\n\n<figure class=\"wp-block-image size-large\"><img loading=\"lazy\" decoding=\"async\" width=\"1024\" height=\"520\" src=\"https:\/\/lead.uab.pt\/mov2ead\/wp-content\/uploads\/sites\/14\/2025\/01\/Zoom-large-meeting-1-1024x520.png\" alt=\"\" class=\"wp-image-2417\" srcset=\"https:\/\/lead.uab.pt\/mov2ead\/wp-content\/uploads\/sites\/14\/2025\/01\/Zoom-large-meeting-1-1024x520.png 1024w, https:\/\/lead.uab.pt\/mov2ead\/wp-content\/uploads\/sites\/14\/2025\/01\/Zoom-large-meeting-1-300x152.png 300w, https:\/\/lead.uab.pt\/mov2ead\/wp-content\/uploads\/sites\/14\/2025\/01\/Zoom-large-meeting-1-768x390.png 768w, https:\/\/lead.uab.pt\/mov2ead\/wp-content\/uploads\/sites\/14\/2025\/01\/Zoom-large-meeting-1.png 1198w\" sizes=\"auto, (max-width: 1024px) 100vw, 1024px\" \/><\/figure>\n<\/figure>\n<\/div>\n<\/div>\n","protected":false},"excerpt":{"rendered":"O Projeto Refer\u00eancia: PTIN\/UID4372-LE@D\/032020 Os anos da pandemia tiveram um forte impacto na viv\u00eancia das institui\u00e7\u00f5es educativas em geral. No caso do ensino superior constitu\u00edram anos de mudan\u00e7a para toda a comunidade e em particular para os estudantes e professores implicando uma transi\u00e7\u00e3o para o ensino remoto de emerg\u00eancia. Durante os per\u00edodos de confinamento, as [&hellip;]","protected":false},"author":1,"featured_media":0,"parent":0,"menu_order":10,"comment_status":"closed","ping_status":"closed","template":"","meta":{"footnotes":""},"class_list":["post-139","page","type-page","status-publish","hentry"],"_links":{"self":[{"href":"https:\/\/lead.uab.pt\/mov2ead\/wp-json\/wp\/v2\/pages\/139","targetHints":{"allow":["GET"]}}],"collection":[{"href":"https:\/\/lead.uab.pt\/mov2ead\/wp-json\/wp\/v2\/pages"}],"about":[{"href":"https:\/\/lead.uab.pt\/mov2ead\/wp-json\/wp\/v2\/types\/page"}],"author":[{"embeddable":true,"href":"https:\/\/lead.uab.pt\/mov2ead\/wp-json\/wp\/v2\/users\/1"}],"replies":[{"embeddable":true,"href":"https:\/\/lead.uab.pt\/mov2ead\/wp-json\/wp\/v2\/comments?post=139"}],"version-history":[{"count":10,"href":"https:\/\/lead.uab.pt\/mov2ead\/wp-json\/wp\/v2\/pages\/139\/revisions"}],"predecessor-version":[{"id":2420,"href":"https:\/\/lead.uab.pt\/mov2ead\/wp-json\/wp\/v2\/pages\/139\/revisions\/2420"}],"wp:attachment":[{"href":"https:\/\/lead.uab.pt\/mov2ead\/wp-json\/wp\/v2\/media?parent=139"}],"curies":[{"name":"wp","href":"https:\/\/api.w.org\/{rel}","templated":true}]}}