{"id":142,"date":"2022-10-19T22:42:28","date_gmt":"2022-10-19T22:42:28","guid":{"rendered":"https:\/\/sites.uab.pt\/congresso-humanidades\/?page_id=142"},"modified":"2024-12-22T23:17:46","modified_gmt":"2024-12-22T23:17:46","slug":"equipa","status":"publish","type":"page","link":"https:\/\/lead.uab.pt\/mov2ead\/equipa\/","title":{"rendered":"Equipa"},"content":{"rendered":"\n<h3 class=\"wp-block-heading\"><strong>Equipa Coordenadora<\/strong><\/h3>\n\n\n\n<div style=\"height:25px\" aria-hidden=\"true\" class=\"wp-block-spacer\"><\/div>\n\n\n\n\n\n    <div class=\"\">\n        <ul class=\"elements row list-unstyled justify-content-center\">\n            \t\t\t\t<li class=\"flex-row col-12 col-lg-12 element-horizontal-view d-flex align-items-center element py-3\">\n\t\t\t\t\t<a href=\"https:\/\/lead.uab.pt\/mov2ead\/conhecer\/ana-paiva\/\"  class=\"d-flex flex-column flex-lg-row align-items-center text-decoration-none\" title=\"Saber mais sobre Ana Paiva\">\n\t\t\t\t\t\t\t\t\t\t\t\t\t\t\t\t\t\t<div class=\"entry-thumbnail-wrapper-bg\"><div class=\"entry-thumbnail-wrapper\"><img decoding=\"async\" src=\"https:\/\/lead.uab.pt\/mov2ead\/wp-content\/uploads\/sites\/14\/2022\/10\/amvpaivavs.jpg\" width=\"200\" height=\"200\" class=\"attachment-news-list-thumbnails-size size-news-list-thumbnails-size block entry-thumbnail img-fluid\" alt=\"\" srcset=\"https:\/\/lead.uab.pt\/mov2ead\/wp-content\/uploads\/sites\/14\/2022\/10\/amvpaivavs.jpg 200w, https:\/\/lead.uab.pt\/mov2ead\/wp-content\/uploads\/sites\/14\/2022\/10\/amvpaivavs-150x150.jpg 150w\" sizes=\"auto, (max-width: 200px) 100vw, 200px\"  loading=\"lazy\"><\/div><\/div>\n\t\t\t\t\t\t\n\t\t\t\t\t\t<div class=\"element-info\">\n\t\t\t\t\t\t\t<div class=\"title\">Ana Paiva<\/div>\n\t\t\t\t\t\t\t\n\t\t\t\t\t\t\t\t\t\t\t\t\t\t\t\t\t\t\t\t\t\t<dl class=\"affiliation-wrapper\"><dt class=\"affiliation-label visually-hidden\">Afilia\u00e7\u00e3o: <\/dt><dd class=\"affiliation-value\">Universidade do Algarve<\/dd><\/dl>\n\t\t\t\t\t\t\t\n\t\t\t\t\t\t\t\t\t\t\t\t\t\t<div class=\"entry-bio\">Vice-Coordenadora do Projeto<\/div>\t\t\t\t\t\t\t\t\t\t\t\t\t<\/div>\n\t\t\t\t\t<\/a>\n\t\t\t\t<\/li>\n            \t\t\t\t<li class=\"flex-row col-12 col-lg-12 element-horizontal-view d-flex align-items-center element py-3\">\n\t\t\t\t\t<a href=\"https:\/\/lead.uab.pt\/mov2ead\/conhecer\/joao-paz\/\"  class=\"d-flex flex-column flex-lg-row align-items-center text-decoration-none\" title=\"Saber mais sobre Jo\u00e3o Paz\">\n\t\t\t\t\t\t\t\t\t\t\t\t\t\t\t\t\t\t<div class=\"entry-thumbnail-wrapper-bg\"><div class=\"entry-thumbnail-wrapper\"><img decoding=\"async\" src=\"https:\/\/lead.uab.pt\/mov2ead\/wp-content\/uploads\/sites\/14\/2022\/10\/JoaoPazOF.jpg\" width=\"152\" height=\"122\" class=\"attachment-news-list-thumbnails-size size-news-list-thumbnails-size block entry-thumbnail img-fluid\" alt=\"\"  loading=\"lazy\"><\/div><\/div>\n\t\t\t\t\t\t\n\t\t\t\t\t\t<div class=\"element-info\">\n\t\t\t\t\t\t\t<div class=\"title\">Jo\u00e3o Paz<\/div>\n\t\t\t\t\t\t\t\n\t\t\t\t\t\t\t\t\t\t\t\t\t\t\t\t\t\t\t\t\t\t<dl class=\"affiliation-wrapper\"><dt class=\"affiliation-label visually-hidden\">Afilia\u00e7\u00e3o: <\/dt><dd class=\"affiliation-value\">LE@D, Universidade Aberta, Universidade Aberta<\/dd><\/dl>\n\t\t\t\t\t\t\t\n\t\t\t\t\t\t\t\t\t\t\t\t\t\t<div class=\"entry-bio\">Vice-Coordenador  do Projeto.\n\n<\/div>\t\t\t\t\t\t\t\t\t\t\t\t\t<\/div>\n\t\t\t\t\t<\/a>\n\t\t\t\t<\/li>\n            \t\t\t\t<li class=\"flex-row col-12 col-lg-12 element-horizontal-view d-flex align-items-center element py-3\">\n\t\t\t\t\t<a href=\"https:\/\/lead.uab.pt\/mov2ead\/conhecer\/maria-antonieta-rocha\/\"  class=\"d-flex flex-column flex-lg-row align-items-center text-decoration-none\" title=\"Saber mais sobre Maria Antonieta Rocha\">\n\t\t\t\t\t\t\t\t\t\t\t\t\t\t\t\t\t\t<div class=\"entry-thumbnail-wrapper-bg\"><div class=\"entry-thumbnail-wrapper\"><img decoding=\"async\" src=\"https:\/\/lead.uab.pt\/mov2ead\/wp-content\/uploads\/sites\/14\/2024\/12\/antonietarocha.jpg\" width=\"218\" height=\"247\" class=\"attachment-news-list-thumbnails-size size-news-list-thumbnails-size block entry-thumbnail img-fluid\" alt=\"\"  loading=\"lazy\"><\/div><\/div>\n\t\t\t\t\t\t\n\t\t\t\t\t\t<div class=\"element-info\">\n\t\t\t\t\t\t\t<div class=\"title\">Maria Antonieta Rocha<\/div>\n\t\t\t\t\t\t\t\n\t\t\t\t\t\t\t\t\t\t\t\t\t\t\t\t\t\t\t\t\t\t<dl class=\"affiliation-wrapper\"><dt class=\"affiliation-label visually-hidden\">Afilia\u00e7\u00e3o: <\/dt><dd class=\"affiliation-value\">Agrupamento de Escolas E\u00e7a de Queir\u00f3s, LE@D, Universidade Aberta<\/dd><\/dl>\n\t\t\t\t\t\t\t\n\t\t\t\t\t\t\t\t\t\t\t\t\t<\/div>\n\t\t\t\t\t<\/a>\n\t\t\t\t<\/li>\n            \t\t\t\t<li class=\"flex-row col-12 col-lg-12 element-horizontal-view d-flex align-items-center element py-3\">\n\t\t\t\t\t<a href=\"https:\/\/lead.uab.pt\/mov2ead\/conhecer\/maria-joao-spilker\/\"  class=\"d-flex flex-column flex-lg-row align-items-center text-decoration-none\" title=\"Saber mais sobre Maria Jo\u00e3o Spilker\">\n\t\t\t\t\t\t\t\t\t\t\t\t\t\t\t\t\t\t<div class=\"entry-thumbnail-wrapper-bg\"><div class=\"entry-thumbnail-wrapper\"><img decoding=\"async\" src=\"https:\/\/lead.uab.pt\/mov2ead\/wp-content\/uploads\/sites\/14\/2024\/12\/mjspilkervs.jpg\" width=\"124\" height=\"166\" class=\"attachment-news-list-thumbnails-size size-news-list-thumbnails-size block entry-thumbnail img-fluid\" alt=\"\"  loading=\"lazy\"><\/div><\/div>\n\t\t\t\t\t\t\n\t\t\t\t\t\t<div class=\"element-info\">\n\t\t\t\t\t\t\t<div class=\"title\">Maria Jo\u00e3o Spilker<\/div>\n\t\t\t\t\t\t\t\n\t\t\t\t\t\t\t\t\t\t\t\t\t\t\t\t\t\t\t\t\t\t<dl class=\"affiliation-wrapper\"><dt class=\"affiliation-label visually-hidden\">Afilia\u00e7\u00e3o: <\/dt><dd class=\"affiliation-value\">Universidade Aberta<\/dd><\/dl>\n\t\t\t\t\t\t\t\n\t\t\t\t\t\t\t\t\t\t\t\t\t<\/div>\n\t\t\t\t\t<\/a>\n\t\t\t\t<\/li>\n                    <\/ul>\n    <\/div>\n    <div class=\"clearfix\"><\/div>\n\n\n\n<hr class=\"wp-block-separator has-alpha-channel-opacity is-style-wide\"\/>\n\n\n\n<h2 class=\"wp-block-heading\">Equipa II<\/h2>\n\n\n\n<div style=\"height:25px\" aria-hidden=\"true\" class=\"wp-block-spacer\"><\/div>\n\n\n\n        \n\n    <div class=\"\">\n        <ul class=\"elements row list-unstyled justify-content-center\">\n            \t\t\t\t<li class=\" flex-column col-12 col-lg-6  d-flex align-items-center element py-3\">\n\t\t\t\t\t<a href=\"https:\/\/lead.uab.pt\/mov2ead\/conhecer\/ana-afonso\/\"  class=\"d-flex flex-column align-items-center text-decoration-none\" title=\"Saber mais sobre Ana Afonso\">\n\t\t\t\t\t\t\t\t\t\t\t\t\t\t\t\t\t\t<div class=\"entry-thumbnail-wrapper-bg\"><div class=\"entry-thumbnail-wrapper\"><img decoding=\"async\" src=\"https:\/\/lead.uab.pt\/mov2ead\/wp-content\/uploads\/sites\/14\/2024\/12\/apafonsovs.jpg\" width=\"256\" height=\"256\" class=\"attachment-news-list-thumbnails-size size-news-list-thumbnails-size block entry-thumbnail img-fluid\" alt=\"\" srcset=\"https:\/\/lead.uab.pt\/mov2ead\/wp-content\/uploads\/sites\/14\/2024\/12\/apafonsovs.jpg 256w, https:\/\/lead.uab.pt\/mov2ead\/wp-content\/uploads\/sites\/14\/2024\/12\/apafonsovs-150x150.jpg 150w\" sizes=\"auto, (max-width: 256px) 100vw, 256px\"  loading=\"lazy\"><\/div><\/div>\n\t\t\t\t\t\t\n\t\t\t\t\t\t<div class=\"element-info\">\n\t\t\t\t\t\t\t<div class=\"title\">Ana Afonso<\/div>\n\t\t\t\t\t\t\t\n\t\t\t\t\t\t\t\t\t\t\t\t\t\t\t\t\t\t\t\t\t\t<dl class=\"affiliation-wrapper\"><dt class=\"affiliation-label visually-hidden\">Afilia\u00e7\u00e3o: <\/dt><dd class=\"affiliation-value\">CISUC, Universidade de Coimbra, LE@D, Universidade Aberta, Universidade Aberta<\/dd><\/dl>\n\t\t\t\t\t\t\t\n\t\t\t\t\t\t\t\t\t\t\t\t\t<\/div>\n\t\t\t\t\t<\/a>\n\t\t\t\t<\/li>\n            \t\t\t\t<li class=\" flex-column col-12 col-lg-6  d-flex align-items-center element py-3\">\n\t\t\t\t\t<a href=\"https:\/\/lead.uab.pt\/mov2ead\/conhecer\/ana-loureiro\/\"  class=\"d-flex flex-column align-items-center text-decoration-none\" title=\"Saber mais sobre Ana Loureiro\">\n\t\t\t\t\t\t\t\t\t\t\t\t\t\t\t\t\t\t<div class=\"entry-thumbnail-wrapper-bg\"><div class=\"entry-thumbnail-wrapper\"><img decoding=\"async\" src=\"https:\/\/lead.uab.pt\/mov2ead\/wp-content\/uploads\/sites\/14\/2022\/10\/acloureirovs.jpg\" width=\"123\" height=\"123\" class=\"attachment-news-list-thumbnails-size size-news-list-thumbnails-size block entry-thumbnail img-fluid\" alt=\"\"  loading=\"lazy\"><\/div><\/div>\n\t\t\t\t\t\t\n\t\t\t\t\t\t<div class=\"element-info\">\n\t\t\t\t\t\t\t<div class=\"title\">Ana Loureiro<\/div>\n\t\t\t\t\t\t\t\n\t\t\t\t\t\t\t\t\t\t\t\t\t\t\t\t\t\t\t\t\t\t<dl class=\"affiliation-wrapper\"><dt class=\"affiliation-label visually-hidden\">Afilia\u00e7\u00e3o: <\/dt><dd class=\"affiliation-value\">Centro de Investiga\u00e7\u00e3o em Qualidade de Vida, IPSantar\u00e9m, Instituto Polit\u00e9cnico de Santar\u00e9m, LE@D, Universidade Aberta<\/dd><\/dl>\n\t\t\t\t\t\t\t\n\t\t\t\t\t\t\t\t\t\t\t\t\t<\/div>\n\t\t\t\t\t<\/a>\n\t\t\t\t<\/li>\n            \t\t\t\t<li class=\" flex-column col-12 col-lg-6  d-flex align-items-center element py-3\">\n\t\t\t\t\t<a href=\"https:\/\/lead.uab.pt\/mov2ead\/conhecer\/ana-runa\/\"  class=\"d-flex flex-column align-items-center text-decoration-none\" title=\"Saber mais sobre Ana Runa\">\n\t\t\t\t\t\t\t\t\t\t\t\t\t\t\t\t\t\t<div class=\"entry-thumbnail-wrapper-bg\"><div class=\"entry-thumbnail-wrapper\"><img decoding=\"async\" src=\"https:\/\/lead.uab.pt\/mov2ead\/wp-content\/uploads\/sites\/14\/2022\/10\/arunavs.jpg\" width=\"512\" height=\"512\" class=\"attachment-news-list-thumbnails-size size-news-list-thumbnails-size block entry-thumbnail img-fluid\" alt=\"\" srcset=\"https:\/\/lead.uab.pt\/mov2ead\/wp-content\/uploads\/sites\/14\/2022\/10\/arunavs.jpg 512w, https:\/\/lead.uab.pt\/mov2ead\/wp-content\/uploads\/sites\/14\/2022\/10\/arunavs-300x300.jpg 300w, https:\/\/lead.uab.pt\/mov2ead\/wp-content\/uploads\/sites\/14\/2022\/10\/arunavs-150x150.jpg 150w\" sizes=\"auto, (max-width: 512px) 100vw, 512px\"  loading=\"lazy\"><\/div><\/div>\n\t\t\t\t\t\t\n\t\t\t\t\t\t<div class=\"element-info\">\n\t\t\t\t\t\t\t<div class=\"title\">Ana Runa<\/div>\n\t\t\t\t\t\t\t\n\t\t\t\t\t\t\t\t\t\t\t\t\t\t\t\t\t\t\t\t\t\t<dl class=\"affiliation-wrapper\"><dt class=\"affiliation-label visually-hidden\">Afilia\u00e7\u00e3o: <\/dt><dd class=\"affiliation-value\">Instituto Superior de Educa\u00e7\u00e3o e Ci\u00eancias de Lisboa (ISEC), LE@D, Universidade Aberta<\/dd><\/dl>\n\t\t\t\t\t\t\t\n\t\t\t\t\t\t\t\t\t\t\t\t\t\t<div class=\"entry-bio\">Membro da Equipa de Investiga\u00e7\u00e3o<\/div>\t\t\t\t\t\t\t\t\t\t\t\t\t<\/div>\n\t\t\t\t\t<\/a>\n\t\t\t\t<\/li>\n            \t\t\t\t<li class=\" flex-column col-12 col-lg-6  d-flex align-items-center element py-3\">\n\t\t\t\t\t<a href=\"https:\/\/lead.uab.pt\/mov2ead\/conhecer\/carlos-seco-silva\/\"  class=\"d-flex flex-column align-items-center text-decoration-none\" title=\"Saber mais sobre Carlos Seco Silva\">\n\t\t\t\t\t\t\t\t\t\t\t\t\t\t\t\t\t\t<div class=\"entry-thumbnail-wrapper-bg\"><div class=\"entry-thumbnail-wrapper\"><img decoding=\"async\" src=\"https:\/\/lead.uab.pt\/mov2ead\/wp-content\/uploads\/sites\/14\/2022\/10\/carlos-seco.jpg\" width=\"200\" height=\"200\" class=\"attachment-news-list-thumbnails-size size-news-list-thumbnails-size block entry-thumbnail img-fluid\" alt=\"\" srcset=\"https:\/\/lead.uab.pt\/mov2ead\/wp-content\/uploads\/sites\/14\/2022\/10\/carlos-seco.jpg 200w, https:\/\/lead.uab.pt\/mov2ead\/wp-content\/uploads\/sites\/14\/2022\/10\/carlos-seco-150x150.jpg 150w\" sizes=\"auto, (max-width: 200px) 100vw, 200px\"  loading=\"lazy\"><\/div><\/div>\n\t\t\t\t\t\t\n\t\t\t\t\t\t<div class=\"element-info\">\n\t\t\t\t\t\t\t<div class=\"title\">Carlos Seco Silva<\/div>\n\t\t\t\t\t\t\t\n\t\t\t\t\t\t\t\t\t\t\t\t\t\t\t\t\t\t\t\t\t\t<dl class=\"affiliation-wrapper\"><dt class=\"affiliation-label visually-hidden\">Afilia\u00e7\u00e3o: <\/dt><dd class=\"affiliation-value\">Instituto Piaget, LE@D, Universidade Aberta, Universidade de Lisboa<\/dd><\/dl>\n\t\t\t\t\t\t\t\n\t\t\t\t\t\t\t\t\t\t\t\t\t\t<div class=\"entry-bio\">Membro da Equipa do Projeto<\/div>\t\t\t\t\t\t\t\t\t\t\t\t\t<\/div>\n\t\t\t\t\t<\/a>\n\t\t\t\t<\/li>\n            \t\t\t\t<li class=\" flex-column col-12 col-lg-6  d-flex align-items-center element py-3\">\n\t\t\t\t\t<a href=\"https:\/\/lead.uab.pt\/mov2ead\/conhecer\/elizabete-mendes\/\"  class=\"d-flex flex-column align-items-center text-decoration-none\" title=\"Saber mais sobre Elizabete Mendes\">\n\t\t\t\t\t\t\t\t\t\t\t\t\t\t\t\t\t\t<div class=\"entry-thumbnail-wrapper-bg\"><div class=\"entry-thumbnail-wrapper\"><img decoding=\"async\" src=\"https:\/\/lead.uab.pt\/mov2ead\/wp-content\/uploads\/sites\/14\/2022\/10\/Elizabete.jpg\" width=\"400\" height=\"400\" class=\"attachment-news-list-thumbnails-size size-news-list-thumbnails-size block entry-thumbnail img-fluid\" alt=\"\" srcset=\"https:\/\/lead.uab.pt\/mov2ead\/wp-content\/uploads\/sites\/14\/2022\/10\/Elizabete.jpg 400w, https:\/\/lead.uab.pt\/mov2ead\/wp-content\/uploads\/sites\/14\/2022\/10\/Elizabete-300x300.jpg 300w, https:\/\/lead.uab.pt\/mov2ead\/wp-content\/uploads\/sites\/14\/2022\/10\/Elizabete-150x150.jpg 150w\" sizes=\"auto, (max-width: 400px) 100vw, 400px\"  loading=\"lazy\"><\/div><\/div>\n\t\t\t\t\t\t\n\t\t\t\t\t\t<div class=\"element-info\">\n\t\t\t\t\t\t\t<div class=\"title\">Elizabete Mendes<\/div>\n\t\t\t\t\t\t\t\n\t\t\t\t\t\t\t\t\t\t\t\t\t\t\t\t\t\t\t\t\t\t<dl class=\"affiliation-wrapper\"><dt class=\"affiliation-label visually-hidden\">Afilia\u00e7\u00e3o: <\/dt><dd class=\"affiliation-value\">Universidade Aberta<\/dd><\/dl>\n\t\t\t\t\t\t\t\n\t\t\t\t\t\t\t\t\t\t\t\t\t\t<div class=\"entry-bio\">Membro da equipa de investiga\u00e7\u00e3o<\/div>\t\t\t\t\t\t\t\t\t\t\t\t\t<\/div>\n\t\t\t\t\t<\/a>\n\t\t\t\t<\/li>\n            \t\t\t\t<li class=\" flex-column col-12 col-lg-6  d-flex align-items-center element py-3\">\n\t\t\t\t\t<a href=\"https:\/\/lead.uab.pt\/mov2ead\/conhecer\/hugo-pereira\/\"  class=\"d-flex flex-column align-items-center text-decoration-none\" title=\"Saber mais sobre Hugo Pereira\">\n\t\t\t\t\t\t\t\t\t\t\t\t\t\t\t\t\t\t<div class=\"entry-thumbnail-wrapper-bg\"><div class=\"entry-thumbnail-wrapper\"><img decoding=\"async\" src=\"https:\/\/lead.uab.pt\/mov2ead\/wp-content\/uploads\/sites\/14\/2023\/06\/Hugo-Pereira-21.jpg\" width=\"512\" height=\"512\" class=\"attachment-news-list-thumbnails-size size-news-list-thumbnails-size block entry-thumbnail img-fluid\" alt=\"\" srcset=\"https:\/\/lead.uab.pt\/mov2ead\/wp-content\/uploads\/sites\/14\/2023\/06\/Hugo-Pereira-21.jpg 512w, https:\/\/lead.uab.pt\/mov2ead\/wp-content\/uploads\/sites\/14\/2023\/06\/Hugo-Pereira-21-300x300.jpg 300w, https:\/\/lead.uab.pt\/mov2ead\/wp-content\/uploads\/sites\/14\/2023\/06\/Hugo-Pereira-21-150x150.jpg 150w\" sizes=\"auto, (max-width: 512px) 100vw, 512px\"  loading=\"lazy\"><\/div><\/div>\n\t\t\t\t\t\t\n\t\t\t\t\t\t<div class=\"element-info\">\n\t\t\t\t\t\t\t<div class=\"title\">Hugo Pereira<\/div>\n\t\t\t\t\t\t\t\n\t\t\t\t\t\t\t\t\t\t\t\t\t\t\t\t\t\t\t\t\t\t<dl class=\"affiliation-wrapper\"><dt class=\"affiliation-label visually-hidden\">Afilia\u00e7\u00e3o: <\/dt><dd class=\"affiliation-value\">Universidade Aberta, Universidade Lus\u00f5fona<\/dd><\/dl>\n\t\t\t\t\t\t\t\n\t\t\t\t\t\t\t\t\t\t\t\t\t\t<div class=\"entry-bio\">Membro da Equipa de Investiga\u00e7\u00e3o<\/div>\t\t\t\t\t\t\t\t\t\t\t\t\t<\/div>\n\t\t\t\t\t<\/a>\n\t\t\t\t<\/li>\n            \t\t\t\t<li class=\" flex-column col-12 col-lg-6  d-flex align-items-center element py-3\">\n\t\t\t\t\t<a href=\"https:\/\/lead.uab.pt\/mov2ead\/conhecer\/ines-messias\/\"  class=\"d-flex flex-column align-items-center text-decoration-none\" title=\"Saber mais sobre In\u00eas Messias\">\n\t\t\t\t\t\t\t\t\t\t\t\t\t\t\t\t\t\t<div class=\"entry-thumbnail-wrapper-bg\"><div class=\"entry-thumbnail-wrapper\"><img decoding=\"async\" src=\"https:\/\/lead.uab.pt\/mov2ead\/wp-content\/uploads\/sites\/14\/2023\/06\/ines.jpeg\" width=\"380\" height=\"380\" class=\"attachment-news-list-thumbnails-size size-news-list-thumbnails-size block entry-thumbnail img-fluid\" alt=\"\" srcset=\"https:\/\/lead.uab.pt\/mov2ead\/wp-content\/uploads\/sites\/14\/2023\/06\/ines.jpeg 380w, https:\/\/lead.uab.pt\/mov2ead\/wp-content\/uploads\/sites\/14\/2023\/06\/ines-300x300.jpeg 300w, https:\/\/lead.uab.pt\/mov2ead\/wp-content\/uploads\/sites\/14\/2023\/06\/ines-150x150.jpeg 150w\" sizes=\"auto, (max-width: 380px) 100vw, 380px\"  loading=\"lazy\"><\/div><\/div>\n\t\t\t\t\t\t\n\t\t\t\t\t\t<div class=\"element-info\">\n\t\t\t\t\t\t\t<div class=\"title\">In\u00eas Messias<\/div>\n\t\t\t\t\t\t\t\n\t\t\t\t\t\t\t\t\t\t\t\t\t\t\t\t\t\t\t\t\t\t<dl class=\"affiliation-wrapper\"><dt class=\"affiliation-label visually-hidden\">Afilia\u00e7\u00e3o: <\/dt><dd class=\"affiliation-value\">Centro de Investiga\u00e7\u00e3o em Qualidade de Vida, IPSantar\u00e9m, Instituto Polit\u00e9cnico de Santar\u00e9m, LE@D, Universidade Aberta<\/dd><\/dl>\n\t\t\t\t\t\t\t\n\t\t\t\t\t\t\t\t\t\t\t\t\t\t<div class=\"entry-bio\">Membro da Equipa de Investiga\u00e7\u00e3o<\/div>\t\t\t\t\t\t\t\t\t\t\t\t\t<\/div>\n\t\t\t\t\t<\/a>\n\t\t\t\t<\/li>\n            \t\t\t\t<li class=\" flex-column col-12 col-lg-6  d-flex align-items-center element py-3\">\n\t\t\t\t\t<a href=\"https:\/\/lead.uab.pt\/mov2ead\/conhecer\/marcia-vieira\/\"  class=\"d-flex flex-column align-items-center text-decoration-none\" title=\"Saber mais sobre M\u00e1rcia Vieira\">\n\t\t\t\t\t\t\t\t\t\t\t\t\t\t\t\t\t\t<div class=\"entry-thumbnail-wrapper-bg\"><div class=\"entry-thumbnail-wrapper\"><img decoding=\"async\" src=\"https:\/\/lead.uab.pt\/mov2ead\/wp-content\/uploads\/sites\/14\/2023\/06\/mvfreitasvs.jpg\" width=\"123\" height=\"123\" class=\"attachment-news-list-thumbnails-size size-news-list-thumbnails-size block entry-thumbnail img-fluid\" alt=\"\"  loading=\"lazy\"><\/div><\/div>\n\t\t\t\t\t\t\n\t\t\t\t\t\t<div class=\"element-info\">\n\t\t\t\t\t\t\t<div class=\"title\">M\u00e1rcia Vieira<\/div>\n\t\t\t\t\t\t\t\n\t\t\t\t\t\t\t\t\t\t\t\t\t\t\t\t\t\t\t\t\t\t<dl class=\"affiliation-wrapper\"><dt class=\"affiliation-label visually-hidden\">Afilia\u00e7\u00e3o: <\/dt><dd class=\"affiliation-value\">LE@D, Universidade Aberta<\/dd><\/dl>\n\t\t\t\t\t\t\t\n\t\t\t\t\t\t\t\t\t\t\t\t\t\t<div class=\"entry-bio\">Membro da Equipa de Investiga\u00e7\u00e3o<\/div>\t\t\t\t\t\t\t\t\t\t\t\t\t<\/div>\n\t\t\t\t\t<\/a>\n\t\t\t\t<\/li>\n            \t\t\t\t<li class=\" flex-column col-12 col-lg-6  d-flex align-items-center element py-3\">\n\t\t\t\t\t<a href=\"https:\/\/lead.uab.pt\/mov2ead\/conhecer\/nuno-ricardo-oliveira\/\"  class=\"d-flex flex-column align-items-center text-decoration-none\" title=\"Saber mais sobre Nuno Ricardo Oliveira\">\n\t\t\t\t\t\t\t\t\t\t\t\t\t\t\t\t\t\t<div class=\"entry-thumbnail-wrapper-bg\"><div class=\"entry-thumbnail-wrapper\"><img decoding=\"async\" src=\"https:\/\/lead.uab.pt\/mov2ead\/wp-content\/uploads\/sites\/14\/2023\/06\/nroliveiravs.jpg\" width=\"123\" height=\"123\" class=\"attachment-news-list-thumbnails-size size-news-list-thumbnails-size block entry-thumbnail img-fluid\" alt=\"\"  loading=\"lazy\"><\/div><\/div>\n\t\t\t\t\t\t\n\t\t\t\t\t\t<div class=\"element-info\">\n\t\t\t\t\t\t\t<div class=\"title\">Nuno Ricardo Oliveira<\/div>\n\t\t\t\t\t\t\t\n\t\t\t\t\t\t\t\t\t\t\t\t\t\t\t\t\t\t\t\t\t\t<dl class=\"affiliation-wrapper\"><dt class=\"affiliation-label visually-hidden\">Afilia\u00e7\u00e3o: <\/dt><dd class=\"affiliation-value\">Instituto Superior de Educa\u00e7\u00e3o e Ci\u00eancias de Lisboa (ISEC), LE@D, Universidade Aberta, Universidade Nova de Lisboa<\/dd><\/dl>\n\t\t\t\t\t\t\t\n\t\t\t\t\t\t\t\t\t\t\t\t\t\t<div class=\"entry-bio\">Membro da Equipa de Investiga\u00e7\u00e3o<\/div>\t\t\t\t\t\t\t\t\t\t\t\t\t<\/div>\n\t\t\t\t\t<\/a>\n\t\t\t\t<\/li>\n            \t\t\t\t<li class=\" flex-column col-12 col-lg-6  d-flex align-items-center element py-3\">\n\t\t\t\t\t<a href=\"https:\/\/lead.uab.pt\/mov2ead\/conhecer\/paula-cardoso\/\"  class=\"d-flex flex-column align-items-center text-decoration-none\" title=\"Saber mais sobre Paula Cardoso\">\n\t\t\t\t\t\t\t\t\t\t\t\t\t\t\t\t\t\t<div class=\"entry-thumbnail-wrapper-bg\"><div class=\"entry-thumbnail-wrapper\"><img decoding=\"async\" src=\"https:\/\/lead.uab.pt\/mov2ead\/wp-content\/uploads\/sites\/14\/2023\/06\/pcardosovs.jpg\" width=\"184\" height=\"205\" class=\"attachment-news-list-thumbnails-size size-news-list-thumbnails-size block entry-thumbnail img-fluid\" alt=\"\"  loading=\"lazy\"><\/div><\/div>\n\t\t\t\t\t\t\n\t\t\t\t\t\t<div class=\"element-info\">\n\t\t\t\t\t\t\t<div class=\"title\">Paula Cardoso<\/div>\n\t\t\t\t\t\t\t\n\t\t\t\t\t\t\t\t\t\t\t\t\t\t\t\t\t\t\t\t\t\t<dl class=\"affiliation-wrapper\"><dt class=\"affiliation-label visually-hidden\">Afilia\u00e7\u00e3o: <\/dt><dd class=\"affiliation-value\">Centro de Investiga\u00e7\u00e3o, Desenvolvimento e Inova\u00e7\u00e3o em Turismo (CiTUR &#8211; IPLeiria), Instituto Polit\u00e9cnico de Leiria, LE@D, Universidade Aberta<\/dd><\/dl>\n\t\t\t\t\t\t\t\n\t\t\t\t\t\t\t\t\t\t\t\t\t\t<div class=\"entry-bio\">Membro da Equipa de Investiga\u00e7\u00e3o<\/div>\t\t\t\t\t\t\t\t\t\t\t\t\t<\/div>\n\t\t\t\t\t<\/a>\n\t\t\t\t<\/li>\n                    <\/ul>\n    <\/div>\n    <div class=\"clearfix\"><\/div>\n","protected":false},"excerpt":{"rendered":"Equipa Coordenadora Equipa II","protected":false},"author":1,"featured_media":0,"parent":0,"menu_order":20,"comment_status":"closed","ping_status":"closed","template":"","meta":{"footnotes":""},"class_list":["post-142","page","type-page","status-publish","hentry"],"_links":{"self":[{"href":"https:\/\/lead.uab.pt\/mov2ead\/wp-json\/wp\/v2\/pages\/142","targetHints":{"allow":["GET"]}}],"collection":[{"href":"https:\/\/lead.uab.pt\/mov2ead\/wp-json\/wp\/v2\/pages"}],"about":[{"href":"https:\/\/lead.uab.pt\/mov2ead\/wp-json\/wp\/v2\/types\/page"}],"author":[{"embeddable":true,"href":"https:\/\/lead.uab.pt\/mov2ead\/wp-json\/wp\/v2\/users\/1"}],"replies":[{"embeddable":true,"href":"https:\/\/lead.uab.pt\/mov2ead\/wp-json\/wp\/v2\/comments?post=142"}],"version-history":[{"count":3,"href":"https:\/\/lead.uab.pt\/mov2ead\/wp-json\/wp\/v2\/pages\/142\/revisions"}],"predecessor-version":[{"id":2034,"href":"https:\/\/lead.uab.pt\/mov2ead\/wp-json\/wp\/v2\/pages\/142\/revisions\/2034"}],"wp:attachment":[{"href":"https:\/\/lead.uab.pt\/mov2ead\/wp-json\/wp\/v2\/media?parent=142"}],"curies":[{"name":"wp","href":"https:\/\/api.w.org\/{rel}","templated":true}]}}