{"id":148,"date":"2022-10-20T10:45:31","date_gmt":"2022-10-20T10:45:31","guid":{"rendered":"https:\/\/sites.uab.pt\/congresso-humanidades\/?page_id=148"},"modified":"2024-12-15T09:47:51","modified_gmt":"2024-12-15T09:47:51","slug":"eventos","status":"publish","type":"page","link":"https:\/\/lead.uab.pt\/mov2ead\/eventos\/","title":{"rendered":"Eventos"},"content":{"rendered":"\n<h2 class=\"wp-block-heading\">Eventos<\/h2>\n\n\n\n<div class=\"wp-block-c3-framew-gutenbergblocks-timeline schedule\"><div class=\"gbt-timeline-title-wrapper\"><div class=\"gbt-timeline-title tt-title\"><\/div><\/div><ul class=\"gbt-timeline-content-wrapper\">\n<li style=\"--timeline-color:#06c2c4\"><div class=\"gbt-timeline-event-title-wrapper\"><div class=\"gbt-timeline-event-title time-title\"><strong>Evento <a href=\"https:\/\/elies.pt\/2024\/\">eLIES2024<\/a><\/strong> &#8211; XII  <strong>Encontro de Institui\u00e7\u00f5es e Unidades de eLearning do Ensino Superior&nbsp;<\/strong>&#8211;<strong> IPS, Santar\u00e9m<\/strong><\/div><\/div><div class=\"gbt-timeline-event-content-wrapper\">\n<div class=\"wp-block-media-text is-stacked-on-mobile\" style=\"grid-template-columns:32% auto\"><figure class=\"wp-block-media-text__media\"><img loading=\"lazy\" decoding=\"async\" width=\"673\" height=\"310\" src=\"https:\/\/lead.uab.pt\/mov2ead\/wp-content\/uploads\/sites\/14\/2024\/12\/eLIES2024.png\" alt=\"\" class=\"wp-image-2110 size-full\" srcset=\"https:\/\/lead.uab.pt\/mov2ead\/wp-content\/uploads\/sites\/14\/2024\/12\/eLIES2024.png 673w, https:\/\/lead.uab.pt\/mov2ead\/wp-content\/uploads\/sites\/14\/2024\/12\/eLIES2024-300x138.png 300w\" sizes=\"auto, (max-width: 673px) 100vw, 673px\" \/><\/figure><div class=\"wp-block-media-text__content\">\n<p>Dia 13 de Dezembro, Co-organiza\u00e7\u00e3o do Instituto Polit\u00e8cnico de Santar\u00e9m, LE@D, Universidade Aberta, Universidade de \u00c9vora.<\/p>\n<\/div><\/div>\n<\/div><\/li>\n\n\n\n<li style=\"--timeline-color:#06c2c4\"><div class=\"gbt-timeline-event-title-wrapper\"><div class=\"gbt-timeline-event-title time-title\">Mesa Redonda- Unidades de EAD e Inova\u00e7\u00e3o Pedag\u00f3gica, XII  <strong>Encontro de Institui\u00e7\u00f5es e Unidades de eLearning do Ensino Superior\u00a0<\/strong>&#8211;<strong> IPS, Santar\u00e9m<\/strong><\/div><\/div><div class=\"gbt-timeline-event-content-wrapper\">\n<div class=\"wp-block-media-text is-stacked-on-mobile\" style=\"grid-template-columns:32% auto\"><figure class=\"wp-block-media-text__media\"><img loading=\"lazy\" decoding=\"async\" width=\"673\" height=\"310\" src=\"https:\/\/lead.uab.pt\/mov2ead\/wp-content\/uploads\/sites\/14\/2024\/12\/eLIES2024.png\" alt=\"\" class=\"wp-image-2110 size-full\" srcset=\"https:\/\/lead.uab.pt\/mov2ead\/wp-content\/uploads\/sites\/14\/2024\/12\/eLIES2024.png 673w, https:\/\/lead.uab.pt\/mov2ead\/wp-content\/uploads\/sites\/14\/2024\/12\/eLIES2024-300x138.png 300w\" sizes=\"auto, (max-width: 673px) 100vw, 673px\" \/><\/figure><div class=\"wp-block-media-text__content\">\n<p>Dia 13 de Dezembro, Co-organiza\u00e7\u00e3o do Instituto Polit\u00e8cnico de Santar\u00e9m, LE@D, Universidade Aberta, Universidade de \u00c9vora.<\/p>\n<\/div><\/div>\n<\/div><\/li>\n\n\n\n<li><div class=\"gbt-timeline-event-title-wrapper\"><div class=\"gbt-timeline-event-title time-title\"><a href=\"https:\/\/elies.pt\/2023\/\" data-type=\"link\" data-id=\"https:\/\/elies.pt\/2023\/\"><strong>eLIES 2023<\/strong><\/a> &#8211; <strong>XI&nbsp;Encontro de Institui\u00e7\u00f5es e Unidades de eLearning do Ensino Superior&nbsp;<\/strong>&#8211; <strong>UTAD, Vila Real Tr\u00e1s-os Montes e Alto Douro<\/strong><\/div><\/div><div class=\"gbt-timeline-event-content-wrapper\">\n<div class=\"wp-block-columns is-layout-flex wp-container-core-columns-is-layout-1 wp-block-columns-is-layout-flex\">\n<div class=\"wp-block-column is-layout-flow wp-block-column-is-layout-flow\" style=\"flex-basis:33.33%\">\n<figure class=\"wp-block-image size-full\"><img loading=\"lazy\" decoding=\"async\" width=\"988\" height=\"463\" src=\"https:\/\/lead.uab.pt\/mov2ead\/wp-content\/uploads\/sites\/14\/2024\/12\/eLIES2023.jpg\" alt=\"\" class=\"wp-image-2108\" srcset=\"https:\/\/lead.uab.pt\/mov2ead\/wp-content\/uploads\/sites\/14\/2024\/12\/eLIES2023.jpg 988w, https:\/\/lead.uab.pt\/mov2ead\/wp-content\/uploads\/sites\/14\/2024\/12\/eLIES2023-300x141.jpg 300w, https:\/\/lead.uab.pt\/mov2ead\/wp-content\/uploads\/sites\/14\/2024\/12\/eLIES2023-768x360.jpg 768w\" sizes=\"auto, (max-width: 988px) 100vw, 988px\" \/><\/figure>\n<\/div>\n\n\n\n<div class=\"wp-block-column is-layout-flow wp-block-column-is-layout-flow\" style=\"flex-basis:66.66%\">\n<p>Dia 15 de dezembro 2023 &#8211;  co-organiza\u00e7\u00e3o UTAD, LE@D, Universidade Aberta, Instituto Polit\u00e8cnico de Santar\u00e9m.&nbsp;<\/p>\n<\/div>\n<\/div>\n<\/div><\/li>\n\n\n\n<li style=\"--timeline-color:#345C00\"><div class=\"gbt-timeline-event-title-wrapper\"><div class=\"gbt-timeline-event-title time-title\"><strong><strong> <\/strong><\/strong>Lan\u00e7amento de eBook<\/div><\/div><div class=\"gbt-timeline-event-content-wrapper\">\n<div class=\"wp-block-columns is-layout-flex wp-container-core-columns-is-layout-3 wp-block-columns-is-layout-flex\">\n<div class=\"wp-block-column is-layout-flow wp-block-column-is-layout-flow\" style=\"flex-basis:33.33%\">\n<div class=\"wp-block-columns is-layout-flex wp-container-core-columns-is-layout-2 wp-block-columns-is-layout-flex\">\n<div class=\"wp-block-column is-layout-flow wp-block-column-is-layout-flow\" style=\"flex-basis:100%\">\n<figure class=\"wp-block-image size-full is-resized\"><img loading=\"lazy\" decoding=\"async\" width=\"463\" height=\"687\" src=\"https:\/\/lead.uab.pt\/mov2ead\/wp-content\/uploads\/sites\/14\/2024\/12\/ebook_elies2022-1.jpg\" alt=\"\" class=\"wp-image-2116\" style=\"width:175px;height:auto\" srcset=\"https:\/\/lead.uab.pt\/mov2ead\/wp-content\/uploads\/sites\/14\/2024\/12\/ebook_elies2022-1.jpg 463w, https:\/\/lead.uab.pt\/mov2ead\/wp-content\/uploads\/sites\/14\/2024\/12\/ebook_elies2022-1-202x300.jpg 202w\" sizes=\"auto, (max-width: 463px) 100vw, 463px\" \/><\/figure>\n<\/div>\n<\/div>\n<\/div>\n\n\n\n<div class=\"wp-block-column is-layout-flow wp-block-column-is-layout-flow\" style=\"flex-basis:66.66%\">\n<p>Lan\u00e7amento do ebook Passado, Presente e Futuro(s) do eLearning em Portugal- 10 anos de eLIES.&nbsp;<\/p>\n<\/div>\n<\/div>\n<\/div><\/li>\n\n\n\n<li style=\"--timeline-color:#9DFF20\"><div class=\"gbt-timeline-event-title-wrapper\"><div class=\"gbt-timeline-event-title time-title\"><strong><strong>Lan\u00e7amento de eBook<\/strong><\/strong><\/div><\/div><div class=\"gbt-timeline-event-content-wrapper\">\n<div class=\"wp-block-columns is-layout-flex wp-container-core-columns-is-layout-5 wp-block-columns-is-layout-flex\">\n<div class=\"wp-block-column is-layout-flow wp-block-column-is-layout-flow\" style=\"flex-basis:33.33%\">\n<div class=\"wp-block-columns is-layout-flex wp-container-core-columns-is-layout-4 wp-block-columns-is-layout-flex\">\n<div class=\"wp-block-column is-layout-flow wp-block-column-is-layout-flow\" style=\"flex-basis:100%\">\n<figure class=\"wp-block-image size-full is-resized\"><img loading=\"lazy\" decoding=\"async\" width=\"490\" height=\"642\" src=\"https:\/\/lead.uab.pt\/mov2ead\/wp-content\/uploads\/sites\/14\/2024\/12\/ICEM22-1.png\" alt=\"\" class=\"wp-image-2125\" style=\"width:173px;height:auto\" srcset=\"https:\/\/lead.uab.pt\/mov2ead\/wp-content\/uploads\/sites\/14\/2024\/12\/ICEM22-1.png 490w, https:\/\/lead.uab.pt\/mov2ead\/wp-content\/uploads\/sites\/14\/2024\/12\/ICEM22-1-229x300.png 229w\" sizes=\"auto, (max-width: 490px) 100vw, 490px\" \/><\/figure>\n<\/div>\n<\/div>\n<\/div>\n\n\n\n<div class=\"wp-block-column is-layout-flow wp-block-column-is-layout-flow\" style=\"flex-basis:66.66%\">\n<p>Lan\u00e7amento do eBook. Moving on towards \u2018New Normal\u2019 in education &#8211; ICEM2022 Conference.<\/p>\n<\/div>\n<\/div>\n<\/div><\/li>\n\n\n\n<li style=\"--timeline-color:#345C00\"><div class=\"gbt-timeline-event-title-wrapper\"><div class=\"gbt-timeline-event-title time-title\"><strong><strong><a href=\"https:\/\/elies.pt\/2022\/\" data-type=\"link\" data-id=\"https:\/\/elies.pt\/2022\/\">eLIES2022<\/a><\/strong><\/strong> &#8211; <strong>X&nbsp;Encontro de Institui\u00e7\u00f5es e Unidades de eLearning do Ensino Superior<\/strong>. Museu das Comunica\u00e7\u00f5es em Lisboa<\/div><\/div><div class=\"gbt-timeline-event-content-wrapper\">\n<div class=\"wp-block-columns is-layout-flex wp-container-core-columns-is-layout-7 wp-block-columns-is-layout-flex\">\n<div class=\"wp-block-column is-layout-flow wp-block-column-is-layout-flow\" style=\"flex-basis:33.33%\">\n<div class=\"wp-block-columns is-layout-flex wp-container-core-columns-is-layout-6 wp-block-columns-is-layout-flex\">\n<div class=\"wp-block-column is-layout-flow wp-block-column-is-layout-flow\" style=\"flex-basis:100%\">\n<figure class=\"wp-block-image size-full\"><img loading=\"lazy\" decoding=\"async\" width=\"667\" height=\"211\" src=\"https:\/\/lead.uab.pt\/mov2ead\/wp-content\/uploads\/sites\/14\/2024\/12\/eLIES2022-1.png\" alt=\"\" class=\"wp-image-2172\" srcset=\"https:\/\/lead.uab.pt\/mov2ead\/wp-content\/uploads\/sites\/14\/2024\/12\/eLIES2022-1.png 667w, https:\/\/lead.uab.pt\/mov2ead\/wp-content\/uploads\/sites\/14\/2024\/12\/eLIES2022-1-300x95.png 300w\" sizes=\"auto, (max-width: 667px) 100vw, 667px\" \/><\/figure>\n<\/div>\n<\/div>\n<\/div>\n\n\n\n<div class=\"wp-block-column is-layout-flow wp-block-column-is-layout-flow\" style=\"flex-basis:66.66%\">\n<p>dia<strong>&nbsp;16 de dezembro de 2022<\/strong> &#8211; co-organiza\u00e7\u00e3o do LE@D, Universidade Aberta,&nbsp; Universidade de Tr\u00e1s-os-Montes e Alto Douro (UTAD)&nbsp; e Instituto Polit\u00e9cnico de Santar\u00e9m.<\/p>\n\n\n\n<p><\/p>\n<\/div>\n<\/div>\n<\/div><\/li>\n<\/ul><\/div>\n","protected":false},"excerpt":{"rendered":"Eventos","protected":false},"author":1,"featured_media":0,"parent":0,"menu_order":50,"comment_status":"closed","ping_status":"closed","template":"","meta":{"footnotes":""},"class_list":["post-148","page","type-page","status-publish","hentry"],"_links":{"self":[{"href":"https:\/\/lead.uab.pt\/mov2ead\/wp-json\/wp\/v2\/pages\/148","targetHints":{"allow":["GET"]}}],"collection":[{"href":"https:\/\/lead.uab.pt\/mov2ead\/wp-json\/wp\/v2\/pages"}],"about":[{"href":"https:\/\/lead.uab.pt\/mov2ead\/wp-json\/wp\/v2\/types\/page"}],"author":[{"embeddable":true,"href":"https:\/\/lead.uab.pt\/mov2ead\/wp-json\/wp\/v2\/users\/1"}],"replies":[{"embeddable":true,"href":"https:\/\/lead.uab.pt\/mov2ead\/wp-json\/wp\/v2\/comments?post=148"}],"version-history":[{"count":16,"href":"https:\/\/lead.uab.pt\/mov2ead\/wp-json\/wp\/v2\/pages\/148\/revisions"}],"predecessor-version":[{"id":2252,"href":"https:\/\/lead.uab.pt\/mov2ead\/wp-json\/wp\/v2\/pages\/148\/revisions\/2252"}],"wp:attachment":[{"href":"https:\/\/lead.uab.pt\/mov2ead\/wp-json\/wp\/v2\/media?parent=148"}],"curies":[{"name":"wp","href":"https:\/\/api.w.org\/{rel}","templated":true}]}}