{"id":1630,"date":"2023-04-14T16:53:43","date_gmt":"2023-04-14T16:53:43","guid":{"rendered":"https:\/\/lead.uab.pt\/-project-template-\/?page_id=1630"},"modified":"2024-12-19T12:42:58","modified_gmt":"2024-12-19T12:42:58","slug":"atividades","status":"publish","type":"page","link":"https:\/\/lead.uab.pt\/mov2ead\/atividades\/","title":{"rendered":"Atividades"},"content":{"rendered":"\n<h2 class=\"wp-block-heading\">Atividades<\/h2>\n\n\n\n<p>A equipa de investigadores participa em v\u00e1rias atividades de diversa natureza,  quer cient\u00edficas, quer pedag\u00f3gicas, quer ainda de natureza organizacional.<\/p>\n\n\n\n<p><strong>Organiza\u00e7\u00e3o de Eventos e Confer\u00eancias<\/strong><\/p>\n\n\n\n<ul class=\"wp-block-list\">\n<li>eL@IES2024 (<a href=\"https:\/\/elies.pt\/2024\">https:\/\/elies.pt\/2024<\/a>\/)<\/li>\n\n\n\n<li>ICCL24 (<a href=\"https:\/\/iccl.ipportalegre.pt\/\">https:\/\/iccl.ipportalegre.pt\/<\/a>)<\/li>\n\n\n\n<li>CNaPPES24 (<a href=\"https:\/\/cnappes.org\/organizacao\/\">https:\/\/cnappes.org\/organizacao\/<\/a>)<\/li>\n\n\n\n<li>ICEM24 (<a href=\"https:\/\/icem2024.usal.es\/\">https:\/\/icem2024.usal.es\/<\/a>)<\/li>\n\n\n\n<li>V Congresso Internacional da RIEOnLIFE (<a href=\"https:\/\/unisinos.br\/rieonlife\/v-rieonlife-ix-wlc-2024\/\">https:\/\/unisinos.br\/rieonlife\/v-rieonlife-ix-wlc-2024\/<\/a>)<\/li>\n\n\n\n<li><a href=\"https:\/\/cidu2024.com\/pt\/comissoes\/comissao-cientifica\">CIDU 2024<\/a> (https:\/\/cidu2024.com\/pt\/comissoes\/comissao-cientifica)<\/li>\n\n\n\n<li>eLIES2023 (<a href=\"https:\/\/elies.pt\/2023\">https:\/\/elies.pt\/2023<\/a>)<\/li>\n\n\n\n<li>eLIES2022 (<a href=\"https:\/\/elies.pt\/2022\">https:\/\/elies.pt\/2022<\/a>)<\/li>\n<\/ul>\n\n\n\n<p><strong>Organiza\u00e7\u00e3o\/Coordena\u00e7\u00e3o de Mesas e Workshops<\/strong><\/p>\n\n\n\n<ul class=\"wp-block-list\">\n<li>Organiza\u00e7\u00e3o do Painel PAINEL II: I<em>ntelig\u00eancia Artificial, Autoria e Avalia\u00e7\u00e3o Online \u2013 desafios para a oferta pedag\u00f3gica em EAD<\/em>, eLIES2023.<\/li>\n\n\n\n<li>Organiza\u00e7\u00e3o do Painel III: <em>Metaverso no EaD \u2013 potencialidades e desafios na aprendizagem ao longo da vida<\/em>,  eLIES2023.<\/li>\n\n\n\n<li>CEUTE 2024: \u201cNew Trends and Advances in Teaching and Evaluation Methodologies in Higher Education (ATHE)\u201d (<a href=\"http:\/\/iceuteconference.eu\/accepted-special-sessions\/\">http:\/\/iceuteconference.eu\/accepted-special-sessions\/<\/a>)<\/li>\n\n\n\n<li>ICCL24: \u201cIntegra\u00e7\u00e3o da IA na Ci\u00eancia Aberta: converg\u00eancias e diverg\u00eancias\u201d (https:\/\/iccl.ipportalegre.pt\/programa\/programa-do-congresso\/)<\/li>\n<\/ul>\n\n\n\n<p><strong>Forma\u00e7\u00e3o<\/strong><\/p>\n\n\n\n<p>Organiza\u00e7\u00e3o dos cursos de forma\u00e7\u00e3o de docentes de tem\u00e1ticas v\u00e1rias em v\u00e1rias institui\u00e7\u00f5es.<\/p>\n\n\n\n<p><strong>Publica\u00e7\u00f5es<\/strong><\/p>\n\n\n\n<p>Co-organiza\u00e7\u00e3o de Edi\u00e7\u00e3o da Revista RE@D: Call for Papers para N\u00ba dedicado a <em><a href=\"https:\/\/revistas.rcaap.pt\/lead_read\/announcement\/view\/229\" data-type=\"link\" data-id=\"https:\/\/revistas.rcaap.pt\/lead_read\/announcement\/view\/229\">Desenho da Aprendizagem Flex\u00edvel para a Educa\u00e7\u00e3o Digital<\/a><\/em>. Organiza\u00e7\u00e3o de Lina Morgado, Ana Afonso e Ingrid Noguera.<\/p>\n\n\n\n<p>Edi\u00e7\u00e3o de Handbook, IGI.<\/p>\n\n\n\n<p><\/p>\n","protected":false},"excerpt":{"rendered":"Atividades A equipa de investigadores participa em v\u00e1rias atividades de diversa natureza, quer cient\u00edficas, quer pedag\u00f3gicas, quer ainda de natureza organizacional. Organiza\u00e7\u00e3o de Eventos e Confer\u00eancias Organiza\u00e7\u00e3o\/Coordena\u00e7\u00e3o de Mesas e Workshops Forma\u00e7\u00e3o Organiza\u00e7\u00e3o dos cursos de forma\u00e7\u00e3o de docentes de tem\u00e1ticas v\u00e1rias em v\u00e1rias institui\u00e7\u00f5es. Publica\u00e7\u00f5es Co-organiza\u00e7\u00e3o de Edi\u00e7\u00e3o da Revista RE@D: Call for Papers [&hellip;]","protected":false},"author":1,"featured_media":0,"parent":0,"menu_order":30,"comment_status":"closed","ping_status":"closed","template":"","meta":{"footnotes":""},"class_list":["post-1630","page","type-page","status-publish","hentry"],"_links":{"self":[{"href":"https:\/\/lead.uab.pt\/mov2ead\/wp-json\/wp\/v2\/pages\/1630","targetHints":{"allow":["GET"]}}],"collection":[{"href":"https:\/\/lead.uab.pt\/mov2ead\/wp-json\/wp\/v2\/pages"}],"about":[{"href":"https:\/\/lead.uab.pt\/mov2ead\/wp-json\/wp\/v2\/types\/page"}],"author":[{"embeddable":true,"href":"https:\/\/lead.uab.pt\/mov2ead\/wp-json\/wp\/v2\/users\/1"}],"replies":[{"embeddable":true,"href":"https:\/\/lead.uab.pt\/mov2ead\/wp-json\/wp\/v2\/comments?post=1630"}],"version-history":[{"count":9,"href":"https:\/\/lead.uab.pt\/mov2ead\/wp-json\/wp\/v2\/pages\/1630\/revisions"}],"predecessor-version":[{"id":2287,"href":"https:\/\/lead.uab.pt\/mov2ead\/wp-json\/wp\/v2\/pages\/1630\/revisions\/2287"}],"wp:attachment":[{"href":"https:\/\/lead.uab.pt\/mov2ead\/wp-json\/wp\/v2\/media?parent=1630"}],"curies":[{"name":"wp","href":"https:\/\/api.w.org\/{rel}","templated":true}]}}