{"id":1932,"date":"2023-05-08T07:50:51","date_gmt":"2023-05-08T06:50:51","guid":{"rendered":"https:\/\/lead.uab.pt\/mov2ead\/?page_id=1932"},"modified":"2024-12-28T08:30:43","modified_gmt":"2024-12-28T08:30:43","slug":"livros-e-capitulos","status":"publish","type":"page","link":"https:\/\/lead.uab.pt\/mov2ead\/livros-e-capitulos\/","title":{"rendered":"Livros e Cap\u00edtulos"},"content":{"rendered":"\n<p>Ao longo do projeto foram publicados livros e cap\u00edtulos de livros pela equipa do  projeto e que se listam nesta p\u00e1gina.<\/p>\n\n\n\n<p><strong>Livros<\/strong><\/p>\n\n\n\n<p>Morgado, L., Bidarra, J., Paz, J., Cravino, J., Loureiro, A. (2023). <em>Passado, Presente e Futuro(s) do eLearning em Portugal: 10 anos do eLIES<\/em>, LE@D, Universidade Aberta, <a href=\"https:\/\/doi.org\/10.34627\/leadt.2023.5\">https:\/\/doi.org\/10.34627\/leadt.2023.5<\/a> <\/p>\n\n\n\n<p>Afonso, A., Morgado, L. &amp; Roque, L. (2022) (Eds.). <em>Impact of digital transformation in teacher training models<\/em>. IGI Global. doi: <a href=\"https:\/\/d.docs.live.net\/fe2215d605710f3f\/Documents\/LE@D\/COORDENADORA\/Relatorio%20Atividades\/Relatorio%202022\/Final\/10.4018\/978-1-7998-9538-1\">10.4018\/978-1-7998-9538-1<\/a> &nbsp;<a href=\"http:\/\/hdl.handle.net\/10400.2\/12584\">http:\/\/hdl.handle.net\/10400.2\/12584<\/a><\/p>\n\n\n\n<p>Loureiro, M. J., Loureiro, A., &amp; Gerber, H. R. (Eds.). (2022).<em> Handbook of Research on Global Education and the Impact of Institutional Policies on Educational Technologies<\/em>. IGI Global. <a href=\"https:\/\/doi.org\/10.4018\/978-1-7998-8193-3\">https:\/\/doi.org\/10.4018\/978-1-7998-8193-3<\/a><\/p>\n\n\n\n<p>Loureiro, A., Rocha, D., Messias, I., Oliveira, N. R., &amp; Lopes, R. (2022) (Eds.). <em>Book of Abstracts &#8211; 2nd International Congress on 21st Century Literacies<\/em>. Santar\u00e9m: Instituto Polit\u00e9cnico de Santar\u00e9m <a href=\"https:\/\/iccl2022.ipsantarem.pt\/wp-content\/uploads\/2022\/07\/book_of_abstracts.pdf\">https:\/\/iccl2022.ipsantarem.pt\/wp-content\/uploads\/2022\/07\/book_of_abstracts.pdf<\/a><\/p>\n\n\n\n<p>Morgado, L., Aires, M.L., Seabra, F., Paz, J. Rocha, A. (2022). <em>Livro de Resumos MeetUP22 Encontro de Investigadores do LE@D &#8211; Inova\u00e7\u00e3o e Ci\u00eancia<\/em>, LE@D, Universidade Aberta,  <a href=\"https:\/\/doi.org\/10.34627\/leadt.2022.4\">https:\/\/doi.org\/10.34627\/leadt.2022.4<\/a><\/p>\n\n\n\n<p>Paz, J. (Ed.) (2022). <em>\u00c9tica e Investiga\u00e7\u00e3o no Digital<\/em>. LE@D, Universidade Aberta. <a href=\"https:\/\/doi.org\/10.34627\/leadf.2022.6\">https:\/\/doi.org\/10.34627\/leadf.2022.6<\/a><\/p>\n\n\n\n<p><strong>Cap\u00edtulos de Livros<\/strong><\/p>\n\n\n\n<p>Alb\u00f3 L, Noguera I, Hern\u00e1ndez-Leo D, Afonso A, Agostini D, Alkhasawneh SN. (2024). FLeD learning design tool: scaffolding flexible scenarios through the use of flipped learning patterns. In: Ferreira Mello R, Rummel N, Jivet I, Pishtari G, Ruip\u00e9rez Valiente JA, (Eds).   European Conference on Technology Enhanced Learning EC-TEL 2024, p. 209-215.  September 16-20, Krems, Austria. Cham: Springer;  DOI: 10.1007\/978-3-031-72312-4_29.<\/p>\n\n\n\n<p>Chagas, L. Cardoso, P. (2023). Perce\u00e7o\u0303es dos estudantes acerca do regime blended learning: estudo de caso, Morgado, L et al. (Eds). <em>Passado, Presente e Futuro(s) do eLearning em Portugal: 10 anos do eLIES<\/em>, pp. 146-151, LE@D, Universidade Aberta, <a href=\"https:\/\/doi.org\/10.34627\/leadt.2023.5\">https:\/\/doi.org\/10.34627\/leadt.2023.5<\/a><\/p>\n\n\n\n<p>Cardoso, P., Sousa A, (2023).  I Give You Mobility: Co-Creation of Innovation as a Tool for Pedagogical Innovation and Social Responsibility. In S. Rodrigues &amp; J. Mourato (Eds.),&nbsp;<em>The Impact of HEIs on Regional Development: Facts and Practices of Collaborative Work With SMEs<\/em>&nbsp;(pp. 190-205). IGI Global Scientific Publishing. https:\/\/doi.org\/10.4018\/978-1-6684-6701-5.ch011<\/p>\n\n\n\n<p>Loureiro, A., Messias, I., Rocha, D., Oliveira, N. R. (2023). eLearning e Cie\u0302ncia Aberta: caminhos para a sustentabilidade, Morgado, L et al. (Eds). <em>Passado, Presente e Futuro(s) do eLearning em Portugal: 10 anos do eLIES<\/em>, pp.82-88, LE@D, Universidade Aberta, <a href=\"https:\/\/doi.org\/10.34627\/leadt.2023.5\">https:\/\/doi.org\/10.34627\/leadt.2023.5<\/a><\/p>\n\n\n\n<p>Martins, D., Morgado, L. (2022). Ensinar a dist\u00e2ncia em tempos de incerteza: o que dizem os docentes sobre o seu papel , In C. M. Lazo et al. (Coords). <em>Espacios y Relaciones de Comunicaci\u00f3n en la nueva normalidad<\/em>, pp.22-23, Ediciones Egregius<\/p>\n\n\n\n<p>Messias, I., Paiva, A., Loureiro, A., Paz, J., Seco, C., Vieira, M., Cardos, P., Oliveira, N. , Mendes, E., Pereira, H., Runa, A,, Morgado, L. (2022). Moving to E@D &#8211; Transforma\u00e7\u00e3o digital do ES e ENS em tempo pandemia, Morgado, L., Aires, M.L., Seabra, F., Paz, J. Rocha, A.&nbsp;(Eds). <em><a href=\"https:\/\/repositorioaberto.uab.pt\/handle\/10400.2\/12062\" data-type=\"link\" data-id=\"https:\/\/repositorioaberto.uab.pt\/handle\/10400.2\/12062\">Investiga\u00e7\u00e3o e Inova\u00e7\u00e3o no LE@D- Atores e Projetos em 2021-2022<\/a><\/em>, pp. 86-92, LE@D, Universidade Aberta <a href=\"https:\/\/doi.org\/10.34627\/leadw.2022.3\">https:\/\/doi.org\/10.34627\/leadw.2022.3<\/a><\/p>\n\n\n\n<p>Morgado, L. (2023. 10 anos eLIES \u2013 uma d\u00e9cada para a afirma\u00e7\u00e3o do eLearning, Morgado, L et al. (Eds). <em>Passado, Presente e Futuro(s) do eLearning em Portugal: 10 anos do eLIES<\/em>, pp. 5-7, LE@D, Universidade Aberta, <a href=\"https:\/\/doi.org\/10.34627\/leadt.2023.5\">https:\/\/doi.org\/10.34627\/leadt.2023.5<\/a><\/p>\n\n\n\n<p>Neto, A., Runa, A. (2023). Portuguese food-creative memory transformation and metamorphose in a foreign blog. In Kong, M.S.M., Monteiro, M.D.R., &amp; Neto, M.J.P. (Eds.). <em>Creation, transformation and metamorphose<\/em>, Chapter at the PHI Book Serie II., Taylor and Francis Group.<\/p>\n\n\n\n<p>Oliveira, S.; Runa, A. (2023) \u201cTo teach and delight\u201d? Emotions and second language acquisition:onsite and onlile practices, Marques et al. (Eds). <em>Inova\u00e7\u00e3o e Tecnologias no Ensino das L\u00ednguas, Pedagogias, Pr\u00e1ticas e Recursos Digitais,<\/em> Universidade Aberta, <a href=\"http:\/\/hdl.handle.net\/10400.2\/12812\">http:\/\/hdl.handle.net\/10400.2\/12812<\/a><\/p>\n\n\n\n<p>Tumbo, D., Morgado, L. (2023). Panorama da Qualidade da Educa\u00e7\u00e3o a Dist\u00e2ncia e eLearning em Institui\u00e7o\u0303es de Ensino Superior em Mo\u00e7ambique: primeiros,  resultados, Morgado, L et al. (Eds). <em>Passado, Presente e Futuro(s) do eLearning em Portugal: 10 anos do eLIES<\/em>, pp. 127-134, LE@D, Universidade Aberta, <a href=\"https:\/\/doi.org\/10.34627\/leadt.2023.5\">https:\/\/doi.org\/10.34627\/leadt.2023.5<\/a><\/p>\n\n\n\n<p><strong>2022<\/strong><\/p>\n\n\n\n<p>Alcoforado, L., Figueiredo, A. B., &amp; Afonso, A. (2022). Pandemic Impact on Adult Education and Training Practices in Portugal: Professional Perspective. In A. Afonso, L. Morgado, &amp; L. Roque (Eds.),&nbsp;<em>Impact of Digital Transformation in Teacher Training Models<\/em>&nbsp;(pp. 131-139). IGI Global Scientific Publishing. https:\/\/doi.org\/10.4018\/978-1-7998-9538-1.ch007<\/p>\n\n\n\n<p>Afonso, A., Morgado, L., Roque, L. (2022). <a href=\"https:\/\/www.igi-global.com\/pdf.aspx?tid=298509&amp;ptid=279126&amp;ctid=15&amp;t=Preface&amp;isxn=9781799895381\" data-type=\"link\" data-id=\"https:\/\/www.igi-global.com\/pdf.aspx?tid=298509&amp;ptid=279126&amp;ctid=15&amp;t=Preface&amp;isxn=9781799895381\">Preface of the Book  <em>Impact of Digital Transformation in Teacher Training Models<\/em><\/a>, pp. xvi- xix, In A. Afonso, L. Morgado, &amp; L. Roque (Eds.). <em>Impact of Digital Transformation in Teacher Training Models.<\/em> IGI Global. (pp. 101-130). Doi: <a href=\"https:\/\/doi.org\/10.4018\/978-1-7998-9538-1\">10.4018\/978-1-7998-9538-1<\/a> <\/p>\n\n\n\n<p>Cardoso, P. (2022). Rubrics as Active Learning Tools. In Betts, T. &amp; Oprandi, P. (Eds.). (2022). <em>100 ideas for active learning<\/em>. ALN and University of Sussex Library. Doi: <a href=\"https:\/\/doi.org\/10.20919\/OPXR1032\">10.20919\/OPXR1032<\/a> |<\/p>\n\n\n\n<p>Cardoso, P., Morgado, L., Paiva, A., Paz, J., Mendes, E., Loureiro, A., Messias, I., Oliveira, N., Runa, A., Seco, C., Pereira, H. &amp; Vieira, M. (2022). Learning During Emergency Remote Teaching in Portugal: Higher Education Students&#8217; Emotional Snapshot. In A. Afonso, L. Morgado, &amp; L. Roque (Eds.). <em>Impact of Digital Transformation in Teacher Training Models.<\/em> IGI Global. (pp. 101-130). Doi: <a href=\"https:\/\/doi.org\/10.4018\/978-1-7998-9538-1\">10.4018\/978-1-7998-9538-1<\/a> |<a href=\"http:\/\/hdl.handle.net\/10400.2\/12583\">http:\/\/hdl.handle.net\/10400.2\/12583<\/a><\/p>\n\n\n\n<p>Cruz, L. S., &amp; Vieira, M. F. (2022). Distance Education and Teacher Training: Perspectives for the Development of Digital Skills. In A. Afonso, L. Morgado, &amp; L. Roque (Ed.). <em>Impact of Digital Transformation in Teacher Training Models<\/em> (pp. 54-72). IGI Global, Doi: <a href=\"https:\/\/d.docs.live.net\/fe2215d605710f3f\/Documents\/LE@D\/COORDENADORA\/Relatorio%20Atividades\/Relatorio%202022\/Final\/10.4018\/978-1-7998-9538-1.ch003\">10.4018\/978-1-7998-9538-1.ch003<\/a>| <a href=\"http:\/\/hdl.handle.net\/10400.2\/12585\">http:\/\/hdl.handle.net\/10400.2\/12585<\/a><\/p>\n\n\n\n<p>Morgado, L., Paiva, A., Paz, J., Mendes, E., Loureiro, A., Cardoso, P., Messias, I., Oliveira, N., Runa, A., Seco, C., Pereira, H., &amp; Vieira, M. (2022). Learning during emergency remote teaching in Portugal: higher education students\u2019 emotional snapshot. In A. P. Afonso, L. Morgado, &amp; L. Roque (Eds.), <em>Impact of Digital Transformation in Teacher Training Models. <\/em>IGI Global. Doi:<a href=\"https:\/\/d.docs.live.net\/fe2215d605710f3f\/Documents\/LE@D\/COORDENADORA\/Relatorio%20Atividades\/Relatorio%202022\/Final\/10.4018\/978-1-7998-9538-1.ch006\">10.4018\/978-1-7998-9538-1.ch006<\/a>, | <a href=\"http:\/\/hdl.handle.net\/10400.2\/12583\">http:\/\/hdl.handle.net\/10400.2\/12583<\/a><\/p>\n\n\n\n<p>Morgado, L., Afonso, A. P., Rocha, M. A., &amp; Spilker, M. J. (2022). La educaci\u00f3n a distancia se encuentra con los profesores: el dise\u00f1o de un modelo para las escuelas durante la pandemia. In S. Santove\u00f1a-Casal &amp; J. Gil-Quintana (Eds). <em>Redes de cooperaci\u00f3n internacional para la transferencia del conocimiento, la investigaci\u00f3n y el aprendizaje digital (en tiempos incierto<\/em>s), (pp. 111\u2013130), Dykinson. Doi:<a href=\"https:\/\/d.docs.live.net\/fe2215d605710f3f\/Documents\/LE@D\/COORDENADORA\/Relatorio%20Atividades\/Relatorio%202022\/Final\/10.2307\/j.ctv2gz3vrm.10\">10.2307\/j.ctv2gz3vrm.10<\/a>, <a href=\"http:\/\/hdl.handle.net\/10400.2\/11918\">http:\/\/hdl.handle.net\/10400.2\/11918<\/a><\/p>\n\n\n\n<p>Morgado, L.,&nbsp; Afonso, A. P., Rocha, A., &amp; Spilker, M. J. (2021). Pedagogias p\u00f3s-pandemia e hibridiza\u00e7\u00e3o do trabalho docente: digitaliza\u00e7\u00e3o e pr\u00e1ticas educacionais abertas. In <em>Forma\u00e7\u00e3o de professores: pol\u00edticas p\u00fablicas e tecnologias educacionais<\/em> \u2013 volume 1 (pp. 20\u201342). Pimenta Cultural. https:\/\/doi.org\/10.31560\/pimentacultural\/2021.384.20-42<\/p>\n\n\n\n<p>Neto, A. P. &amp; Runa, A. (2022). Mind the food, brief essay on emotions and creativeness during COVID 19 times. In M.S.M. Kong, M.D.R., Monteiro &amp; M.J.P. Neto (Eds.). <em>Creating Through Mind and Emotions <\/em>(pp. 489-494). CRC Press. Taylor and Francis Group. ISBN 9780367279936. Doi: <a href=\"https:\/\/doi.org\/10.1201\/9780429299070\">10.1201\/9780429299070<\/a>|&nbsp;&nbsp;&nbsp; <a href=\"http:\/\/hdl.handle.net\/10400.2\/12582\">http:\/\/hdl.handle.net\/10400.2\/12582<\/a><\/p>\n\n\n\n<p>Oliveira, N. R. &amp; Almeida, A. P. (2022). Informal Communication in a Formal Context: Practices in Higher Education. In M. Loureiro, A. Loureiro, &amp; H. Gerber (Ed.), <em>Handbook of Research on Global Education and the Impact of Institutional Policies on Educational Technologies <\/em>(pp. 323-340). IGI Global. Doi: <a href=\"http:\/\/doi:10.4018\/978-1-7998-8193-3.ch016\">10.4018\/978-1-7998-8193-3.ch016<\/a>| <a href=\"http:\/\/hdl.handle.net\/10400.2\/12735\">http:\/\/hdl.handle.net\/10400.2\/12735<\/a><\/p>\n\n\n\n<p>Runa, A. I. (2021). Online adult training and emotions: from tradition to formative innovation. In Maria R. Monteiro, M\u00e1rio S. M. Kong, Maria J P. Neto (Eds.). <em>Tradition and Innovation<\/em>. (pp 527-533) Chapter at the PHI Book Serie III. Taylor and Francis Group. ISBN 9780429297786 <a href=\"https:\/\/doi.org\/10.1201\/9780429297786\">https:\/\/doi.org\/10.1201\/9780429297786<\/a><\/p>\n\n\n\n<p>Runa, A. (2020). Online adult training and emotions: from tradition to formative innovation, Taylor &amp; Francis Group.<\/p>\n\n\n\n<p>Runa, A.I. (2020). Emo\u00e7\u00f5es, comunica\u00e7\u00e3o online e g\u00e9nero. In F\u00e1bio Oliveira &amp; Silmara Takazaki (Coord.). <em>El g\u00e9nero en la comunicaci\u00f3n: relaciones y representatividad<\/em>e. (pp 99-123). Colecci\u00f3n Comunicaci\u00f3n E Informati\u00f3n Digital. Ediciones Egregius. ISBN 978-84-18167-16-4<\/p>\n","protected":false},"excerpt":{"rendered":"Ao longo do projeto foram publicados livros e cap\u00edtulos de livros pela equipa do projeto e que se listam nesta p\u00e1gina. Livros Morgado, L., Bidarra, J., Paz, J., Cravino, J., Loureiro, A. (2023). Passado, Presente e Futuro(s) do eLearning em Portugal: 10 anos do eLIES, LE@D, Universidade Aberta, https:\/\/doi.org\/10.34627\/leadt.2023.5 Afonso, A., Morgado, L. &amp; Roque, [&hellip;]","protected":false},"author":4,"featured_media":0,"parent":0,"menu_order":0,"comment_status":"closed","ping_status":"closed","template":"","meta":{"footnotes":""},"class_list":["post-1932","page","type-page","status-publish","hentry"],"_links":{"self":[{"href":"https:\/\/lead.uab.pt\/mov2ead\/wp-json\/wp\/v2\/pages\/1932","targetHints":{"allow":["GET"]}}],"collection":[{"href":"https:\/\/lead.uab.pt\/mov2ead\/wp-json\/wp\/v2\/pages"}],"about":[{"href":"https:\/\/lead.uab.pt\/mov2ead\/wp-json\/wp\/v2\/types\/page"}],"author":[{"embeddable":true,"href":"https:\/\/lead.uab.pt\/mov2ead\/wp-json\/wp\/v2\/users\/4"}],"replies":[{"embeddable":true,"href":"https:\/\/lead.uab.pt\/mov2ead\/wp-json\/wp\/v2\/comments?post=1932"}],"version-history":[{"count":19,"href":"https:\/\/lead.uab.pt\/mov2ead\/wp-json\/wp\/v2\/pages\/1932\/revisions"}],"predecessor-version":[{"id":2376,"href":"https:\/\/lead.uab.pt\/mov2ead\/wp-json\/wp\/v2\/pages\/1932\/revisions\/2376"}],"wp:attachment":[{"href":"https:\/\/lead.uab.pt\/mov2ead\/wp-json\/wp\/v2\/media?parent=1932"}],"curies":[{"name":"wp","href":"https:\/\/api.w.org\/{rel}","templated":true}]}}