{"id":1947,"date":"2023-05-08T07:56:11","date_gmt":"2023-05-08T06:56:11","guid":{"rendered":"https:\/\/lead.uab.pt\/mov2ead\/?page_id=1947"},"modified":"2026-01-12T18:36:07","modified_gmt":"2026-01-12T18:36:07","slug":"dissertacoes-mestrado","status":"publish","type":"page","link":"https:\/\/lead.uab.pt\/mov2ead\/dissertacoes-mestrado\/","title":{"rendered":"Disserta\u00e7\u00f5es Mestrado"},"content":{"rendered":"\n<p><\/p>\n\n\n\n<p><\/p>\n\n\n\n<p><strong>2025<\/strong><\/p>\n\n\n\n<p>Alves, M. J. (2024). <em>Health4teens: Estudo de caso sobre curso de forma\u00e7\u00e3o em bLearning para profissionais de sa\u00fade<\/em> (em curso), Mestrado em Pedagogia do eLearning,\u00a0Universidade Aberta. <a href=\"http:\/\/hdl.handle.net\/10400.2\/20544\">http:\/\/hdl.handle.net\/10400.2\/20544<\/a><\/p>\n\n\n\n<p><strong>2024<\/strong><\/p>\n\n\n\n<p>Couto, J. (   ). Transi\u00e7\u00e3o do ensino presencial para a EAD: estudo de caso no ensino superior, Mestrado em Pedagogia do eLearning. Universidade Aberta.<\/p>\n\n\n\n<p>Pimentel, L. (2024). <em>Compet\u00eancias digitais na \u00e1rea da seguran\u00e7a digital: percep\u00e7\u00e3o dos docentes do ensino superior \u00e0 dist\u00e2ncia do Brasil<\/em>, Mestrado em Pedagogia do eLearning, Universidade Aberta. <a href=\"http:\/\/hdl.handle.net\/10400.2\/16713\">http:\/\/hdl.handle.net\/10400.2\/16713<\/a><\/p>\n\n\n\n<p>Santiago, L. (2024). <em>eLearning na forma\u00e7\u00e3o t\u00e9cnica do profissional de vinhos (sommelier\/escan\u00e7\u00e3o): prot\u00f3tipo de curso baseado num jogo aberto<\/em>. Universidade Aberta.<\/p>\n\n\n\n<p><strong>2023<\/strong><\/p>\n\n\n\n<p>Chissico, P. (2023). <em>Implementa\u00e7\u00e3o da forma\u00e7\u00e3o de professores em exerc\u00edcio a dist\u00e2ncia atrav\u00e9s de dispositivos m\u00f3veis \u2013 uma experi\u00eancia em Mo\u00e7ambique<\/em>, Mestrado em Pedagogia do eLearning, Universidade Aberta. <a href=\"http:\/\/hdl.handle.net\/10400.2\/14103\">http:\/\/hdl.handle.net\/10400.2\/14103<\/a><\/p>\n\n\n\n<p>Marques, E. M. (2023).  <em>Contributos para uma compreens\u00e3o da forma\u00e7\u00e3o cont\u00ednua em avalia\u00e7\u00e3o externa do desempenho docente: um estudo de caso<\/em>, Mestrado em Supervis\u00e3o Pedag\u00f3gica, Universidade Aberta.<\/p>\n\n\n\n<p>Calado, M. V. (2023). <em>Constru\u00e7\u00e3o e implementa\u00e7\u00e3o de um modelo de aprendizagem sustentado pelos recursos Google Workspace for Education no \u00e2mbito do 1\u00ba ciclo do Ensino B\u00e1sico<\/em>, Mestrado de Recursos Digitais em Educa\u00e7\u00e3o, Instituto Polit\u00e9cnico de Santar\u00e9m.<\/p>\n\n\n\n<p>Figueiredo, M. E. (2023). <em>Envolvimento do estudante em cursos a dist\u00e2ncia: impacte da presen\u00e7a de ensino<\/em>, Mestrado em Pedagogia do eLearning, Universidade Aberta <a href=\"http:\/\/hdl.handle.net\/10400.2\/15832\">http:\/\/hdl.handle.net\/10400.2\/15832<\/a><\/p>\n\n\n\n<p><\/p>\n\n\n\n<p><strong>2022<\/strong><\/p>\n\n\n\n<p><\/p>\n\n\n\n<p>Bruno, M. L.P. (2022).Tend\u00eancias emergentes na certifica\u00e7\u00e3o da aprendizagem e das compet\u00eancias digitais: estudo de boas pr\u00e1ticas, Mestrado em Pedagogia do eLearning, Universidade Aberta.<\/p>\n\n\n\n<p>Cavaco, Miguel \u00c2ngelo Silva (2022). <em>Forma\u00e7\u00e3o profissional a dist\u00e2ncia: o caso de uma interven\u00e7\u00e3o pedag\u00f3gica em empresa de forma\u00e7\u00e3o<\/em>, Mestrado em Pedagogia do eLearning, Universidade Aberta.<\/p>\n\n\n\n<p>Naime, E. (2022). <em>Gest\u00e3o em educa\u00e7\u00e3o a dist\u00e2ncia: desenvolvimento do material did\u00e1tico em ensino a dist\u00e2ncia numa universidade corporativa<\/em>, Mestrado em Pedagogia do eLearning, Universidade Aberta.<\/p>\n\n\n\n<p>Navalha, T. (2022). <em>Perce\u00e7\u00f5es de tutores e estudantes sobre os desafios do ensensino-aprendizagem durante o Covid-19: o caso do Instituto de Educa\u00e7\u00e3o a Dist\u00e2ncia de Tete<\/em>, Mestrado em Pedagogia do eLearning, Universidade Aberta.<\/p>\n\n\n\n<p>Rodrigues, J. D. L. (2022). <em>A utiliza\u00e7\u00e3o das TIC no ensino secund\u00e1rio em Cabo Verde: um estudo de caso: perce\u00e7\u00f5es sobre as TIC nas pr\u00e1ticas docentes em escola secund\u00e1ria na Ilha de S\u00e3o Nicolau<\/em>, Mestrado em Pedagogia do eLearning, Universidade Aberta.<\/p>\n\n\n\n<p>Oliveira, A. C. B. L. (2022). <em>Forma\u00e7\u00e3o de gr\u00e1vidas sobre S\u00edfilis na gesta\u00e7\u00e3o atrav\u00e9s do mobile learning : contributo para o desenvolvimento de uma aplica\u00e7\u00e3o para dispositivos m\u00f3veis.<\/em> Mestrado em Pedagogia do eLearning, Universidade Aberta.<\/p>\n\n\n\n<p>Pereira, H. (em curso). <em>eLearning na educa\u00e7\u00e3o m\u00e9dico-veterin\u00e1ria (EMV): estudo explorat\u00f3rio sobre pr\u00e1ticas pedag\u00f3gicas inovadoras<\/em>, Mestrado em Pedagogia do eLearning, Universidade Aberta.<\/p>\n\n\n\n<p>Vieira, C. (2022). <em>Design Educacional de Conte\u00fados em EAD no \u00e2mbito Profissional: avalia\u00e7\u00e3o de um modelo<\/em>., Universidade Aberta. <a href=\"http:\/\/hdl.handle.net\/10400.2\/15121\">http:\/\/hdl.handle.net\/10400.2\/15121<\/a><\/p>\n\n\n\n<p><\/p>\n\n\n\n<p><strong>2021<\/strong><\/p>\n\n\n\n<p>Salite, T. (2021). <em>Media\u00e7\u00e3o pedag\u00f3gica em ensino a dist\u00e2ncia: o processo de feedback durante as aulas online no Centro de Educa\u00e7\u00e3o Aberta e a Dist\u00e2ncia da Universidade Pedag\u00f3gica de Maputo-Mo\u00e7ambique<\/em>, Mestrado em Pedagogia do eLearning, Universidade Aberta.<\/p>\n\n\n\n<p>Pinto, Cl\u00e1udio Rog\u00e9rio do Nascimento (2021).<em>Doc\u00eancia online durante a Covid-19: uma etnografia virtual com professores brasileiros do ensino b\u00e1sico<\/em>, Mestrado em Pedagogia do eLearning, Universidade Aberta.<\/p>\n\n\n\n<p>Oliveira, Eunice (2021). <em>Flipped classroom e sala de aula interativa no ensino do ingl\u00eas l\u00edngua estrangeira: uma pesquisa-forma\u00e7\u00e3o na cibercultura, no 2\u00ba ciclo<\/em>. Mestrado em Pedagogia do eLearning, Universidade Aberta.<\/p>\n\n\n\n<p>2020<\/p>\n\n\n\n<p>Ramos, Katia (2020). <em>Aprendizagem colaborativa online : da intera\u00e7\u00e3o \u00e0 colabora\u00e7\u00e3o ass\u00edncrona num curso de uma institui\u00e7\u00e3o de ensino profissionalizante no Brasil<\/em>. Mestrado em Pedagogia do eLearning, Universidade Aberta.<\/p>\n\n\n\n<p><\/p>\n","protected":false},"excerpt":{"rendered":"2025 Alves, M. J. (2024). Health4teens: Estudo de caso sobre curso de forma\u00e7\u00e3o em bLearning para profissionais de sa\u00fade (em curso), Mestrado em Pedagogia do eLearning,\u00a0Universidade Aberta. http:\/\/hdl.handle.net\/10400.2\/20544 2024 Couto, J. ( ). Transi\u00e7\u00e3o do ensino presencial para a EAD: estudo de caso no ensino superior, Mestrado em Pedagogia do eLearning. Universidade Aberta. Pimentel, L. [&hellip;]","protected":false},"author":4,"featured_media":0,"parent":0,"menu_order":0,"comment_status":"closed","ping_status":"closed","template":"","meta":{"footnotes":""},"class_list":["post-1947","page","type-page","status-publish","hentry"],"_links":{"self":[{"href":"https:\/\/lead.uab.pt\/mov2ead\/wp-json\/wp\/v2\/pages\/1947","targetHints":{"allow":["GET"]}}],"collection":[{"href":"https:\/\/lead.uab.pt\/mov2ead\/wp-json\/wp\/v2\/pages"}],"about":[{"href":"https:\/\/lead.uab.pt\/mov2ead\/wp-json\/wp\/v2\/types\/page"}],"author":[{"embeddable":true,"href":"https:\/\/lead.uab.pt\/mov2ead\/wp-json\/wp\/v2\/users\/4"}],"replies":[{"embeddable":true,"href":"https:\/\/lead.uab.pt\/mov2ead\/wp-json\/wp\/v2\/comments?post=1947"}],"version-history":[{"count":17,"href":"https:\/\/lead.uab.pt\/mov2ead\/wp-json\/wp\/v2\/pages\/1947\/revisions"}],"predecessor-version":[{"id":2440,"href":"https:\/\/lead.uab.pt\/mov2ead\/wp-json\/wp\/v2\/pages\/1947\/revisions\/2440"}],"wp:attachment":[{"href":"https:\/\/lead.uab.pt\/mov2ead\/wp-json\/wp\/v2\/media?parent=1947"}],"curies":[{"name":"wp","href":"https:\/\/api.w.org\/{rel}","templated":true}]}}