{"id":2015,"date":"2023-08-28T18:17:21","date_gmt":"2023-08-28T17:17:21","guid":{"rendered":"https:\/\/lead.uab.pt\/mov2ead\/?page_id=2015"},"modified":"2024-03-03T07:55:17","modified_gmt":"2024-03-03T07:55:17","slug":"bolsas","status":"publish","type":"page","link":"https:\/\/lead.uab.pt\/mov2ead\/bolsas\/","title":{"rendered":"Bolsas"},"content":{"rendered":"\n<p>O projeto acolheu uma bolsa de inicia\u00e7\u00e3o \u00e0 investiga\u00e7\u00e3o cient\u00edfica no \u00e2mbito do  financiamento especial da FCT <a href=\"https:\/\/former.fct.pt\/apoios\/veraocomciencia\/index.phtml.pt\">Ver\u00e3o Com Ci\u00eancia<\/a>22.  A estudante  <strong><em>Ester Filipa da Costa Vieira Saraiva<\/em><\/strong> foi selecionada concurso  <strong>VC22-LEAD-BII-2-MOVINGTOEaD<\/strong> entre 1 e 30 de setembro 2022.<\/p>\n\n\n\n<figure class=\"wp-block-image size-full\"><img loading=\"lazy\" decoding=\"async\" width=\"885\" height=\"243\" src=\"https:\/\/lead.uab.pt\/mov2ead\/wp-content\/uploads\/sites\/14\/2023\/08\/VeraoCiencia22_Ester-Saraiva.jpg\" alt=\"\" class=\"wp-image-2023\" srcset=\"https:\/\/lead.uab.pt\/mov2ead\/wp-content\/uploads\/sites\/14\/2023\/08\/VeraoCiencia22_Ester-Saraiva.jpg 885w, https:\/\/lead.uab.pt\/mov2ead\/wp-content\/uploads\/sites\/14\/2023\/08\/VeraoCiencia22_Ester-Saraiva-300x82.jpg 300w, https:\/\/lead.uab.pt\/mov2ead\/wp-content\/uploads\/sites\/14\/2023\/08\/VeraoCiencia22_Ester-Saraiva-768x211.jpg 768w\" sizes=\"auto, (max-width: 885px) 100vw, 885px\" \/><\/figure>\n\n\n\n<p>Como previsto no edital da referida Bolsa, o Programa de Trabalho &nbsp;implicou as seguintes atividades:<\/p>\n\n\n\n<ol class=\"wp-block-list\" style=\"list-style-type:1\">\n<li>Familiariza\u00e7\u00e3o com os objetivos e atividades do projeto;<\/li>\n\n\n\n<li>Familiariza\u00e7\u00e3o com software de an\u00e1lise de dados qualitativos;<\/li>\n\n\n\n<li>Organiza\u00e7\u00e3o, tratamento e an\u00e1lise de dados;<\/li>\n\n\n\n<li>Prepara\u00e7\u00e3o de um relat\u00f3rio sobre os resultados obtidos.<\/li>\n<\/ol>\n\n\n\n<p>O trabalho foi desenvolvido nas instala\u00e7\u00f5es do LE@D, Laborat\u00f3rio de Educa\u00e7\u00e3o a Dist\u00e2ncia e eLearning, Rua Almirante Barroso, 38 . Sala 12, 1000-013 Lisboa &#8211; Portugal \u00a0sob orienta\u00e7\u00e3o cient\u00edfica da Prof. Doutora Lina Maria Gaspar Morgado e, em trabalho remoto, com por acordo entre a equipa de investiga\u00e7\u00e3o e a bolseira.<\/p>\n\n\n","protected":false},"excerpt":{"rendered":"O projeto acolheu uma bolsa de inicia\u00e7\u00e3o \u00e0 investiga\u00e7\u00e3o cient\u00edfica no \u00e2mbito do financiamento especial da FCT Ver\u00e3o Com Ci\u00eancia22. A estudante Ester Filipa da Costa Vieira Saraiva foi selecionada concurso VC22-LEAD-BII-2-MOVINGTOEaD entre 1 e 30 de setembro 2022. Como previsto no edital da referida Bolsa, o Programa de Trabalho &nbsp;implicou as seguintes atividades: O [&hellip;]","protected":false},"author":4,"featured_media":0,"parent":0,"menu_order":0,"comment_status":"closed","ping_status":"closed","template":"","meta":{"footnotes":""},"class_list":["post-2015","page","type-page","status-publish","hentry"],"_links":{"self":[{"href":"https:\/\/lead.uab.pt\/mov2ead\/wp-json\/wp\/v2\/pages\/2015","targetHints":{"allow":["GET"]}}],"collection":[{"href":"https:\/\/lead.uab.pt\/mov2ead\/wp-json\/wp\/v2\/pages"}],"about":[{"href":"https:\/\/lead.uab.pt\/mov2ead\/wp-json\/wp\/v2\/types\/page"}],"author":[{"embeddable":true,"href":"https:\/\/lead.uab.pt\/mov2ead\/wp-json\/wp\/v2\/users\/4"}],"replies":[{"embeddable":true,"href":"https:\/\/lead.uab.pt\/mov2ead\/wp-json\/wp\/v2\/comments?post=2015"}],"version-history":[{"count":6,"href":"https:\/\/lead.uab.pt\/mov2ead\/wp-json\/wp\/v2\/pages\/2015\/revisions"}],"predecessor-version":[{"id":2062,"href":"https:\/\/lead.uab.pt\/mov2ead\/wp-json\/wp\/v2\/pages\/2015\/revisions\/2062"}],"wp:attachment":[{"href":"https:\/\/lead.uab.pt\/mov2ead\/wp-json\/wp\/v2\/media?parent=2015"}],"curies":[{"name":"wp","href":"https:\/\/api.w.org\/{rel}","templated":true}]}}