{"id":2065,"date":"2024-04-02T11:37:43","date_gmt":"2024-04-02T10:37:43","guid":{"rendered":"https:\/\/lead.uab.pt\/mov2ead\/?page_id=2065"},"modified":"2024-04-02T11:45:53","modified_gmt":"2024-04-02T10:45:53","slug":"tese-doutoramento","status":"publish","type":"page","link":"https:\/\/lead.uab.pt\/mov2ead\/tese-doutoramento\/","title":{"rendered":"Tese Doutoramento"},"content":{"rendered":"\n<p><\/p>\n\n\n\n<p>Oliveira, M. T. S. (2022). <em>Emo\u00e7\u00f5es online: estudo da din\u00e2mica emocional em diferentes cen\u00e1rios de aprendizagem, no ensino superior a dist\u00e2ncia em Portugal<\/em>,  Doutoramento em Educa\u00e7\u00e3o, especialidade de Educa\u00e7\u00e3o a Dist\u00e2ncia e eLearning, Universidade Aberta.<\/p>\n\n\n\n<p>Martins, D. M. (2022). <em>Doc\u00eancia nos sistemas de educa\u00e7\u00e3o a dist\u00e2ncia: estudo de identidade e perfis do docente online<\/em>, Doutoramento em Educa\u00e7\u00e3o, especialidade de Educa\u00e7\u00e3o a Dist\u00e2ncia e eLearning, Universidade Aberta. [Bolsa de Doutoramento]<\/p>\n\n\n\n<p>Neves, A. M. (2021). <em>A \u2018agenda\u2019 do estudante online: contributo para o estudo das suas vari\u00e1veis cr\u00edticas<\/em>, Doutoramento em Educa\u00e7\u00e3o, especialidade de Educa\u00e7\u00e3o a Dist\u00e2ncia e eLearning, Universidade Aberta.<\/p>\n","protected":false},"excerpt":{"rendered":"Oliveira, M. T. S. (2022). Emo\u00e7\u00f5es online: estudo da din\u00e2mica emocional em diferentes cen\u00e1rios de aprendizagem, no ensino superior a dist\u00e2ncia em Portugal, Doutoramento em Educa\u00e7\u00e3o, especialidade de Educa\u00e7\u00e3o a Dist\u00e2ncia e eLearning, Universidade Aberta. Martins, D. M. (2022). Doc\u00eancia nos sistemas de educa\u00e7\u00e3o a dist\u00e2ncia: estudo de identidade e perfis do docente online, Doutoramento [&hellip;]","protected":false},"author":4,"featured_media":0,"parent":0,"menu_order":0,"comment_status":"closed","ping_status":"closed","template":"","meta":{"footnotes":""},"class_list":["post-2065","page","type-page","status-publish","hentry"],"_links":{"self":[{"href":"https:\/\/lead.uab.pt\/mov2ead\/wp-json\/wp\/v2\/pages\/2065","targetHints":{"allow":["GET"]}}],"collection":[{"href":"https:\/\/lead.uab.pt\/mov2ead\/wp-json\/wp\/v2\/pages"}],"about":[{"href":"https:\/\/lead.uab.pt\/mov2ead\/wp-json\/wp\/v2\/types\/page"}],"author":[{"embeddable":true,"href":"https:\/\/lead.uab.pt\/mov2ead\/wp-json\/wp\/v2\/users\/4"}],"replies":[{"embeddable":true,"href":"https:\/\/lead.uab.pt\/mov2ead\/wp-json\/wp\/v2\/comments?post=2065"}],"version-history":[{"count":2,"href":"https:\/\/lead.uab.pt\/mov2ead\/wp-json\/wp\/v2\/pages\/2065\/revisions"}],"predecessor-version":[{"id":2069,"href":"https:\/\/lead.uab.pt\/mov2ead\/wp-json\/wp\/v2\/pages\/2065\/revisions\/2069"}],"wp:attachment":[{"href":"https:\/\/lead.uab.pt\/mov2ead\/wp-json\/wp\/v2\/media?parent=2065"}],"curies":[{"name":"wp","href":"https:\/\/api.w.org\/{rel}","templated":true}]}}