{"id":2094,"date":"2024-12-02T12:47:37","date_gmt":"2024-12-02T12:47:37","guid":{"rendered":"https:\/\/lead.uab.pt\/mov2ead\/?page_id=2094"},"modified":"2024-12-02T18:25:18","modified_gmt":"2024-12-02T18:25:18","slug":"pos-docs","status":"publish","type":"page","link":"https:\/\/lead.uab.pt\/mov2ead\/pos-docs\/","title":{"rendered":"P\u00f3s Docs"},"content":{"rendered":"\n<p class=\"has-large-font-size\"><strong>P\u00f3s-Doc<\/strong><\/p>\n\n\n\n<p>Entre 2020 e 2023 o projeto acolheu os seguintes p\u00f3s-docs:<\/p>\n\n\n\n<p>Tumbo, D. (2021-2022). <em>Referencial de Qualidade para Modelos de Educa\u00e7\u00e3o a Dist\u00e2ncia e eLearning em Institui\u00e7\u00f5es de Ensino Superior em Mo\u00e7ambique<\/em>, Laborat\u00f3rio de Educa\u00e7\u00e3o a Dist\u00e2ncia e eLearning, Universidade Aberta.<\/p>\n","protected":false},"excerpt":{"rendered":"P\u00f3s-Doc Entre 2020 e 2023 o projeto acolheu os seguintes p\u00f3s-docs: Tumbo, D. (2021-2022). Referencial de Qualidade para Modelos de Educa\u00e7\u00e3o a Dist\u00e2ncia e eLearning em Institui\u00e7\u00f5es de Ensino Superior em Mo\u00e7ambique, Laborat\u00f3rio de Educa\u00e7\u00e3o a Dist\u00e2ncia e eLearning, Universidade Aberta.","protected":false},"author":4,"featured_media":0,"parent":0,"menu_order":0,"comment_status":"closed","ping_status":"closed","template":"","meta":{"footnotes":""},"class_list":["post-2094","page","type-page","status-publish","hentry"],"_links":{"self":[{"href":"https:\/\/lead.uab.pt\/mov2ead\/wp-json\/wp\/v2\/pages\/2094","targetHints":{"allow":["GET"]}}],"collection":[{"href":"https:\/\/lead.uab.pt\/mov2ead\/wp-json\/wp\/v2\/pages"}],"about":[{"href":"https:\/\/lead.uab.pt\/mov2ead\/wp-json\/wp\/v2\/types\/page"}],"author":[{"embeddable":true,"href":"https:\/\/lead.uab.pt\/mov2ead\/wp-json\/wp\/v2\/users\/4"}],"replies":[{"embeddable":true,"href":"https:\/\/lead.uab.pt\/mov2ead\/wp-json\/wp\/v2\/comments?post=2094"}],"version-history":[{"count":3,"href":"https:\/\/lead.uab.pt\/mov2ead\/wp-json\/wp\/v2\/pages\/2094\/revisions"}],"predecessor-version":[{"id":2199,"href":"https:\/\/lead.uab.pt\/mov2ead\/wp-json\/wp\/v2\/pages\/2094\/revisions\/2199"}],"wp:attachment":[{"href":"https:\/\/lead.uab.pt\/mov2ead\/wp-json\/wp\/v2\/media?parent=2094"}],"curies":[{"name":"wp","href":"https:\/\/api.w.org\/{rel}","templated":true}]}}