{"id":2151,"date":"2024-12-02T15:33:00","date_gmt":"2024-12-02T15:33:00","guid":{"rendered":"https:\/\/lead.uab.pt\/mov2ead\/?page_id=2151"},"modified":"2025-01-06T17:14:45","modified_gmt":"2025-01-06T17:14:45","slug":"cursos","status":"publish","type":"page","link":"https:\/\/lead.uab.pt\/mov2ead\/cursos\/","title":{"rendered":"Cursos"},"content":{"rendered":"\n<p class=\"has-large-font-size\"><strong>Cursos<\/strong><\/p>\n\n\n\n<p>No per\u00edodo do p\u00f3s-COVID, e alinhado com os resultados do projeto,  foram propostos os seguintes cursos de forma\u00e7\u00e3o  dirigidos a professores e  a pais. Os cursos dirigidos a professores est\u00e3o acreditados  como forma\u00e7\u00e3o cont\u00ednua:<\/p>\n\n\n\n<p><em><a href=\"https:\/\/portal.uab.pt\/alv\/cursos_alv\/dilemas-do-ensino-a-distancia-para-criancas-como-fazer\/\" data-type=\"link\" data-id=\"https:\/\/portal.uab.pt\/alv\/cursos_alv\/dilemas-do-ensino-a-distancia-para-criancas-como-fazer\/\">Dilemas do Ensino a Dist\u00e2ncia para Crian\u00e7as: Como fazer? <\/a> <\/em><\/p>\n\n\n\n<div class=\"wp-block-media-text is-stacked-on-mobile\" style=\"grid-template-columns:25% auto\"><figure class=\"wp-block-media-text__media\"><img loading=\"lazy\" decoding=\"async\" width=\"387\" height=\"262\" src=\"https:\/\/lead.uab.pt\/mov2ead\/wp-content\/uploads\/sites\/14\/2024\/12\/dilemas.png\" alt=\"\" class=\"wp-image-2193 size-full\" srcset=\"https:\/\/lead.uab.pt\/mov2ead\/wp-content\/uploads\/sites\/14\/2024\/12\/dilemas.png 387w, https:\/\/lead.uab.pt\/mov2ead\/wp-content\/uploads\/sites\/14\/2024\/12\/dilemas-300x203.png 300w\" sizes=\"auto, (max-width: 387px) 100vw, 387px\" \/><\/figure><div class=\"wp-block-media-text__content\">\n<p>1 ECTS &#8211; 26 horas<\/p>\n\n\n\n<p><em>CCPFC\/ACC-114617\/22<\/em><\/p>\n\n\n\n<p><\/p>\n<\/div><\/div>\n\n\n\n<div class=\"wp-block-media-text is-stacked-on-mobile\" style=\"grid-template-columns:25% auto\"><figure class=\"wp-block-media-text__media\"><img loading=\"lazy\" decoding=\"async\" width=\"352\" height=\"241\" src=\"https:\/\/lead.uab.pt\/mov2ead\/wp-content\/uploads\/sites\/14\/2024\/12\/Ciberbulling-1.jpg\" alt=\"\" class=\"wp-image-2192 size-full\" srcset=\"https:\/\/lead.uab.pt\/mov2ead\/wp-content\/uploads\/sites\/14\/2024\/12\/Ciberbulling-1.jpg 352w, https:\/\/lead.uab.pt\/mov2ead\/wp-content\/uploads\/sites\/14\/2024\/12\/Ciberbulling-1-300x205.jpg 300w\" sizes=\"auto, (max-width: 352px) 100vw, 352px\" \/><\/figure><div class=\"wp-block-media-text__content\">\n<p><a href=\"https:\/\/portal.uab.pt\/alv\/cursos_alv\/cyberbullying-da-consciencializacao-a-prevencao-2\/\" data-type=\"link\" data-id=\"https:\/\/portal.uab.pt\/alv\/cursos_alv\/cyberbullying-da-consciencializacao-a-prevencao-2\/\">Cyberbullying: da consciencializa\u00e7\u00e3o \u00e0 preven\u00e7\u00e3o<\/a> <\/p>\n\n\n\n<p>2 ECTS, 52horas<\/p>\n\n\n\n<p>CCPFC\/ACC-114289\/22<\/p>\n<\/div><\/div>\n\n\n\n<div class=\"wp-block-media-text is-stacked-on-mobile\" style=\"grid-template-columns:24% auto\"><figure class=\"wp-block-media-text__media\"><img loading=\"lazy\" decoding=\"async\" width=\"376\" height=\"246\" src=\"https:\/\/lead.uab.pt\/mov2ead\/wp-content\/uploads\/sites\/14\/2024\/12\/Curso-MCDAO.jpg\" alt=\"\" class=\"wp-image-2298 size-full\" srcset=\"https:\/\/lead.uab.pt\/mov2ead\/wp-content\/uploads\/sites\/14\/2024\/12\/Curso-MCDAO.jpg 376w, https:\/\/lead.uab.pt\/mov2ead\/wp-content\/uploads\/sites\/14\/2024\/12\/Curso-MCDAO-300x196.jpg 300w\" sizes=\"auto, (max-width: 376px) 100vw, 376px\" \/><\/figure><div class=\"wp-block-media-text__content\">\n<p><a href=\"https:\/\/portal.uab.pt\/alv\/cursos_alv\/metodologias-criativas-do-design-da-aprendizagem-online-mcda\/\" data-type=\"link\" data-id=\"https:\/\/portal.uab.pt\/alv\/cursos_alv\/metodologias-criativas-do-design-da-aprendizagem-online-mcda\/\">Metodologias Criativas do Design da Aprendizagem Online<\/a><\/p>\n\n\n\n<p>1 ECTS, 26 horas<\/p>\n\n\n\n<p>CCPFC\/ACC-111220\/21<\/p>\n<\/div><\/div>\n\n\n\n<div class=\"wp-block-media-text is-stacked-on-mobile\" style=\"grid-template-columns:26% auto\"><figure class=\"wp-block-media-text__media\"><img loading=\"lazy\" decoding=\"async\" width=\"388\" height=\"313\" src=\"https:\/\/lead.uab.pt\/mov2ead\/wp-content\/uploads\/sites\/14\/2024\/12\/255284711_4669797083080363_6227547532530129157_n.jpg\" alt=\"\" class=\"wp-image-2299 size-full\" srcset=\"https:\/\/lead.uab.pt\/mov2ead\/wp-content\/uploads\/sites\/14\/2024\/12\/255284711_4669797083080363_6227547532530129157_n.jpg 388w, https:\/\/lead.uab.pt\/mov2ead\/wp-content\/uploads\/sites\/14\/2024\/12\/255284711_4669797083080363_6227547532530129157_n-300x242.jpg 300w\" sizes=\"auto, (max-width: 388px) 100vw, 388px\" \/><\/figure><div class=\"wp-block-media-text__content\">\n<p><a href=\"https:\/\/portal.uab.pt\/alv\/cursos_alv\/english-design-da-aprendizagem-para-contextos-online-e-hibridos-dacoh\/\">Design da Aprendizagem para Contextos Online e H\u00edbridos<\/a> (DACOH)<\/p>\n\n\n\n<p>1 ECTS, 26 horas<\/p>\n\n\n\n<p>CCPFC\/ACC-111212\/21.<\/p>\n<\/div><\/div>\n\n\n\n<p><\/p>\n","protected":false},"excerpt":{"rendered":"Cursos No per\u00edodo do p\u00f3s-COVID, e alinhado com os resultados do projeto, foram propostos os seguintes cursos de forma\u00e7\u00e3o dirigidos a professores e a pais. Os cursos dirigidos a professores est\u00e3o acreditados como forma\u00e7\u00e3o cont\u00ednua: Dilemas do Ensino a Dist\u00e2ncia para Crian\u00e7as: Como fazer? 1 ECTS &#8211; 26 horas CCPFC\/ACC-114617\/22 Cyberbullying: da consciencializa\u00e7\u00e3o \u00e0 preven\u00e7\u00e3o [&hellip;]","protected":false},"author":4,"featured_media":0,"parent":0,"menu_order":0,"comment_status":"closed","ping_status":"closed","template":"","meta":{"footnotes":""},"class_list":["post-2151","page","type-page","status-publish","hentry"],"_links":{"self":[{"href":"https:\/\/lead.uab.pt\/mov2ead\/wp-json\/wp\/v2\/pages\/2151","targetHints":{"allow":["GET"]}}],"collection":[{"href":"https:\/\/lead.uab.pt\/mov2ead\/wp-json\/wp\/v2\/pages"}],"about":[{"href":"https:\/\/lead.uab.pt\/mov2ead\/wp-json\/wp\/v2\/types\/page"}],"author":[{"embeddable":true,"href":"https:\/\/lead.uab.pt\/mov2ead\/wp-json\/wp\/v2\/users\/4"}],"replies":[{"embeddable":true,"href":"https:\/\/lead.uab.pt\/mov2ead\/wp-json\/wp\/v2\/comments?post=2151"}],"version-history":[{"count":14,"href":"https:\/\/lead.uab.pt\/mov2ead\/wp-json\/wp\/v2\/pages\/2151\/revisions"}],"predecessor-version":[{"id":2435,"href":"https:\/\/lead.uab.pt\/mov2ead\/wp-json\/wp\/v2\/pages\/2151\/revisions\/2435"}],"wp:attachment":[{"href":"https:\/\/lead.uab.pt\/mov2ead\/wp-json\/wp\/v2\/media?parent=2151"}],"curies":[{"name":"wp","href":"https:\/\/api.w.org\/{rel}","templated":true}]}}