{"id":2154,"date":"2024-12-02T15:34:21","date_gmt":"2024-12-02T15:34:21","guid":{"rendered":"https:\/\/lead.uab.pt\/mov2ead\/?page_id=2154"},"modified":"2025-01-06T17:13:50","modified_gmt":"2025-01-06T17:13:50","slug":"recursos-digitais-2","status":"publish","type":"page","link":"https:\/\/lead.uab.pt\/mov2ead\/recursos-digitais-2\/","title":{"rendered":"Recursos Educacionais Abertos"},"content":{"rendered":"\n<p><\/p>\n\n\n\n<p><strong>Aula Aberta &#8211; REP@ (Recurso Pedag\u00f3gico Aberto <\/strong><\/p>\n\n\n\n<p>Participa\u00e7\u00e3o do investigador  Jo\u00e3o Paz no desenvolvimento de um REP@ (Recurso Pedag\u00f3gico Aberto  dirigido a Professores do ensino n\u00e3o-superior sobre Avalia\u00e7\u00e3o Digital.<\/p>\n\n\n\n<p><a href=\"https:\/\/aulaberta.uab.pt\/blocks\/catalog\/detail.php?id=52\" data-type=\"link\" data-id=\"https:\/\/aulaberta.uab.pt\/blocks\/catalog\/detail.php?id=52\">Avalia\u00e7\u00e3o Digital no Ensino B\u00e1sico e Secund\u00e1rio<\/a><\/p>\n\n\n\n<figure class=\"wp-block-image size-full is-resized\"><a href=\"https:\/\/aulaberta.uab.pt\/blocks\/catalog\/detail.php?id=52\"><img loading=\"lazy\" decoding=\"async\" width=\"468\" height=\"234\" src=\"https:\/\/lead.uab.pt\/mov2ead\/wp-content\/uploads\/sites\/14\/2025\/01\/avaliacao-digital.png\" alt=\"\" class=\"wp-image-2433\" style=\"width:320px;height:auto\" srcset=\"https:\/\/lead.uab.pt\/mov2ead\/wp-content\/uploads\/sites\/14\/2025\/01\/avaliacao-digital.png 468w, https:\/\/lead.uab.pt\/mov2ead\/wp-content\/uploads\/sites\/14\/2025\/01\/avaliacao-digital-300x150.png 300w\" sizes=\"auto, (max-width: 468px) 100vw, 468px\" \/><\/a><\/figure>\n\n\n\n<p><\/p>\n\n\n\n<p><strong>V\u00eddeos<\/strong><\/p>\n\n\n\n<figure class=\"wp-block-embed is-type-video is-provider-youtube wp-block-embed-youtube wp-embed-aspect-16-9 wp-has-aspect-ratio\"><div class=\"wp-block-embed__wrapper\">\n<iframe loading=\"lazy\" title=\"eLIES 2023 - Pr\u00e1ticas e prefer\u00eancias de docentes sobre o uso do v\u00eddeo como recurso de ensino online\" width=\"500\" height=\"281\" src=\"https:\/\/www.youtube.com\/embed\/LSMOHnQ59so?feature=oembed\" frameborder=\"0\" allow=\"accelerometer; autoplay; clipboard-write; encrypted-media; gyroscope; picture-in-picture; web-share\" referrerpolicy=\"strict-origin-when-cross-origin\" allowfullscreen><\/iframe>\n<\/div><\/figure>\n\n\n\n<p><\/p>\n\n\n\n<figure class=\"wp-block-embed is-type-video is-provider-youtube wp-block-embed-youtube wp-embed-aspect-16-9 wp-has-aspect-ratio\"><div class=\"wp-block-embed__wrapper\">\n<iframe loading=\"lazy\" title=\"eLIES 2023 - Capacita\u00e7\u00e3o dos docentes do ensino superior para o ensino a dist\u00e2ncia\" width=\"500\" height=\"281\" src=\"https:\/\/www.youtube.com\/embed\/SujrEDFPjz0?feature=oembed\" frameborder=\"0\" allow=\"accelerometer; autoplay; clipboard-write; encrypted-media; gyroscope; picture-in-picture; web-share\" referrerpolicy=\"strict-origin-when-cross-origin\" allowfullscreen><\/iframe>\n<\/div><\/figure>\n","protected":false},"excerpt":{"rendered":"Aula Aberta &#8211; REP@ (Recurso Pedag\u00f3gico Aberto Participa\u00e7\u00e3o do investigador Jo\u00e3o Paz no desenvolvimento de um REP@ (Recurso Pedag\u00f3gico Aberto dirigido a Professores do ensino n\u00e3o-superior sobre Avalia\u00e7\u00e3o Digital. Avalia\u00e7\u00e3o Digital no Ensino B\u00e1sico e Secund\u00e1rio V\u00eddeos","protected":false},"author":4,"featured_media":0,"parent":0,"menu_order":0,"comment_status":"closed","ping_status":"closed","template":"","meta":{"footnotes":""},"class_list":["post-2154","page","type-page","status-publish","hentry"],"_links":{"self":[{"href":"https:\/\/lead.uab.pt\/mov2ead\/wp-json\/wp\/v2\/pages\/2154","targetHints":{"allow":["GET"]}}],"collection":[{"href":"https:\/\/lead.uab.pt\/mov2ead\/wp-json\/wp\/v2\/pages"}],"about":[{"href":"https:\/\/lead.uab.pt\/mov2ead\/wp-json\/wp\/v2\/types\/page"}],"author":[{"embeddable":true,"href":"https:\/\/lead.uab.pt\/mov2ead\/wp-json\/wp\/v2\/users\/4"}],"replies":[{"embeddable":true,"href":"https:\/\/lead.uab.pt\/mov2ead\/wp-json\/wp\/v2\/comments?post=2154"}],"version-history":[{"count":5,"href":"https:\/\/lead.uab.pt\/mov2ead\/wp-json\/wp\/v2\/pages\/2154\/revisions"}],"predecessor-version":[{"id":2434,"href":"https:\/\/lead.uab.pt\/mov2ead\/wp-json\/wp\/v2\/pages\/2154\/revisions\/2434"}],"wp:attachment":[{"href":"https:\/\/lead.uab.pt\/mov2ead\/wp-json\/wp\/v2\/media?parent=2154"}],"curies":[{"name":"wp","href":"https:\/\/api.w.org\/{rel}","templated":true}]}}