{"id":2290,"date":"2024-12-20T10:32:28","date_gmt":"2024-12-20T10:32:28","guid":{"rendered":"https:\/\/lead.uab.pt\/mov2ead\/?page_id=2290"},"modified":"2025-01-06T17:02:13","modified_gmt":"2025-01-06T17:02:13","slug":"comunidade-virtual","status":"publish","type":"page","link":"https:\/\/lead.uab.pt\/mov2ead\/comunidade-virtual\/","title":{"rendered":"Comunidade Virtual"},"content":{"rendered":"\n<p><\/p>\n\n\n\n<p>Durante o per\u00edodo da Pandemia, v\u00e1rios investigadores da equipa do projeto participaram como curadores da iniciativa nacional de cria\u00e7\u00e3o da Comunidade Aberta <strong><a href=\"https:\/\/eagoraead.wixsite.com\/ensinaradistancia\">#eagoraead<\/a><\/strong>:<\/p>\n\n\n\n<ul class=\"wp-block-list\">\n<li> Ana Loureiro<\/li>\n\n\n\n<li>In\u00eas Messias<\/li>\n\n\n\n<li>Jo\u00e3o Paz<\/li>\n\n\n\n<li>Lina Morgado<\/li>\n\n\n\n<li>Maria Antonieta Rocha<\/li>\n\n\n\n<li>Nuno R. Oliveira<\/li>\n\n\n\n<li>Paula Cardoso<\/li>\n\n\n\n<li>Paula Carolei (P\u00f3s-Doc)<\/li>\n<\/ul>\n\n\n\n<p>Esta iniciativa teve como objetivo:<\/p>\n\n\n\n<p> &#8221; No quadro da comunidade cient\u00edfica nacional de educa\u00e7\u00e3o a dist\u00e2ncia, um grupo de especialistas associou-se para partilhar aberta e livremente o seu conhecimento e experi\u00eancia. A iniciativa&nbsp;<strong>Ensinar a Dist\u00e2ncia [#eagoraead]<\/strong>&nbsp;d\u00e1 express\u00e3o a esta disponibilidade, contando ainda com a ades\u00e3o de um conjunto de reputados colegas internacionais que autorizaram a dissemina\u00e7\u00e3o dos seus materiais.&#8221;<\/p>\n\n\n\n<figure class=\"wp-block-image size-large\"><a href=\"https:\/\/eagoraead.wixsite.com\/ensinaradistancia\"><img loading=\"lazy\" decoding=\"async\" width=\"1024\" height=\"468\" src=\"https:\/\/lead.uab.pt\/mov2ead\/wp-content\/uploads\/sites\/14\/2024\/12\/eagoraead-1024x468.png\" alt=\"\" class=\"wp-image-2291\" srcset=\"https:\/\/lead.uab.pt\/mov2ead\/wp-content\/uploads\/sites\/14\/2024\/12\/eagoraead-1024x468.png 1024w, https:\/\/lead.uab.pt\/mov2ead\/wp-content\/uploads\/sites\/14\/2024\/12\/eagoraead-300x137.png 300w, https:\/\/lead.uab.pt\/mov2ead\/wp-content\/uploads\/sites\/14\/2024\/12\/eagoraead-768x351.png 768w, https:\/\/lead.uab.pt\/mov2ead\/wp-content\/uploads\/sites\/14\/2024\/12\/eagoraead.png 1117w\" sizes=\"auto, (max-width: 1024px) 100vw, 1024px\" \/><\/a><\/figure>\n\n\n\n<p><a href=\"https:\/\/eagoraead.wixsite.com\/ensinaradistancia\">https:\/\/eagoraead.wixsite.com\/ensinaradistancia<\/a><\/p>\n\n\n\n<p><\/p>\n","protected":false},"excerpt":{"rendered":"Durante o per\u00edodo da Pandemia, v\u00e1rios investigadores da equipa do projeto participaram como curadores da iniciativa nacional de cria\u00e7\u00e3o da Comunidade Aberta #eagoraead: Esta iniciativa teve como objetivo: &#8221; No quadro da comunidade cient\u00edfica nacional de educa\u00e7\u00e3o a dist\u00e2ncia, um grupo de especialistas associou-se para partilhar aberta e livremente o seu conhecimento e experi\u00eancia. A [&hellip;]","protected":false},"author":4,"featured_media":0,"parent":0,"menu_order":0,"comment_status":"closed","ping_status":"closed","template":"","meta":{"footnotes":""},"class_list":["post-2290","page","type-page","status-publish","hentry"],"_links":{"self":[{"href":"https:\/\/lead.uab.pt\/mov2ead\/wp-json\/wp\/v2\/pages\/2290","targetHints":{"allow":["GET"]}}],"collection":[{"href":"https:\/\/lead.uab.pt\/mov2ead\/wp-json\/wp\/v2\/pages"}],"about":[{"href":"https:\/\/lead.uab.pt\/mov2ead\/wp-json\/wp\/v2\/types\/page"}],"author":[{"embeddable":true,"href":"https:\/\/lead.uab.pt\/mov2ead\/wp-json\/wp\/v2\/users\/4"}],"replies":[{"embeddable":true,"href":"https:\/\/lead.uab.pt\/mov2ead\/wp-json\/wp\/v2\/comments?post=2290"}],"version-history":[{"count":3,"href":"https:\/\/lead.uab.pt\/mov2ead\/wp-json\/wp\/v2\/pages\/2290\/revisions"}],"predecessor-version":[{"id":2431,"href":"https:\/\/lead.uab.pt\/mov2ead\/wp-json\/wp\/v2\/pages\/2290\/revisions\/2431"}],"wp:attachment":[{"href":"https:\/\/lead.uab.pt\/mov2ead\/wp-json\/wp\/v2\/media?parent=2290"}],"curies":[{"name":"wp","href":"https:\/\/api.w.org\/{rel}","templated":true}]}}