{"id":2023,"date":"2023-12-07T10:00:46","date_gmt":"2023-12-07T10:00:46","guid":{"rendered":"https:\/\/lead.uab.pt\/oblid\/?page_id=2023"},"modified":"2024-06-26T01:06:06","modified_gmt":"2024-06-26T00:06:06","slug":"objetivos","status":"publish","type":"page","link":"https:\/\/lead.uab.pt\/oblid\/objetivos\/","title":{"rendered":"OBJETIVOS"},"content":{"rendered":"\n<p class=\"has-large-font-size\">Quais s\u00e3o os nossos objetivos?<\/p>\n\n\n\n<div style=\"height:47px\" aria-hidden=\"true\" class=\"wp-block-spacer\"><\/div>\n\n\n\n<div class=\"wp-block-columns is-layout-flex wp-container-core-columns-is-layout-1 wp-block-columns-is-layout-flex\">\n<div class=\"wp-block-column is-layout-flow wp-block-column-is-layout-flow\" style=\"flex-basis:50%\">\n<div id=\"gba_d8537b-4c\" class=\"wp-block-c3-framew-gutenbergblocks-accordionblock gba gba-view gba_d8537b-4c c3-framew-gutenbergblocks-accordionblock\">\n<div id=\"gba-pane_eb6ce7-d7\" class=\"wp-block-c3-framew-gutenbergblocks-accordionblock-pane gba-pane gba-pane-save gba-pane_eb6ce7-d7 c3-framew-gutenbergblocks-accordionblock-pane\"><div class=\"card\"><div class=\"card-header\" id=\"gba-pane-heading_eb6ce7-d7\"><div class=\"mb-0\"><button class=\"btn btn-link gba-expanded\" type=\"button\" aria-controls=\"gba-pane-collapse_eb6ce7-d7\" aria-expanded=\"true\"><span class=\"gba-pane-title\">Promover a Inclus\u00e3o Digital<\/span><\/button><\/div><\/div><div id=\"gba-pane-collapse_eb6ce7-d7\" class=\"panel-content show\" aria-labelledby=\"gba-pane-heading_eb6ce7-d7\" data-parent=\"#gba_d8537b-4c\"><div class=\"card-body\">\n<p>Participar no movimento coletivo para a promo\u00e7\u00e3o da Cidadania Digital<\/p>\n<\/div><\/div><\/div><\/div>\n<\/div>\n<\/div>\n\n\n\n<div class=\"wp-block-column is-layout-flow wp-block-column-is-layout-flow\" style=\"flex-basis:50%\">\n<div id=\"gba_789078-05\" class=\"wp-block-c3-framew-gutenbergblocks-accordionblock gba gba-view gba_789078-05 c3-framew-gutenbergblocks-accordionblock\">\n<div id=\"gba-pane_e93e62-cb\" class=\"wp-block-c3-framew-gutenbergblocks-accordionblock-pane gba-pane gba-pane-save gba-pane_e93e62-cb c3-framew-gutenbergblocks-accordionblock-pane\"><div class=\"card\"><div class=\"card-header\" id=\"gba-pane-heading_e93e62-cb\"><div class=\"mb-0\"><button class=\"btn btn-link gba-expanded\" type=\"button\" aria-controls=\"gba-pane-collapse_e93e62-cb\" aria-expanded=\"true\"><span class=\"gba-pane-title\">Desenvolver projetos de investiga\u00e7\u00e3o sobre Inclus\u00e3o Digital<\/span><\/button><\/div><\/div><div id=\"gba-pane-collapse_e93e62-cb\" class=\"panel-content show\" aria-labelledby=\"gba-pane-heading_e93e62-cb\" data-parent=\"#gba_789078-05\"><div class=\"card-body\">\n<p>Desenvolver projetos de investiga\u00e7\u00e3o orientados para o conhecimento aprofundado da literacia e inclus\u00e3o digital, em \u00e2mbito municipal.<\/p>\n<\/div><\/div><\/div><\/div>\n<\/div>\n<\/div>\n<\/div>\n\n\n\n<div class=\"wp-block-columns is-layout-flex wp-container-core-columns-is-layout-2 wp-block-columns-is-layout-flex\">\n<div class=\"wp-block-column is-layout-flow wp-block-column-is-layout-flow\" style=\"flex-basis:50%\">\n<div id=\"gba_7839d7-fe\" class=\"wp-block-c3-framew-gutenbergblocks-accordionblock gba gba-view gba_7839d7-fe c3-framew-gutenbergblocks-accordionblock\">\n<div id=\"gba-pane_8c6d56-6f\" class=\"wp-block-c3-framew-gutenbergblocks-accordionblock-pane gba-pane gba-pane-save gba-pane_8c6d56-6f c3-framew-gutenbergblocks-accordionblock-pane\"><div class=\"card\"><div class=\"card-header\" id=\"gba-pane-heading_8c6d56-6f\"><div class=\"mb-0\"><button class=\"btn btn-link gba-expanded\" type=\"button\" aria-controls=\"gba-pane-collapse_8c6d56-6f\" aria-expanded=\"true\"><span class=\"gba-pane-title\">Monitorizar usos das tecnologias digitais<\/span><\/button><\/div><\/div><div id=\"gba-pane-collapse_8c6d56-6f\" class=\"panel-content show\" aria-labelledby=\"gba-pane-heading_8c6d56-6f\" data-parent=\"#gba_7839d7-fe\"><div class=\"card-body\">\n<p>Monitorizar os usos sociais e educativos das tecnologias digitais nos munic\u00edpios, comunidades intermunicipais, associa\u00e7\u00f5es, ONG\u2019s e outros membros da Rede ObLID.<\/p>\n<\/div><\/div><\/div><\/div>\n<\/div>\n<\/div>\n\n\n\n<div class=\"wp-block-column is-layout-flow wp-block-column-is-layout-flow\" style=\"flex-basis:50%\">\n<div id=\"gba_1b2d3f-7b\" class=\"wp-block-c3-framew-gutenbergblocks-accordionblock gba gba-view gba_1b2d3f-7b c3-framew-gutenbergblocks-accordionblock\">\n<div id=\"gba-pane_e0e452-97\" class=\"wp-block-c3-framew-gutenbergblocks-accordionblock-pane gba-pane gba-pane-save gba-pane_e0e452-97 c3-framew-gutenbergblocks-accordionblock-pane\"><div class=\"card\"><div class=\"card-header\" id=\"gba-pane-heading_e0e452-97\"><div class=\"mb-0\"><button class=\"btn btn-link gba-expanded\" type=\"button\" aria-controls=\"gba-pane-collapse_e0e452-97\" aria-expanded=\"true\"><span class=\"gba-pane-title\">Desenvolver redes de agentes no campo dos m\u00e9dia digitais<\/span><\/button><\/div><\/div><div id=\"gba-pane-collapse_e0e452-97\" class=\"panel-content show\" aria-labelledby=\"gba-pane-heading_e0e452-97\" data-parent=\"#gba_1b2d3f-7b\"><div class=\"card-body\">\n<p>Facilitar a cria\u00e7\u00e3o de sinergias, em rede, entre os agentes envolvidos na produ\u00e7\u00e3o, gest\u00e3o, circula\u00e7\u00e3o e uso dos media digitais.<\/p>\n<\/div><\/div><\/div><\/div>\n<\/div>\n<\/div>\n<\/div>\n\n\n\n<div style=\"height:51px\" aria-hidden=\"true\" class=\"wp-block-spacer\"><\/div>\n\n\n\n<p>O ciclo de webinars CO(I)NCIDIR tem por tema \u201cConstruir a cidadania digital na rede\u201d. Este ciclo de semin\u00e1rios pretende criar espa\u00e7os de debate e de reflex\u00e3o sobre os significados da investiga\u00e7\u00e3o e das pr\u00e1ticas da cidadania digital.Com uma periodicidade mensal, os semin\u00e1rios online s\u00e3o promovidos pela Rede ObLID.<\/p>\n\n\n\n<div style=\"height:51px\" aria-hidden=\"true\" class=\"wp-block-spacer\"><\/div>\n\n\n\n<div class=\"wp-block-buttons is-content-justification-center is-layout-flex wp-container-core-buttons-is-layout-1 wp-block-buttons-is-layout-flex\">\n<div class=\"wp-block-button is-style-fill\"><a class=\"wp-block-button__link has-base-color has-contrast-background-color has-text-color has-background has-link-color wp-element-button\" style=\"border-style:none;border-width:0px;border-radius:0px\">Ficha de Inscri\u00e7\u00e3o<\/a><\/div>\n<\/div>\n","protected":false},"excerpt":{"rendered":"Quais s\u00e3o os nossos objetivos? O ciclo de webinars CO(I)NCIDIR tem por tema \u201cConstruir a cidadania digital na rede\u201d. Este ciclo de semin\u00e1rios pretende criar espa\u00e7os de debate e de reflex\u00e3o sobre os significados da investiga\u00e7\u00e3o e das pr\u00e1ticas da cidadania digital.Com uma periodicidade mensal, os semin\u00e1rios online s\u00e3o promovidos pela Rede ObLID.","protected":false},"author":31,"featured_media":0,"parent":0,"menu_order":0,"comment_status":"closed","ping_status":"closed","template":"","meta":{"footnotes":""},"class_list":["post-2023","page","type-page","status-publish","hentry"],"_links":{"self":[{"href":"https:\/\/lead.uab.pt\/oblid\/wp-json\/wp\/v2\/pages\/2023","targetHints":{"allow":["GET"]}}],"collection":[{"href":"https:\/\/lead.uab.pt\/oblid\/wp-json\/wp\/v2\/pages"}],"about":[{"href":"https:\/\/lead.uab.pt\/oblid\/wp-json\/wp\/v2\/types\/page"}],"author":[{"embeddable":true,"href":"https:\/\/lead.uab.pt\/oblid\/wp-json\/wp\/v2\/users\/31"}],"replies":[{"embeddable":true,"href":"https:\/\/lead.uab.pt\/oblid\/wp-json\/wp\/v2\/comments?post=2023"}],"version-history":[{"count":20,"href":"https:\/\/lead.uab.pt\/oblid\/wp-json\/wp\/v2\/pages\/2023\/revisions"}],"predecessor-version":[{"id":2288,"href":"https:\/\/lead.uab.pt\/oblid\/wp-json\/wp\/v2\/pages\/2023\/revisions\/2288"}],"wp:attachment":[{"href":"https:\/\/lead.uab.pt\/oblid\/wp-json\/wp\/v2\/media?parent=2023"}],"curies":[{"name":"wp","href":"https:\/\/api.w.org\/{rel}","templated":true}]}}