{"id":2224,"date":"2024-03-07T12:32:32","date_gmt":"2024-03-07T12:32:32","guid":{"rendered":"https:\/\/lead.uab.pt\/oblid\/?page_id=2224"},"modified":"2025-01-01T17:25:17","modified_gmt":"2025-01-01T17:25:17","slug":"apresentacao","status":"publish","type":"page","link":"https:\/\/lead.uab.pt\/oblid\/coincidir\/apresentacao\/","title":{"rendered":"Apresenta\u00e7\u00e3o"},"content":{"rendered":"\n<h1 class=\"wp-block-heading\"><\/h1>\n\n\n\n<p>O ciclo de webinars CO(I)NCIDIR tem por tema \u201cConstruir a cidadania digital na rede\u201d. Este ciclo de semin\u00e1rios pretende criar espa\u00e7os de debate e de reflex\u00e3o sobre os significados da investiga\u00e7\u00e3o e das pr\u00e1ticas da cidadania digital.Com&nbsp;uma periodicidade mensal, os semin\u00e1rios online s\u00e3o promovidos pela Rede ObLID. A Rede ObLID \u00e9 um grupo de Investiga\u00e7\u00e3o e Interven\u00e7\u00e3o para a Literacia e a Inclus\u00e3o Digital que agrega uma comunidade de agentes coletivos e individuais, vocacionada para a Investiga\u00e7\u00e3o e a Interven\u00e7\u00e3o no \u00e2mbito da Cidadania e Participa\u00e7\u00e3o Digital. Sediada no LE@D-Universidade Aberta, a Rede ObLID \u00e9 dinamizada por investigadores da Universidade Aberta (Portugal), da Universidade de Deusto (Pa\u00eds Basco, Espanha) e, ainda, por outros investigadores provenientes de diferentes \u00e2mbitos sociais e educativos.<\/p>\n\n\n\n<p>Sendo a literacia e inclus\u00e3o digital uma dimens\u00e3o central nos processos de participa\u00e7\u00e3o e cidadania digital, a rede ObLID, atrav\u00e9s do ciclo \u201cCO(I)NCIDIR\u201d, convida todos as\/os interessadas\/os \u2013 investigadores\/as, estudantes e profissionais, cidad\u00e3o em geral \u2013 a participar neste debate.<\/p>\n\n\n\n<p>O semin\u00e1rios online CO(I)NCIDIR iniciaram em setembro de 2018 e decorrem no Zoom-UAb.<\/p>\n","protected":false},"excerpt":{"rendered":"O ciclo de webinars CO(I)NCIDIR tem por tema \u201cConstruir a cidadania digital na rede\u201d. Este ciclo de semin\u00e1rios pretende criar espa\u00e7os de debate e de reflex\u00e3o sobre os significados da investiga\u00e7\u00e3o e das pr\u00e1ticas da cidadania digital.Com&nbsp;uma periodicidade mensal, os semin\u00e1rios online s\u00e3o promovidos pela Rede ObLID. A Rede ObLID \u00e9 um grupo de Investiga\u00e7\u00e3o [&hellip;]","protected":false},"author":31,"featured_media":0,"parent":2221,"menu_order":0,"comment_status":"closed","ping_status":"closed","template":"","meta":{"footnotes":""},"class_list":["post-2224","page","type-page","status-publish","hentry"],"_links":{"self":[{"href":"https:\/\/lead.uab.pt\/oblid\/wp-json\/wp\/v2\/pages\/2224","targetHints":{"allow":["GET"]}}],"collection":[{"href":"https:\/\/lead.uab.pt\/oblid\/wp-json\/wp\/v2\/pages"}],"about":[{"href":"https:\/\/lead.uab.pt\/oblid\/wp-json\/wp\/v2\/types\/page"}],"author":[{"embeddable":true,"href":"https:\/\/lead.uab.pt\/oblid\/wp-json\/wp\/v2\/users\/31"}],"replies":[{"embeddable":true,"href":"https:\/\/lead.uab.pt\/oblid\/wp-json\/wp\/v2\/comments?post=2224"}],"version-history":[{"count":6,"href":"https:\/\/lead.uab.pt\/oblid\/wp-json\/wp\/v2\/pages\/2224\/revisions"}],"predecessor-version":[{"id":2319,"href":"https:\/\/lead.uab.pt\/oblid\/wp-json\/wp\/v2\/pages\/2224\/revisions\/2319"}],"up":[{"embeddable":true,"href":"https:\/\/lead.uab.pt\/oblid\/wp-json\/wp\/v2\/pages\/2221"}],"wp:attachment":[{"href":"https:\/\/lead.uab.pt\/oblid\/wp-json\/wp\/v2\/media?parent=2224"}],"curies":[{"name":"wp","href":"https:\/\/api.w.org\/{rel}","templated":true}]}}