{"id":2246,"date":"2024-03-07T14:41:23","date_gmt":"2024-03-07T14:41:23","guid":{"rendered":"https:\/\/lead.uab.pt\/oblid\/?page_id=2246"},"modified":"2024-03-07T15:12:58","modified_gmt":"2024-03-07T15:12:58","slug":"programa","status":"publish","type":"page","link":"https:\/\/lead.uab.pt\/oblid\/coincidir\/programa\/","title":{"rendered":"Programa"},"content":{"rendered":"\n<figure class=\"wp-block-table is-style-regular\"><table class=\"has-border-color\" style=\"border-color:#0000001a;border-width:1px\"><tbody><tr><td><strong>Webinar<\/strong><\/td><td>Inclus\u00e3o digital? Os casos do Alentejo e do Pa\u00eds Basco<\/td><\/tr><tr><td><strong>Data<\/strong><\/td><td>09 de novembro de 2022 \u2013 15:30 (PT) \/ 16:30 (ES)<\/td><\/tr><tr><td><strong>Programa<\/strong><\/td><td>15:30 \u2013 Abertura<br>Lu\u00edsa Aires, Universidade Aberta, Le@d, Rede ObLID<br>Visi Pereda, Universidade de Deusto<br>15:45 \u2013 Mesa Redonda<br>Inclus\u00e3o Digital: Presente e Futuro<br>Helder Tou\u00e7as, C\u00e2mara Municipal de LIsboa<br>Vanessa Ver\u00edssimo, C\u00e2mara Municipal de LIsboa<br>To\u00f1i Maestro, Diretora de KZgunea (Pa\u00eds Basco)<br>16:30 \u2013 Palestrante Convidado<br>Ricardo Palmeiro, Universidade de Deusto, Le@d, Rede ObLID<br>\u201cCO(i)NCIDIR: Inclus\u00e3o Digital? Os casos dos Espa\u00e7os de Acesso \u00e0 Internet do Alentejo e do Pa\u00eds Basco\u201d<br>17:00 \u2013 Debate<\/td><\/tr><\/tbody><\/table><\/figure>\n\n\n\n<hr class=\"wp-block-separator aligncenter has-text-color has-vivid-cyan-blue-color has-alpha-channel-opacity has-vivid-cyan-blue-background-color has-background is-style-wide\" style=\"margin-top:var(--wp--preset--spacing--30);margin-bottom:var(--wp--preset--spacing--30)\"\/>\n\n\n\n<figure class=\"wp-block-table is-style-regular\"><table class=\"has-border-color\" style=\"border-color:#0000001a;border-width:1px\"><tbody><tr><td><strong>Webinar<\/strong><\/td><td>Cen\u00e1rio did\u00e1tico e tecnol\u00f3gico para o sucesso da aplica\u00e7\u00e3o do m-Learning no desenvolvimento da compreens\u00e3o leitora.<\/td><\/tr><tr><td><strong>Data<\/strong><\/td><td>10 de julho de 2019 \u2013 15:30 (PT) \/ 16:30 (ES)<\/td><\/tr><tr><td><strong>Programa<\/strong><\/td><td>15:30 \u2013 Abertura<br>Visi Pereda, Universidade de Deusto<br>15:45 \u2013 Palestrante Convidada<br>Hilda Ruth Flores Mu\u00f1oz.<br>\u201cCO(i)NCIDIR: Reflex\u00f5es sobre um percurso colaborativo.\u201d<br>16:20 \u2013 Palestrante Rede ObLID, LE@D<br>Ricardo Palmeiro, Univesidade de Deusto\/Rede ObLID, LE@D<br>16:45 \u2013 Debate<\/td><\/tr><\/tbody><\/table><\/figure>\n\n\n\n<hr class=\"wp-block-separator aligncenter has-text-color has-vivid-cyan-blue-color has-alpha-channel-opacity has-vivid-cyan-blue-background-color has-background is-style-wide\" style=\"margin-top:var(--wp--preset--spacing--30);margin-bottom:var(--wp--preset--spacing--30)\"\/>\n\n\n\n<figure class=\"wp-block-table is-style-regular\"><table class=\"has-border-color\" style=\"border-color:#0000001a;border-width:1px\"><tbody><tr><td><strong>Webinar<\/strong><\/td><td>Cidadania Digital e Compet\u00eancias informacionais<\/td><\/tr><tr><td><strong>Data<\/strong><\/td><td>09 de novembro de 2022 \u2013 15:30 (PT) \/ 16:30 (ES)<\/td><\/tr><tr><td><strong>Programa<\/strong><\/td><td>Sess\u00e3o de Abertura<br>Lu\u00edsa Aires, Rede ObLID, LE@D, UAb<br><br>T\u00edtulo da Palestra <br>Ambientes familiares em que crian\u00e7as e jovens portugueses (3-17 anos) fazem uso da internet. Resultados nacionais dos estudos Crescendo entre Ecr\u00e3s (2016) e EU Kids Online (2018)<br><br>Palestrante Convidada <br>Cristina Ponte, Universidade Nova de Lisboa (Portugal)<br>T\u00edtulo da Palestra \u201cUso da Internet por crian\u00e7as e adolescentes no Brasil: Din\u00e2micas e desafios\u201d<br><br>Palestrantes Convidadas <br>Daniela Costa &amp; Lu\u00edsa Adib, CETIC.br, NIC.br (Brasil)<br><br>Encerramento <br>Visi Pereda, Universidade de Deusto; Ricardo Palmeiro, Universidade de Deusto, LE@D.<\/td><\/tr><\/tbody><\/table><\/figure>\n","protected":false},"excerpt":{"rendered":"WebinarInclus\u00e3o digital? Os casos do Alentejo e do Pa\u00eds BascoData09 de novembro de 2022 \u2013 15:30 (PT) \/ 16:30 (ES)Programa15:30 \u2013 AberturaLu\u00edsa Aires, Universidade Aberta, Le@d, Rede ObLIDVisi Pereda, Universidade de Deusto15:45 \u2013 Mesa RedondaInclus\u00e3o Digital: Presente e FuturoHelder Tou\u00e7as, C\u00e2mara Municipal de LIsboaVanessa Ver\u00edssimo, C\u00e2mara Municipal de LIsboaTo\u00f1i Maestro, Diretora de KZgunea (Pa\u00eds Basco)16:30 [&hellip;]","protected":false},"author":31,"featured_media":0,"parent":2221,"menu_order":0,"comment_status":"closed","ping_status":"closed","template":"","meta":{"footnotes":""},"class_list":["post-2246","page","type-page","status-publish","hentry"],"_links":{"self":[{"href":"https:\/\/lead.uab.pt\/oblid\/wp-json\/wp\/v2\/pages\/2246","targetHints":{"allow":["GET"]}}],"collection":[{"href":"https:\/\/lead.uab.pt\/oblid\/wp-json\/wp\/v2\/pages"}],"about":[{"href":"https:\/\/lead.uab.pt\/oblid\/wp-json\/wp\/v2\/types\/page"}],"author":[{"embeddable":true,"href":"https:\/\/lead.uab.pt\/oblid\/wp-json\/wp\/v2\/users\/31"}],"replies":[{"embeddable":true,"href":"https:\/\/lead.uab.pt\/oblid\/wp-json\/wp\/v2\/comments?post=2246"}],"version-history":[{"count":8,"href":"https:\/\/lead.uab.pt\/oblid\/wp-json\/wp\/v2\/pages\/2246\/revisions"}],"predecessor-version":[{"id":2256,"href":"https:\/\/lead.uab.pt\/oblid\/wp-json\/wp\/v2\/pages\/2246\/revisions\/2256"}],"up":[{"embeddable":true,"href":"https:\/\/lead.uab.pt\/oblid\/wp-json\/wp\/v2\/pages\/2221"}],"wp:attachment":[{"href":"https:\/\/lead.uab.pt\/oblid\/wp-json\/wp\/v2\/media?parent=2246"}],"curies":[{"name":"wp","href":"https:\/\/api.w.org\/{rel}","templated":true}]}}