{"id":139,"date":"2022-10-19T22:41:51","date_gmt":"2022-10-19T22:41:51","guid":{"rendered":"https:\/\/sites.uab.pt\/congresso-humanidades\/?page_id=139"},"modified":"2024-06-26T01:13:38","modified_gmt":"2024-06-26T00:13:38","slug":"projeto","status":"publish","type":"page","link":"https:\/\/lead.uab.pt\/obvspa\/","title":{"rendered":"Projeto OVSPAE"},"content":{"rendered":"\n<p>The main goals of the OVSPA &#8211; Virtual Observatory on Pedagogical Supervision and School Self-Evaluation are:<br>&#8211; Support training processes, according to the needs of schools\/clusters<br>&#8211; Monitor the development of ongoing projects in schools\/clusters, with a view<br>to innovation and the transfer of good practices.<br>&#8211; Encourage peer supervision processes in schools\/clusters with a view to<br>fostering teacher professional development.<br>&#8211; Create virtual communities of practice based on analysing\/reflecting on<br>educational practices.<br>&#8211; Collaborate, according to the needs identified, in school\/cluster self-evaluation<br>processes.<\/p>\n\n\n\n<p><strong>Project host institution<\/strong><br>The observatory is based at the LE@D (Open University &#8211; UAb) and CEIS20 (University of Coimbra &#8211; UC) research centres and counts on the participation of the Condeixa-a-Nova School Cluster and Du Bocage High School &#8211; Setubal.<\/p>\n\n\n\n<p><strong>Funding:<\/strong><br>LE@D, Open University and University of Coimbra<br>Reference:<br>Project with reference: PTIN\/UID4372-LEaD\/022018<\/p>\n\n\n\n<h3 class=\"wp-block-heading\"><strong><strong>Projeto OVSPAE<\/strong><\/strong><\/h3>\n\n\n\n<div class=\"wp-block-columns is-layout-flex wp-container-core-columns-is-layout-1 wp-block-columns-is-layout-flex\">\n<div class=\"wp-block-column is-layout-flow wp-block-column-is-layout-flow\" style=\"flex-basis:60%\">\n<p>O&nbsp;<strong><em>OVSPA &#8211; Observat\u00f3rio Virtual sobre Supervis\u00e3o Pedag\u00f3gica e Autoavalia\u00e7\u00e3o de Escolas<\/em><\/strong> tem como principais objetivos:<\/p>\n\n\n\n<ul class=\"wp-block-list\">\n<li>Apoiar os processos formativos, de acordo com as necessidades das escolas\/agrupamentos<\/li>\n\n\n\n<li>Acompanhar o desenvolvimento de projetos em curso nas escolas\/agrupamentos, tendo em vista a inova\u00e7\u00e3o e a transfer\u00eancia de pr\u00e1ticas.<\/li>\n\n\n\n<li>&nbsp;Incentivar os processos de supervis\u00e3o pedag\u00f3gica por pares nas escolas\/agrupamentos visando o desenvolvimento profissional docente.<\/li>\n\n\n\n<li>&nbsp;Criar comunidades virtuais de pr\u00e1ticas assentes na an\u00e1lise\/reflex\u00e3o sobre pr\u00e1ticas educativas.<\/li>\n\n\n\n<li>&nbsp;Colaborar, de acordo com as necessidades, nos processos de autoavalia\u00e7\u00e3o das escolas\/agrupamentos.<\/li>\n<\/ul>\n\n\n\n<h3 class=\"wp-block-heading\"><strong>Sede  do  Projeto<\/strong><\/h3>\n\n\n\n<p>O observat\u00f3rio est\u00e1 sediado nos centros de investiga\u00e7\u00e3o&nbsp;<a href=\"https:\/\/lead.uab.pt\/\" data-type=\"URL\" data-id=\"https:\/\/lead.uab.pt\/\">LE@D (Universidade Aberta<\/a> \u2013 UAb) e CEIS20 (Universidade de Coimbra \u2013 UC) e conta com a participa\u00e7\u00e3o do <a href=\"http:\/\/aecondeixa.pt\/\" data-type=\"URL\" data-id=\"http:\/\/aecondeixa.pt\/\">Agrupamento de Escolas de Condeixa-a-Nova&nbsp;<\/a> &nbsp;e&nbsp;<a href=\"http:\/\/www.esbocage.com\/\" data-type=\"URL\" data-id=\"http:\/\/www.esbocage.com\/\">Escola Secund\u00e1ria Du Bocage \u2013 Set\u00fabal<\/a>.<\/p>\n\n\n\n<h3 class=\"wp-block-heading\"><strong>Financiamento: <\/strong><\/h3>\n\n\n\n<p>LE@D, Universidade Aberta e Universidade de Coimbra<\/p>\n\n\n\n<h3 class=\"wp-block-heading\"><strong>Refer\u00eancia: <\/strong><\/h3>\n\n\n\n<p>Projeto com a refer\u00eancia: <strong>PTIN\/UID4372-LEaD\/022018<\/strong><\/p>\n\n\n\n<p><\/p>\n<\/div>\n\n\n\n<div class=\"wp-block-column is-layout-flow wp-block-column-is-layout-flow\" style=\"flex-basis:20px\"><\/div>\n\n\n\n<div class=\"wp-block-column is-layout-flow wp-block-column-is-layout-flow\">\n<figure class=\"wp-block-image size-full is-resized\"><img loading=\"lazy\" decoding=\"async\" width=\"640\" height=\"430\" src=\"https:\/\/lead.uab.pt\/obvspa\/wp-content\/uploads\/sites\/16\/2023\/09\/picture-professional-business-presentationN.jpg\" alt=\"\" class=\"wp-image-2073\" style=\"width:192px;height:129px\" srcset=\"https:\/\/lead.uab.pt\/obvspa\/wp-content\/uploads\/sites\/16\/2023\/09\/picture-professional-business-presentationN.jpg 640w, https:\/\/lead.uab.pt\/obvspa\/wp-content\/uploads\/sites\/16\/2023\/09\/picture-professional-business-presentationN-300x202.jpg 300w\" sizes=\"auto, (max-width: 640px) 100vw, 640px\" \/><\/figure>\n\n\n\n<figure class=\"wp-block-image size-large\"><img loading=\"lazy\" decoding=\"async\" width=\"1024\" height=\"391\" src=\"https:\/\/lead.uab.pt\/obvspa\/wp-content\/uploads\/sites\/16\/2023\/04\/cropped-cropped-thumbnail_Observatorio-1024x391.jpg\" alt=\"\" class=\"wp-image-2011\" srcset=\"https:\/\/lead.uab.pt\/obvspa\/wp-content\/uploads\/sites\/16\/2023\/04\/cropped-cropped-thumbnail_Observatorio-1024x391.jpg 1024w, https:\/\/lead.uab.pt\/obvspa\/wp-content\/uploads\/sites\/16\/2023\/04\/cropped-cropped-thumbnail_Observatorio-300x115.jpg 300w, https:\/\/lead.uab.pt\/obvspa\/wp-content\/uploads\/sites\/16\/2023\/04\/cropped-cropped-thumbnail_Observatorio-768x293.jpg 768w, https:\/\/lead.uab.pt\/obvspa\/wp-content\/uploads\/sites\/16\/2023\/04\/cropped-cropped-thumbnail_Observatorio.jpg 1280w\" sizes=\"auto, (max-width: 1024px) 100vw, 1024px\" \/><\/figure>\n\n\n\n<figure class=\"wp-block-image size-large\"><img loading=\"lazy\" decoding=\"async\" width=\"683\" height=\"1024\" src=\"https:\/\/lead.uab.pt\/obvspa\/wp-content\/uploads\/sites\/16\/2023\/09\/mulher-bonita-colocando-notas-autoadesivas_N-683x1024.jpg\" alt=\"\" class=\"wp-image-2074\" srcset=\"https:\/\/lead.uab.pt\/obvspa\/wp-content\/uploads\/sites\/16\/2023\/09\/mulher-bonita-colocando-notas-autoadesivas_N-683x1024.jpg 683w, https:\/\/lead.uab.pt\/obvspa\/wp-content\/uploads\/sites\/16\/2023\/09\/mulher-bonita-colocando-notas-autoadesivas_N-200x300.jpg 200w, https:\/\/lead.uab.pt\/obvspa\/wp-content\/uploads\/sites\/16\/2023\/09\/mulher-bonita-colocando-notas-autoadesivas_N-768x1152.jpg 768w, https:\/\/lead.uab.pt\/obvspa\/wp-content\/uploads\/sites\/16\/2023\/09\/mulher-bonita-colocando-notas-autoadesivas_N.jpg 840w\" sizes=\"auto, (max-width: 683px) 100vw, 683px\" \/><\/figure>\n\n\n\n<figure class=\"wp-block-image size-full\"><img loading=\"lazy\" decoding=\"async\" width=\"616\" height=\"411\" src=\"https:\/\/lead.uab.pt\/obvspa\/wp-content\/uploads\/sites\/16\/2023\/09\/excited-students-communicatingN.jpg\" alt=\"\" class=\"wp-image-2075\" srcset=\"https:\/\/lead.uab.pt\/obvspa\/wp-content\/uploads\/sites\/16\/2023\/09\/excited-students-communicatingN.jpg 616w, https:\/\/lead.uab.pt\/obvspa\/wp-content\/uploads\/sites\/16\/2023\/09\/excited-students-communicatingN-300x200.jpg 300w\" sizes=\"auto, (max-width: 616px) 100vw, 616px\" \/><\/figure>\n<\/div>\n<\/div>\n","protected":false},"excerpt":{"rendered":"The main goals of the OVSPA &#8211; Virtual Observatory on Pedagogical Supervision and School Self-Evaluation are:&#8211; Support training processes, according to the needs of schools\/clusters&#8211; Monitor the development of ongoing projects in schools\/clusters, with a viewto innovation and the transfer of good practices.&#8211; Encourage peer supervision processes in schools\/clusters with a view tofostering teacher professional [&hellip;]","protected":false},"author":1,"featured_media":0,"parent":0,"menu_order":10,"comment_status":"closed","ping_status":"closed","template":"","meta":{"footnotes":""},"class_list":["post-139","page","type-page","status-publish","hentry"],"_links":{"self":[{"href":"https:\/\/lead.uab.pt\/obvspa\/wp-json\/wp\/v2\/pages\/139","targetHints":{"allow":["GET"]}}],"collection":[{"href":"https:\/\/lead.uab.pt\/obvspa\/wp-json\/wp\/v2\/pages"}],"about":[{"href":"https:\/\/lead.uab.pt\/obvspa\/wp-json\/wp\/v2\/types\/page"}],"author":[{"embeddable":true,"href":"https:\/\/lead.uab.pt\/obvspa\/wp-json\/wp\/v2\/users\/1"}],"replies":[{"embeddable":true,"href":"https:\/\/lead.uab.pt\/obvspa\/wp-json\/wp\/v2\/comments?post=139"}],"version-history":[{"count":16,"href":"https:\/\/lead.uab.pt\/obvspa\/wp-json\/wp\/v2\/pages\/139\/revisions"}],"predecessor-version":[{"id":2147,"href":"https:\/\/lead.uab.pt\/obvspa\/wp-json\/wp\/v2\/pages\/139\/revisions\/2147"}],"wp:attachment":[{"href":"https:\/\/lead.uab.pt\/obvspa\/wp-json\/wp\/v2\/media?parent=139"}],"curies":[{"name":"wp","href":"https:\/\/api.w.org\/{rel}","templated":true}]}}