{"id":139,"date":"2022-10-19T22:41:51","date_gmt":"2022-10-19T22:41:51","guid":{"rendered":"https:\/\/sites.uab.pt\/congresso-humanidades\/?page_id=139"},"modified":"2024-02-12T11:44:16","modified_gmt":"2024-02-12T11:44:16","slug":"projeto","status":"publish","type":"page","link":"https:\/\/lead.uab.pt\/pleadon\/","title":{"rendered":"Projeto"},"content":{"rendered":"\n<h2 class=\"wp-block-heading\">Projeto<\/h2>\n\n\n\n<div class=\"wp-block-columns is-layout-flex wp-container-core-columns-is-layout-1 wp-block-columns-is-layout-flex\">\n<div class=\"wp-block-column is-layout-flow wp-block-column-is-layout-flow\" style=\"flex-basis:60%\">\n<p>O Projeto teve in\u00edcio em 2022 e tem como refer\u00eancia PTIN\/UID4372-LE@D\/062022.<\/p>\n\n\n\n<p>Com o lema EDUCAR PELO DIGITAL, AGIR PELA INCLUS\u00c3O o projeto tem s seguintes finalidades:<\/p>\n\n\n\n<p>a) Implementar a Rede Integrada de Educa\u00e7\u00e3o Inclusiva Digital (Modalidade Online), com uso das Tecnologias de Informa\u00e7\u00e3o e Comunica\u00e7\u00e3o bem como das diferentes Ferramentas Digitais, no \u00e2mbito das pr\u00e1ticas de forma\u00e7\u00e3o cont\u00ednua de professores de Educa\u00e7\u00e3o Regular\/Especial em Angola, com vista ao Desenvolvimento Profissional Docente Inclusivo &#8211; Especializado em Inclus\u00e3o \u2013 DPDI\/EI <\/p>\n\n\n\n<p>b) Levantar o conjunto de necessidades administrativas, tecnol\u00f3gicas, pedag\u00f3gicas, humanas necess\u00e1rias para implementa\u00e7\u00e3o da Rede Integrada de Educa\u00e7\u00e3o a Dist\u00e2ncia \u2013 modalidade online \u2013 foco na Educa\u00e7\u00e3o Inclusiva Digital, referente \u00e0s 18 Prov\u00edncias de Angola.<\/p>\n<\/div>\n\n\n\n<div class=\"wp-block-column is-layout-flow wp-block-column-is-layout-flow\" style=\"flex-basis:20px\"><\/div>\n\n\n\n<div class=\"wp-block-column is-layout-flow wp-block-column-is-layout-flow\">\n<figure class=\"wp-block-image size-large\"><img loading=\"lazy\" decoding=\"async\" width=\"683\" height=\"1024\" src=\"https:\/\/lead.uab.pt\/pleadon\/wp-content\/uploads\/sites\/13\/2023\/02\/filler-012-scaled-1-683x1024.jpg\" alt=\"\" class=\"wp-image-1463\" srcset=\"https:\/\/lead.uab.pt\/pleadon\/wp-content\/uploads\/sites\/13\/2023\/02\/filler-012-scaled-1-683x1024.jpg 683w, https:\/\/lead.uab.pt\/pleadon\/wp-content\/uploads\/sites\/13\/2023\/02\/filler-012-scaled-1-200x300.jpg 200w, https:\/\/lead.uab.pt\/pleadon\/wp-content\/uploads\/sites\/13\/2023\/02\/filler-012-scaled-1-768x1152.jpg 768w, https:\/\/lead.uab.pt\/pleadon\/wp-content\/uploads\/sites\/13\/2023\/02\/filler-012-scaled-1-1024x1536.jpg 1024w, https:\/\/lead.uab.pt\/pleadon\/wp-content\/uploads\/sites\/13\/2023\/02\/filler-012-scaled-1-1366x2048.jpg 1366w, https:\/\/lead.uab.pt\/pleadon\/wp-content\/uploads\/sites\/13\/2023\/02\/filler-012-scaled-1.jpg 1707w\" sizes=\"auto, (max-width: 683px) 100vw, 683px\" \/><\/figure>\n<\/div>\n<\/div>\n","protected":false},"excerpt":{"rendered":"Projeto O Projeto teve in\u00edcio em 2022 e tem como refer\u00eancia PTIN\/UID4372-LE@D\/062022. Com o lema EDUCAR PELO DIGITAL, AGIR PELA INCLUS\u00c3O o projeto tem s seguintes finalidades: a) Implementar a Rede Integrada de Educa\u00e7\u00e3o Inclusiva Digital (Modalidade Online), com uso das Tecnologias de Informa\u00e7\u00e3o e Comunica\u00e7\u00e3o bem como das diferentes Ferramentas Digitais, no \u00e2mbito das [&hellip;]","protected":false},"author":1,"featured_media":0,"parent":0,"menu_order":10,"comment_status":"closed","ping_status":"closed","template":"","meta":{"footnotes":""},"class_list":["post-139","page","type-page","status-publish","hentry"],"_links":{"self":[{"href":"https:\/\/lead.uab.pt\/pleadon\/wp-json\/wp\/v2\/pages\/139","targetHints":{"allow":["GET"]}}],"collection":[{"href":"https:\/\/lead.uab.pt\/pleadon\/wp-json\/wp\/v2\/pages"}],"about":[{"href":"https:\/\/lead.uab.pt\/pleadon\/wp-json\/wp\/v2\/types\/page"}],"author":[{"embeddable":true,"href":"https:\/\/lead.uab.pt\/pleadon\/wp-json\/wp\/v2\/users\/1"}],"replies":[{"embeddable":true,"href":"https:\/\/lead.uab.pt\/pleadon\/wp-json\/wp\/v2\/comments?post=139"}],"version-history":[{"count":2,"href":"https:\/\/lead.uab.pt\/pleadon\/wp-json\/wp\/v2\/pages\/139\/revisions"}],"predecessor-version":[{"id":1994,"href":"https:\/\/lead.uab.pt\/pleadon\/wp-json\/wp\/v2\/pages\/139\/revisions\/1994"}],"wp:attachment":[{"href":"https:\/\/lead.uab.pt\/pleadon\/wp-json\/wp\/v2\/media?parent=139"}],"curies":[{"name":"wp","href":"https:\/\/api.w.org\/{rel}","templated":true}]}}