{"id":142,"date":"2022-10-19T22:42:28","date_gmt":"2022-10-19T22:42:28","guid":{"rendered":"https:\/\/sites.uab.pt\/congresso-humanidades\/?page_id=142"},"modified":"2022-10-19T22:42:28","modified_gmt":"2022-10-19T22:42:28","slug":"equipa","status":"publish","type":"page","link":"https:\/\/lead.uab.pt\/pleadon\/equipa\/","title":{"rendered":"Equipa"},"content":{"rendered":"\n<h2 class=\"wp-block-heading\">Equipa I<\/h2>\n\n\n\n<div style=\"height:25px\" aria-hidden=\"true\" class=\"wp-block-spacer\"><\/div>\n\n\n\n\n\n    <div class=\"\">\n        <ul class=\"elements row list-unstyled justify-content-center\">\n            \t\t\t\t<li class=\"flex-row col-12 col-lg-12 element-horizontal-view d-flex align-items-center element py-3\">\n\t\t\t\t\t<a href=\"https:\/\/lead.uab.pt\/pleadon\/conhecer\/sofia-malheiro-da-silva\/\"  class=\"d-flex flex-column flex-lg-row align-items-center text-decoration-none\" title=\"Saber mais sobre Sofia Malheiro da Silva\">\n\t\t\t\t\t\t\t\t\t\t\t\t\t\t\t\t\t\t<div class=\"entry-thumbnail-wrapper-bg\"><div class=\"entry-thumbnail-wrapper\"><img decoding=\"async\" src=\"https:\/\/lead.uab.pt\/pleadon\/wp-content\/uploads\/sites\/13\/2022\/10\/smsilvavs.jpg\" width=\"574\" height=\"772\" class=\"attachment-news-list-thumbnails-size size-news-list-thumbnails-size block entry-thumbnail img-fluid\" alt=\"\" srcset=\"https:\/\/lead.uab.pt\/pleadon\/wp-content\/uploads\/sites\/13\/2022\/10\/smsilvavs.jpg 574w, https:\/\/lead.uab.pt\/pleadon\/wp-content\/uploads\/sites\/13\/2022\/10\/smsilvavs-223x300.jpg 223w\" sizes=\"auto, (max-width: 574px) 100vw, 574px\"  loading=\"lazy\"><\/div><\/div>\n\t\t\t\t\t\t\n\t\t\t\t\t\t<div class=\"element-info\">\n\t\t\t\t\t\t\t<div class=\"title\">Sofia Malheiro da Silva<\/div>\n\t\t\t\t\t\t\t\n\t\t\t\t\t\t\t\t\t\t\t\t\t\t\t\t\t\t\t\t\t\t<dl class=\"affiliation-wrapper\"><dt class=\"affiliation-label visually-hidden\">Afilia\u00e7\u00e3o: <\/dt><dd class=\"affiliation-value\">Universidade Aberta<\/dd><\/dl>\n\t\t\t\t\t\t\t\n\t\t\t\t\t\t\t\t\t\t\t\t\t\t<div class=\"entry-bio\">Investigadora Integrada. Coordenadora do projeto PLEIADON. Docente da UBI.<\/div>\t\t\t\t\t\t\t\t\t\t\t\t\t<\/div>\n\t\t\t\t\t<\/a>\n\t\t\t\t<\/li>\n                    <\/ul>\n    <\/div>\n    <div class=\"clearfix\"><\/div>\n\n\n\n<hr class=\"wp-block-separator has-alpha-channel-opacity is-style-wide\" \/>\n\n\n\n<h2 class=\"wp-block-heading\">Equipa II<\/h2>\n\n\n\n<div style=\"height:25px\" aria-hidden=\"true\" class=\"wp-block-spacer\"><\/div>\n\n\n\n        \n\n    <div class=\"\">\n        <ul class=\"elements row list-unstyled justify-content-center\">\n            \t\t\t\t<li class=\" flex-column col-12 col-lg-6  d-flex align-items-center element py-3\">\n\t\t\t\t\t<a href=\"https:\/\/lead.uab.pt\/pleadon\/conhecer\/maria\/\"  class=\"d-flex flex-column align-items-center text-decoration-none\" title=\"Saber mais sobre Ageu Serrote\">\n\t\t\t\t\t\t\t\t\t\t\t\t\t\t\t\t\t\t<div class=\"entry-thumbnail-wrapper-bg\"><div class=\"entry-thumbnail-wrapper\"><img decoding=\"async\" src=\"https:\/\/lead.uab.pt\/pleadon\/wp-content\/uploads\/sites\/13\/2022\/10\/ageu2.png\" width=\"283\" height=\"289\" class=\"attachment-news-list-thumbnails-size size-news-list-thumbnails-size block entry-thumbnail img-fluid\" alt=\"\"  loading=\"lazy\"><\/div><\/div>\n\t\t\t\t\t\t\n\t\t\t\t\t\t<div class=\"element-info\">\n\t\t\t\t\t\t\t<div class=\"title\">Ageu Serrote<\/div>\n\t\t\t\t\t\t\t\n\t\t\t\t\t\t\t\t\t\t\t\t\t\t\t\t\t\t\t\t\t\t<dl class=\"affiliation-wrapper\"><dt class=\"affiliation-label visually-hidden\">Afilia\u00e7\u00e3o: <\/dt><dd class=\"affiliation-value\">Minist\u00e9rio da Educa\u00e7\u00e3o de Angola<\/dd><\/dl>\n\t\t\t\t\t\t\t\n\t\t\t\t\t\t\t\t\t\t\t\t\t\t<div class=\"entry-bio\">Professor.<\/div>\t\t\t\t\t\t\t\t\t\t\t\t\t<\/div>\n\t\t\t\t\t<\/a>\n\t\t\t\t<\/li>\n            \t\t\t\t<li class=\" flex-column col-12 col-lg-6  d-flex align-items-center element py-3\">\n\t\t\t\t\t<a href=\"https:\/\/lead.uab.pt\/pleadon\/conhecer\/bruno-batista\/\"  class=\"d-flex flex-column align-items-center text-decoration-none\" title=\"Saber mais sobre Bruno Batista\">\n\t\t\t\t\t\t\t\t\t\t\t\t\t\t\t\t\t\t<div class=\"entry-thumbnail-wrapper-bg\"><div class=\"entry-thumbnail-wrapper\"><img decoding=\"async\" src=\"https:\/\/lead.uab.pt\/pleadon\/wp-content\/uploads\/sites\/13\/2024\/02\/Bruno.png\" width=\"391\" height=\"468\" class=\"attachment-news-list-thumbnails-size size-news-list-thumbnails-size block entry-thumbnail img-fluid\" alt=\"\" srcset=\"https:\/\/lead.uab.pt\/pleadon\/wp-content\/uploads\/sites\/13\/2024\/02\/Bruno.png 391w, https:\/\/lead.uab.pt\/pleadon\/wp-content\/uploads\/sites\/13\/2024\/02\/Bruno-251x300.png 251w\" sizes=\"auto, (max-width: 391px) 100vw, 391px\"  loading=\"lazy\"><\/div><\/div>\n\t\t\t\t\t\t\n\t\t\t\t\t\t<div class=\"element-info\">\n\t\t\t\t\t\t\t<div class=\"title\">Bruno Batista<\/div>\n\t\t\t\t\t\t\t\n\t\t\t\t\t\t\t\t\t\t\t\t\t\t\t\t\t\t\t\t\t\t<dl class=\"affiliation-wrapper\"><dt class=\"affiliation-label visually-hidden\">Afilia\u00e7\u00e3o: <\/dt><dd class=\"affiliation-value\">Organiza\u00e7\u00e3o Empresa<\/dd><\/dl>\n\t\t\t\t\t\t\t\n\t\t\t\t\t\t\t\t\t\t\t\t\t<\/div>\n\t\t\t\t\t<\/a>\n\t\t\t\t<\/li>\n            \t\t\t\t<li class=\" flex-column col-12 col-lg-6  d-flex align-items-center element py-3\">\n\t\t\t\t\t<a href=\"https:\/\/lead.uab.pt\/pleadon\/conhecer\/cirilo-mendes\/\"  class=\"d-flex flex-column align-items-center text-decoration-none\" title=\"Saber mais sobre Cirilo Mendes\">\n\t\t\t\t\t\t\t\t\t\t\t\t\t\t\t\t\t\t<div class=\"entry-thumbnail-wrapper-bg\"><div class=\"entry-thumbnail-wrapper\"><img decoding=\"async\" src=\"https:\/\/lead.uab.pt\/pleadon\/wp-content\/uploads\/sites\/13\/2024\/02\/Cirilo-Mendes.png\" width=\"424\" height=\"480\" class=\"attachment-news-list-thumbnails-size size-news-list-thumbnails-size block entry-thumbnail img-fluid\" alt=\"\" srcset=\"https:\/\/lead.uab.pt\/pleadon\/wp-content\/uploads\/sites\/13\/2024\/02\/Cirilo-Mendes.png 424w, https:\/\/lead.uab.pt\/pleadon\/wp-content\/uploads\/sites\/13\/2024\/02\/Cirilo-Mendes-265x300.png 265w\" sizes=\"auto, (max-width: 424px) 100vw, 424px\"  loading=\"lazy\"><\/div><\/div>\n\t\t\t\t\t\t\n\t\t\t\t\t\t<div class=\"element-info\">\n\t\t\t\t\t\t\t<div class=\"title\">Cirilo Mendes<\/div>\n\t\t\t\t\t\t\t\n\t\t\t\t\t\t\t\t\t\t\t\t\t\t\t\t\t\t\t\t\t\t<dl class=\"affiliation-wrapper\"><dt class=\"affiliation-label visually-hidden\">Afilia\u00e7\u00e3o: <\/dt><dd class=\"affiliation-value\">Minist\u00e9rio da Educa\u00e7\u00e3o de Angola<\/dd><\/dl>\n\t\t\t\t\t\t\t\n\t\t\t\t\t\t\t\t\t\t\t\t\t\t<div class=\"entry-bio\">Professor e Psic\u00f3logo.<\/div>\t\t\t\t\t\t\t\t\t\t\t\t\t<\/div>\n\t\t\t\t\t<\/a>\n\t\t\t\t<\/li>\n            \t\t\t\t<li class=\" flex-column col-12 col-lg-6  d-flex align-items-center element py-3\">\n\t\t\t\t\t<a href=\"https:\/\/lead.uab.pt\/pleadon\/conhecer\/nunc-dictum\/\"  class=\"d-flex flex-column align-items-center text-decoration-none\" title=\"Saber mais sobre Fernando Ngio\">\n\t\t\t\t\t\t\t\t\t\t\t\t\t\t\t\t\t\t<div class=\"entry-thumbnail-wrapper-bg\"><div class=\"entry-thumbnail-wrapper\"><img decoding=\"async\" src=\"https:\/\/lead.uab.pt\/pleadon\/wp-content\/uploads\/sites\/13\/2022\/10\/fngio.png\" width=\"286\" height=\"307\" class=\"attachment-news-list-thumbnails-size size-news-list-thumbnails-size block entry-thumbnail img-fluid\" alt=\"\" srcset=\"https:\/\/lead.uab.pt\/pleadon\/wp-content\/uploads\/sites\/13\/2022\/10\/fngio.png 286w, https:\/\/lead.uab.pt\/pleadon\/wp-content\/uploads\/sites\/13\/2022\/10\/fngio-279x300.png 279w\" sizes=\"auto, (max-width: 286px) 100vw, 286px\"  loading=\"lazy\"><\/div><\/div>\n\t\t\t\t\t\t\n\t\t\t\t\t\t<div class=\"element-info\">\n\t\t\t\t\t\t\t<div class=\"title\">Fernando Ngio<\/div>\n\t\t\t\t\t\t\t\n\t\t\t\t\t\t\t\t\t\t\t\t\t\t\t\t\t\t\t\t\t\t<dl class=\"affiliation-wrapper\"><dt class=\"affiliation-label visually-hidden\">Afilia\u00e7\u00e3o: <\/dt><dd class=\"affiliation-value\">Minist\u00e9rio da Educa\u00e7\u00e3o de Angola<\/dd><\/dl>\n\t\t\t\t\t\t\t\n\t\t\t\t\t\t\t\t\t\t\t\t\t\t<div class=\"entry-bio\">Professor.<\/div>\t\t\t\t\t\t\t\t\t\t\t\t\t<\/div>\n\t\t\t\t\t<\/a>\n\t\t\t\t<\/li>\n            \t\t\t\t<li class=\" flex-column col-12 col-lg-6  d-flex align-items-center element py-3\">\n\t\t\t\t\t<a href=\"https:\/\/lead.uab.pt\/pleadon\/conhecer\/filipa-sardo\/\"  class=\"d-flex flex-column align-items-center text-decoration-none\" title=\"Saber mais sobre Filipa Sardo\">\n\t\t\t\t\t\t\t\t\t\t\t\t\t\t\t\t\t\t<div class=\"entry-thumbnail-wrapper-bg\"><div class=\"entry-thumbnail-wrapper\"><img decoding=\"async\" src=\"https:\/\/lead.uab.pt\/pleadon\/wp-content\/uploads\/sites\/13\/2024\/02\/Filipa-Sardo.png\" width=\"411\" height=\"450\" class=\"attachment-news-list-thumbnails-size size-news-list-thumbnails-size block entry-thumbnail img-fluid\" alt=\"\" srcset=\"https:\/\/lead.uab.pt\/pleadon\/wp-content\/uploads\/sites\/13\/2024\/02\/Filipa-Sardo.png 411w, https:\/\/lead.uab.pt\/pleadon\/wp-content\/uploads\/sites\/13\/2024\/02\/Filipa-Sardo-274x300.png 274w\" sizes=\"auto, (max-width: 411px) 100vw, 411px\"  loading=\"lazy\"><\/div><\/div>\n\t\t\t\t\t\t\n\t\t\t\t\t\t<div class=\"element-info\">\n\t\t\t\t\t\t\t<div class=\"title\">Filipa Sardo<\/div>\n\t\t\t\t\t\t\t\n\t\t\t\t\t\t\t\t\t\t\t\t\t\t\n\t\t\t\t\t\t\t\t\t\t\t\t\t<\/div>\n\t\t\t\t\t<\/a>\n\t\t\t\t<\/li>\n            \t\t\t\t<li class=\" flex-column col-12 col-lg-6  d-flex align-items-center element py-3\">\n\t\t\t\t\t<a href=\"https:\/\/lead.uab.pt\/pleadon\/conhecer\/filipe-sardo\/\"  class=\"d-flex flex-column align-items-center text-decoration-none\" title=\"Saber mais sobre Filipe Sardo\">\n\t\t\t\t\t\t\t\t\t\t\t\t\t\t\t\t\t\t<div class=\"entry-thumbnail-wrapper-bg\"><div class=\"entry-thumbnail-wrapper\"><img decoding=\"async\" src=\"https:\/\/lead.uab.pt\/pleadon\/wp-content\/uploads\/sites\/13\/2024\/02\/Tiagol-Sardo.png\" width=\"355\" height=\"364\" class=\"attachment-news-list-thumbnails-size size-news-list-thumbnails-size block entry-thumbnail img-fluid\" alt=\"\" srcset=\"https:\/\/lead.uab.pt\/pleadon\/wp-content\/uploads\/sites\/13\/2024\/02\/Tiagol-Sardo.png 355w, https:\/\/lead.uab.pt\/pleadon\/wp-content\/uploads\/sites\/13\/2024\/02\/Tiagol-Sardo-293x300.png 293w\" sizes=\"auto, (max-width: 355px) 100vw, 355px\"  loading=\"lazy\"><\/div><\/div>\n\t\t\t\t\t\t\n\t\t\t\t\t\t<div class=\"element-info\">\n\t\t\t\t\t\t\t<div class=\"title\">Filipe Sardo<\/div>\n\t\t\t\t\t\t\t\n\t\t\t\t\t\t\t\t\t\t\t\t\t\t\n\t\t\t\t\t\t\t\t\t\t\t\t\t\t<div class=\"entry-bio\">Produtor de Conte\u00fados.<\/div>\t\t\t\t\t\t\t\t\t\t\t\t\t<\/div>\n\t\t\t\t\t<\/a>\n\t\t\t\t<\/li>\n            \t\t\t\t<li class=\" flex-column col-12 col-lg-6  d-flex align-items-center element py-3\">\n\t\t\t\t\t<a href=\"https:\/\/lead.uab.pt\/pleadon\/conhecer\/vel-augue\/\"  class=\"d-flex flex-column align-items-center text-decoration-none\" title=\"Saber mais sobre Ivo  Germano Pereira Canguwa\">\n\t\t\t\t\t\t\t\t\t\t\t\t\t\t\t\t\t\t<div class=\"entry-thumbnail-wrapper-bg\"><div class=\"entry-thumbnail-wrapper\"><img decoding=\"async\" src=\"https:\/\/lead.uab.pt\/pleadon\/wp-content\/uploads\/sites\/13\/2022\/10\/Ivo-canvunga.png\" width=\"379\" height=\"499\" class=\"attachment-news-list-thumbnails-size size-news-list-thumbnails-size block entry-thumbnail img-fluid\" alt=\"\" srcset=\"https:\/\/lead.uab.pt\/pleadon\/wp-content\/uploads\/sites\/13\/2022\/10\/Ivo-canvunga.png 379w, https:\/\/lead.uab.pt\/pleadon\/wp-content\/uploads\/sites\/13\/2022\/10\/Ivo-canvunga-228x300.png 228w\" sizes=\"auto, (max-width: 379px) 100vw, 379px\"  loading=\"lazy\"><\/div><\/div>\n\t\t\t\t\t\t\n\t\t\t\t\t\t<div class=\"element-info\">\n\t\t\t\t\t\t\t<div class=\"title\">Ivo  Germano Pereira Canguwa<\/div>\n\t\t\t\t\t\t\t\n\t\t\t\t\t\t\t\t\t\t\t\t\t\t\t\t\t\t\t\t\t\t<dl class=\"affiliation-wrapper\"><dt class=\"affiliation-label visually-hidden\">Afilia\u00e7\u00e3o: <\/dt><dd class=\"affiliation-value\">Minist\u00e9rio da Educa\u00e7\u00e3o de Angola<\/dd><\/dl>\n\t\t\t\t\t\t\t\n\t\t\t\t\t\t\t\t\t\t\t\t\t<\/div>\n\t\t\t\t\t<\/a>\n\t\t\t\t<\/li>\n            \t\t\t\t<li class=\" flex-column col-12 col-lg-6  d-flex align-items-center element py-3\">\n\t\t\t\t\t<a href=\"https:\/\/lead.uab.pt\/pleadon\/conhecer\/sed-aliquam\/\"  class=\"d-flex flex-column align-items-center text-decoration-none\" title=\"Saber mais sobre Jo\u00e3o Kissunji\">\n\t\t\t\t\t\t\t\t\t\t\t\t\t\t\t\t\t\t<div class=\"entry-thumbnail-wrapper-bg\"><div class=\"entry-thumbnail-wrapper\"><img decoding=\"async\" src=\"https:\/\/lead.uab.pt\/pleadon\/wp-content\/uploads\/sites\/13\/2022\/10\/joao-kissunji.png\" width=\"325\" height=\"343\" class=\"attachment-news-list-thumbnails-size size-news-list-thumbnails-size block entry-thumbnail img-fluid\" alt=\"\" srcset=\"https:\/\/lead.uab.pt\/pleadon\/wp-content\/uploads\/sites\/13\/2022\/10\/joao-kissunji.png 325w, https:\/\/lead.uab.pt\/pleadon\/wp-content\/uploads\/sites\/13\/2022\/10\/joao-kissunji-284x300.png 284w\" sizes=\"auto, (max-width: 325px) 100vw, 325px\"  loading=\"lazy\"><\/div><\/div>\n\t\t\t\t\t\t\n\t\t\t\t\t\t<div class=\"element-info\">\n\t\t\t\t\t\t\t<div class=\"title\">Jo\u00e3o Kissunji<\/div>\n\t\t\t\t\t\t\t\n\t\t\t\t\t\t\t\t\t\t\t\t\t\t\t\t\t\t\t\t\t\t<dl class=\"affiliation-wrapper\"><dt class=\"affiliation-label visually-hidden\">Afilia\u00e7\u00e3o: <\/dt><dd class=\"affiliation-value\">Minist\u00e9rio da Educa\u00e7\u00e3o de Angola<\/dd><\/dl>\n\t\t\t\t\t\t\t\n\t\t\t\t\t\t\t\t\t\t\t\t\t\t<div class=\"entry-bio\">Docente universit\u00e1rio.<\/div>\t\t\t\t\t\t\t\t\t\t\t\t\t<\/div>\n\t\t\t\t\t<\/a>\n\t\t\t\t<\/li>\n            \t\t\t\t<li class=\" flex-column col-12 col-lg-6  d-flex align-items-center element py-3\">\n\t\t\t\t\t<a href=\"https:\/\/lead.uab.pt\/pleadon\/conhecer\/osvaldo-jose-gomes\/\"  class=\"d-flex flex-column align-items-center text-decoration-none\" title=\"Saber mais sobre Osvaldo Jos\u00e9 Gomes\">\n\t\t\t\t\t\t\t\t\t\t\t\t\t\t\t\t\t\t<div class=\"entry-thumbnail-wrapper-bg\"><div class=\"entry-thumbnail-wrapper\"><img decoding=\"async\" src=\"https:\/\/lead.uab.pt\/pleadon\/wp-content\/uploads\/sites\/13\/2024\/02\/oswaldo.png\" width=\"384\" height=\"498\" class=\"attachment-news-list-thumbnails-size size-news-list-thumbnails-size block entry-thumbnail img-fluid\" alt=\"\" srcset=\"https:\/\/lead.uab.pt\/pleadon\/wp-content\/uploads\/sites\/13\/2024\/02\/oswaldo.png 384w, https:\/\/lead.uab.pt\/pleadon\/wp-content\/uploads\/sites\/13\/2024\/02\/oswaldo-231x300.png 231w\" sizes=\"auto, (max-width: 384px) 100vw, 384px\"  loading=\"lazy\"><\/div><\/div>\n\t\t\t\t\t\t\n\t\t\t\t\t\t<div class=\"element-info\">\n\t\t\t\t\t\t\t<div class=\"title\">Osvaldo Jos\u00e9 Gomes<\/div>\n\t\t\t\t\t\t\t\n\t\t\t\t\t\t\t\t\t\t\t\t\t\t\t\t\t\t\t\t\t\t<dl class=\"affiliation-wrapper\"><dt class=\"affiliation-label visually-hidden\">Afilia\u00e7\u00e3o: <\/dt><dd class=\"affiliation-value\">Minist\u00e9rio da Educa\u00e7\u00e3o de Angola<\/dd><\/dl>\n\t\t\t\t\t\t\t\n\t\t\t\t\t\t\t\t\t\t\t\t\t<\/div>\n\t\t\t\t\t<\/a>\n\t\t\t\t<\/li>\n                    <\/ul>\n    <\/div>\n    <div class=\"clearfix\"><\/div>\n","protected":false},"excerpt":{"rendered":"Equipa I Equipa II","protected":false},"author":1,"featured_media":0,"parent":0,"menu_order":20,"comment_status":"closed","ping_status":"closed","template":"","meta":{"footnotes":""},"class_list":["post-142","page","type-page","status-publish","hentry"],"_links":{"self":[{"href":"https:\/\/lead.uab.pt\/pleadon\/wp-json\/wp\/v2\/pages\/142","targetHints":{"allow":["GET"]}}],"collection":[{"href":"https:\/\/lead.uab.pt\/pleadon\/wp-json\/wp\/v2\/pages"}],"about":[{"href":"https:\/\/lead.uab.pt\/pleadon\/wp-json\/wp\/v2\/types\/page"}],"author":[{"embeddable":true,"href":"https:\/\/lead.uab.pt\/pleadon\/wp-json\/wp\/v2\/users\/1"}],"replies":[{"embeddable":true,"href":"https:\/\/lead.uab.pt\/pleadon\/wp-json\/wp\/v2\/comments?post=142"}],"version-history":[{"count":0,"href":"https:\/\/lead.uab.pt\/pleadon\/wp-json\/wp\/v2\/pages\/142\/revisions"}],"wp:attachment":[{"href":"https:\/\/lead.uab.pt\/pleadon\/wp-json\/wp\/v2\/media?parent=142"}],"curies":[{"name":"wp","href":"https:\/\/api.w.org\/{rel}","templated":true}]}}