{"id":148,"date":"2022-10-20T10:45:31","date_gmt":"2022-10-20T10:45:31","guid":{"rendered":"https:\/\/sites.uab.pt\/congresso-humanidades\/?page_id=148"},"modified":"2024-02-12T13:28:18","modified_gmt":"2024-02-12T13:28:18","slug":"eventos","status":"publish","type":"page","link":"https:\/\/lead.uab.pt\/pleadon\/eventos\/","title":{"rendered":"Eventos"},"content":{"rendered":"\n<h2 class=\"wp-block-heading\">Eventos<\/h2>\n\n\n\n<div class=\"wp-block-c3-framew-gutenbergblocks-timeline schedule\"><div class=\"gbt-timeline-title-wrapper\"><div class=\"gbt-timeline-title tt-title\"><\/div><\/div><ul class=\"gbt-timeline-content-wrapper\">\n<li style=\"--timeline-color:#06c2c4\"><div class=\"gbt-timeline-event-title-wrapper\"><div class=\"gbt-timeline-event-title time-title\"><strong>EventMeetUP23<\/strong><\/div><\/div><div class=\"gbt-timeline-event-content-wrapper\">\n<figure class=\"wp-block-image size-large is-resized\"><img loading=\"lazy\" decoding=\"async\" width=\"1024\" height=\"293\" src=\"https:\/\/lead.uab.pt\/pleadon\/wp-content\/uploads\/sites\/13\/2024\/02\/Meet-1024x293.png\" alt=\"\" class=\"wp-image-2001\" style=\"width:549px;height:auto\" srcset=\"https:\/\/lead.uab.pt\/pleadon\/wp-content\/uploads\/sites\/13\/2024\/02\/Meet-1024x293.png 1024w, https:\/\/lead.uab.pt\/pleadon\/wp-content\/uploads\/sites\/13\/2024\/02\/Meet-300x86.png 300w, https:\/\/lead.uab.pt\/pleadon\/wp-content\/uploads\/sites\/13\/2024\/02\/Meet-768x220.png 768w, https:\/\/lead.uab.pt\/pleadon\/wp-content\/uploads\/sites\/13\/2024\/02\/Meet.png 1137w\" sizes=\"auto, (max-width: 1024px) 100vw, 1024px\" \/><\/figure>\n\n\n\n<p>Coordenadora do Projeto, Sofia Malheiro Silva  participa com Comunica\u00e7\u00e3o no<em><strong> <\/strong><\/em><a href=\"https:\/\/eventos.uab.pt\/meetup23\/\" data-type=\"link\" data-id=\"https:\/\/eventos.uab.pt\/meetup23\/\"><em><strong>2\u00aa Encontro do LE@D &#8211; Inova\u00e7\u00e3o e Ci\u00eancia<\/strong><\/em><\/a>: PLEaDon: Projeto de Literacia em Educa\u00e7\u00e3o a Dist\u00e2ncia, online: um projeto \u201cem\u201c, \u201cde\u201d e \u201cpara\u201d Angola!<\/p>\n<\/div><\/li>\n\n\n\n<li style=\"--timeline-color:#06c2c4\"><div class=\"gbt-timeline-event-title-wrapper\"><div class=\"gbt-timeline-event-title time-title\"><strong>Curso de Especializa\u00e7\u00e3o &#8211; janeiro de 2023<\/strong><br><\/div><\/div><div class=\"gbt-timeline-event-content-wrapper\">\n<div class=\"wp-block-columns is-layout-flex wp-container-core-columns-is-layout-1 wp-block-columns-is-layout-flex\">\n<div class=\"wp-block-column is-layout-flow wp-block-column-is-layout-flow\" style=\"flex-basis:100%\">\n<figure class=\"wp-block-image size-full\"><img loading=\"lazy\" decoding=\"async\" width=\"604\" height=\"139\" src=\"https:\/\/lead.uab.pt\/pleadon\/wp-content\/uploads\/sites\/13\/2024\/02\/Educacao-inclusiva.png\" alt=\"\" class=\"wp-image-2007\" srcset=\"https:\/\/lead.uab.pt\/pleadon\/wp-content\/uploads\/sites\/13\/2024\/02\/Educacao-inclusiva.png 604w, https:\/\/lead.uab.pt\/pleadon\/wp-content\/uploads\/sites\/13\/2024\/02\/Educacao-inclusiva-300x69.png 300w\" sizes=\"auto, (max-width: 604px) 100vw, 604px\" \/><\/figure>\n<\/div>\n<\/div>\n\n\n\n<p>Curso de Especializa\u00e7\u00e3o Online <em>Educa\u00e7\u00e3o Inclusiva<\/em>  360 horas ass\u00edncronas e s\u00edncronas (Moodle + Zoom).<\/p>\n\n\n\n<p><\/p>\n<\/div><\/li>\n\n\n\n<li style=\"--timeline-color:#06c2c4\"><div class=\"gbt-timeline-event-title-wrapper\"><div class=\"gbt-timeline-event-title time-title\"><strong>15 junho 2023 -Confer\u00eancia do Programa de P\u00f3s-Gradua\u00e7\u00e3o em Gest\u00e3o, Educa\u00e7\u00e3o e Tecnologias no \u00e2mbito de Rede de Coopera\u00e7\u00e3o Internacional de Pesquisa.<\/strong><br><\/div><\/div><div class=\"gbt-timeline-event-content-wrapper\">\n<div class=\"wp-block-columns is-layout-flex wp-container-core-columns-is-layout-2 wp-block-columns-is-layout-flex\">\n<div class=\"wp-block-column is-layout-flow wp-block-column-is-layout-flow\" style=\"flex-basis:100%\">\n<figure class=\"wp-block-image size-large is-resized\"><img loading=\"lazy\" decoding=\"async\" width=\"1024\" height=\"1024\" src=\"https:\/\/lead.uab.pt\/pleadon\/wp-content\/uploads\/sites\/13\/2024\/02\/Rede-internacional-1024x1024.jpg\" alt=\"\" class=\"wp-image-2009\" style=\"width:498px;height:auto\" srcset=\"https:\/\/lead.uab.pt\/pleadon\/wp-content\/uploads\/sites\/13\/2024\/02\/Rede-internacional-1024x1024.jpg 1024w, https:\/\/lead.uab.pt\/pleadon\/wp-content\/uploads\/sites\/13\/2024\/02\/Rede-internacional-300x300.jpg 300w, https:\/\/lead.uab.pt\/pleadon\/wp-content\/uploads\/sites\/13\/2024\/02\/Rede-internacional-150x150.jpg 150w, https:\/\/lead.uab.pt\/pleadon\/wp-content\/uploads\/sites\/13\/2024\/02\/Rede-internacional-768x768.jpg 768w, https:\/\/lead.uab.pt\/pleadon\/wp-content\/uploads\/sites\/13\/2024\/02\/Rede-internacional-1536x1536.jpg 1536w, https:\/\/lead.uab.pt\/pleadon\/wp-content\/uploads\/sites\/13\/2024\/02\/Rede-internacional.jpg 2000w\" sizes=\"auto, (max-width: 1024px) 100vw, 1024px\" \/><\/figure>\n<\/div>\n<\/div>\n<\/div><\/li>\n\n\n\n<li><div class=\"gbt-timeline-event-title-wrapper\"><div class=\"gbt-timeline-event-title time-title\"><strong><strong>Ciclo Escola Inclusiva -Capacita\u00e7\u00e3o Pedag\u00f3gica Escola Piloto Cuanza Sul<\/strong><\/strong><\/div><\/div><div class=\"gbt-timeline-event-content-wrapper\">\n<div class=\"wp-block-columns is-layout-flex wp-container-core-columns-is-layout-3 wp-block-columns-is-layout-flex\">\n<div class=\"wp-block-column is-layout-flow wp-block-column-is-layout-flow\" style=\"flex-basis:33.33%\">\n<figure class=\"wp-block-image size-full\"><img loading=\"lazy\" decoding=\"async\" width=\"339\" height=\"287\" src=\"https:\/\/lead.uab.pt\/pleadon\/wp-content\/uploads\/sites\/13\/2024\/02\/Escola.png\" alt=\"\" class=\"wp-image-1999\" srcset=\"https:\/\/lead.uab.pt\/pleadon\/wp-content\/uploads\/sites\/13\/2024\/02\/Escola.png 339w, https:\/\/lead.uab.pt\/pleadon\/wp-content\/uploads\/sites\/13\/2024\/02\/Escola-300x254.png 300w\" sizes=\"auto, (max-width: 339px) 100vw, 339px\" \/><\/figure>\n<\/div>\n\n\n\n<div class=\"wp-block-column is-layout-flow wp-block-column-is-layout-flow\" style=\"flex-basis:66.66%\">\n<p><strong>Cronograma:<\/strong> A decorrer em 4 sess\u00f5es entre 12 de maio e 23 de junho.<\/p>\n\n\n\n<p><strong>Finalidade: <\/strong>Construir uma comunidade de professores para partilha e aprendizagem facilitadora da inclus\u00e3o escolar.&nbsp;<\/p>\n<\/div>\n<\/div>\n<\/div><\/li>\n\n\n\n<li><div class=\"gbt-timeline-event-title-wrapper\"><div class=\"gbt-timeline-event-title time-title\"><strong><strong>Cria\u00e7\u00e3o de Comunidade  PLEaDon &#8211; Educa\u00e7\u00e3o Digital Inclusiva no Facebook<\/strong><\/strong><\/div><\/div><div class=\"gbt-timeline-event-content-wrapper\">\n<div class=\"wp-block-columns is-layout-flex wp-container-core-columns-is-layout-4 wp-block-columns-is-layout-flex\">\n<div class=\"wp-block-column is-layout-flow wp-block-column-is-layout-flow\" style=\"flex-basis:33.33%\">\n<figure class=\"wp-block-image size-full\"><img loading=\"lazy\" decoding=\"async\" width=\"960\" height=\"720\" src=\"https:\/\/lead.uab.pt\/pleadon\/wp-content\/uploads\/sites\/13\/2024\/02\/368392121_10226258576108684_2755998164954318831_n.jpg\" alt=\"\" class=\"wp-image-2005\" srcset=\"https:\/\/lead.uab.pt\/pleadon\/wp-content\/uploads\/sites\/13\/2024\/02\/368392121_10226258576108684_2755998164954318831_n.jpg 960w, https:\/\/lead.uab.pt\/pleadon\/wp-content\/uploads\/sites\/13\/2024\/02\/368392121_10226258576108684_2755998164954318831_n-300x225.jpg 300w, https:\/\/lead.uab.pt\/pleadon\/wp-content\/uploads\/sites\/13\/2024\/02\/368392121_10226258576108684_2755998164954318831_n-768x576.jpg 768w\" sizes=\"auto, (max-width: 960px) 100vw, 960px\" \/><\/figure>\n<\/div>\n\n\n\n<div class=\"wp-block-column is-layout-flow wp-block-column-is-layout-flow\" style=\"flex-basis:66.66%\">\n<p><strong>Setembro de 2022<\/strong><\/p>\n\n\n\n<p>Criada comunidade de educadores (Grupo Privado) PLEaDOn &#8211; Comunidade de participantes lus\u00f3fonos do Projeto de Literacia em Educa\u00e7\u00e3o a Dist\u00e2ncia &#8211; modalidade online. <\/p>\n\n\n\n<p>Este grupo pretende&nbsp;dinamizar a comunica\u00e7\u00e3o e a partilha de experi\u00eancias\/pr\u00e1ticas entre todos os participantes, no \u00e2mbito da Educa\u00e7\u00e3o Inclusiva Digital.<\/p>\n<\/div>\n<\/div>\n<\/div><\/li>\n<\/ul><\/div>\n","protected":false},"excerpt":{"rendered":"Eventos","protected":false},"author":1,"featured_media":0,"parent":0,"menu_order":50,"comment_status":"closed","ping_status":"closed","template":"","meta":{"footnotes":""},"class_list":["post-148","page","type-page","status-publish","hentry"],"_links":{"self":[{"href":"https:\/\/lead.uab.pt\/pleadon\/wp-json\/wp\/v2\/pages\/148","targetHints":{"allow":["GET"]}}],"collection":[{"href":"https:\/\/lead.uab.pt\/pleadon\/wp-json\/wp\/v2\/pages"}],"about":[{"href":"https:\/\/lead.uab.pt\/pleadon\/wp-json\/wp\/v2\/types\/page"}],"author":[{"embeddable":true,"href":"https:\/\/lead.uab.pt\/pleadon\/wp-json\/wp\/v2\/users\/1"}],"replies":[{"embeddable":true,"href":"https:\/\/lead.uab.pt\/pleadon\/wp-json\/wp\/v2\/comments?post=148"}],"version-history":[{"count":9,"href":"https:\/\/lead.uab.pt\/pleadon\/wp-json\/wp\/v2\/pages\/148\/revisions"}],"predecessor-version":[{"id":2020,"href":"https:\/\/lead.uab.pt\/pleadon\/wp-json\/wp\/v2\/pages\/148\/revisions\/2020"}],"wp:attachment":[{"href":"https:\/\/lead.uab.pt\/pleadon\/wp-json\/wp\/v2\/media?parent=148"}],"curies":[{"name":"wp","href":"https:\/\/api.w.org\/{rel}","templated":true}]}}