{"id":1630,"date":"2023-04-14T16:53:43","date_gmt":"2023-04-14T16:53:43","guid":{"rendered":"https:\/\/lead.uab.pt\/-project-template-\/?page_id=1630"},"modified":"2024-02-12T11:46:29","modified_gmt":"2024-02-12T11:46:29","slug":"atividades","status":"publish","type":"page","link":"https:\/\/lead.uab.pt\/pleadon\/atividades\/","title":{"rendered":"Atividades"},"content":{"rendered":"\n<h2 class=\"wp-block-heading\">Atividades<\/h2>\n\n\n\n<p>As atividades do projeto tem assumido v\u00e1rias val\u00eancias:<\/p>\n\n\n\n<ol class=\"wp-block-list\">\n<li>A\u00e7\u00f5es e cursos de Forma\u00e7\u00e3o a Professores.<\/li>\n\n\n\n<li>Cria\u00e7\u00e3o de Recursos psico-pedag\u00f3gicos dirigidos a professores para integra\u00e7\u00e3o no curr\u00edculo.<\/li>\n<\/ol>\n","protected":false},"excerpt":{"rendered":"Atividades As atividades do projeto tem assumido v\u00e1rias val\u00eancias:","protected":false},"author":1,"featured_media":0,"parent":0,"menu_order":30,"comment_status":"closed","ping_status":"closed","template":"","meta":{"footnotes":""},"class_list":["post-1630","page","type-page","status-publish","hentry"],"_links":{"self":[{"href":"https:\/\/lead.uab.pt\/pleadon\/wp-json\/wp\/v2\/pages\/1630","targetHints":{"allow":["GET"]}}],"collection":[{"href":"https:\/\/lead.uab.pt\/pleadon\/wp-json\/wp\/v2\/pages"}],"about":[{"href":"https:\/\/lead.uab.pt\/pleadon\/wp-json\/wp\/v2\/types\/page"}],"author":[{"embeddable":true,"href":"https:\/\/lead.uab.pt\/pleadon\/wp-json\/wp\/v2\/users\/1"}],"replies":[{"embeddable":true,"href":"https:\/\/lead.uab.pt\/pleadon\/wp-json\/wp\/v2\/comments?post=1630"}],"version-history":[{"count":4,"href":"https:\/\/lead.uab.pt\/pleadon\/wp-json\/wp\/v2\/pages\/1630\/revisions"}],"predecessor-version":[{"id":1996,"href":"https:\/\/lead.uab.pt\/pleadon\/wp-json\/wp\/v2\/pages\/1630\/revisions\/1996"}],"wp:attachment":[{"href":"https:\/\/lead.uab.pt\/pleadon\/wp-json\/wp\/v2\/media?parent=1630"}],"curies":[{"name":"wp","href":"https:\/\/api.w.org\/{rel}","templated":true}]}}