{"id":2011,"date":"2024-02-12T13:17:43","date_gmt":"2024-02-12T13:17:43","guid":{"rendered":"https:\/\/lead.uab.pt\/pleadon\/?page_id=2011"},"modified":"2024-02-12T13:25:05","modified_gmt":"2024-02-12T13:25:05","slug":"parceiros","status":"publish","type":"page","link":"https:\/\/lead.uab.pt\/pleadon\/parceiros\/","title":{"rendered":"Parceiros"},"content":{"rendered":"\n<p>O projeto conta com a colabora\u00e7\u00e3o de parceiros  quer a n\u00edvel local, quer internacional.<\/p>\n\n\n\n<p>Empresa <em><strong>Kideia Study<\/strong><\/em>, Portugal<\/p>\n\n\n\n<p>Programa de <em><strong>P\u00f3s-Gradua\u00e7\u00e3o em  Gest\u00e3o, Educa\u00e7\u00e3o e Tecnologia<\/strong><\/em>s, Universidade Estadual de G\u00f3ias, Brasil.<\/p>\n","protected":false},"excerpt":{"rendered":"O projeto conta com a colabora\u00e7\u00e3o de parceiros quer a n\u00edvel local, quer internacional. Empresa Kideia Study, Portugal Programa de P\u00f3s-Gradua\u00e7\u00e3o em Gest\u00e3o, Educa\u00e7\u00e3o e Tecnologias, Universidade Estadual de G\u00f3ias, Brasil.","protected":false},"author":4,"featured_media":0,"parent":0,"menu_order":0,"comment_status":"closed","ping_status":"closed","template":"","meta":{"footnotes":""},"class_list":["post-2011","page","type-page","status-publish","hentry"],"_links":{"self":[{"href":"https:\/\/lead.uab.pt\/pleadon\/wp-json\/wp\/v2\/pages\/2011","targetHints":{"allow":["GET"]}}],"collection":[{"href":"https:\/\/lead.uab.pt\/pleadon\/wp-json\/wp\/v2\/pages"}],"about":[{"href":"https:\/\/lead.uab.pt\/pleadon\/wp-json\/wp\/v2\/types\/page"}],"author":[{"embeddable":true,"href":"https:\/\/lead.uab.pt\/pleadon\/wp-json\/wp\/v2\/users\/4"}],"replies":[{"embeddable":true,"href":"https:\/\/lead.uab.pt\/pleadon\/wp-json\/wp\/v2\/comments?post=2011"}],"version-history":[{"count":5,"href":"https:\/\/lead.uab.pt\/pleadon\/wp-json\/wp\/v2\/pages\/2011\/revisions"}],"predecessor-version":[{"id":2017,"href":"https:\/\/lead.uab.pt\/pleadon\/wp-json\/wp\/v2\/pages\/2011\/revisions\/2017"}],"wp:attachment":[{"href":"https:\/\/lead.uab.pt\/pleadon\/wp-json\/wp\/v2\/media?parent=2011"}],"curies":[{"name":"wp","href":"https:\/\/api.w.org\/{rel}","templated":true}]}}