{"id":1934,"date":"2023-09-01T08:42:05","date_gmt":"2023-09-01T07:42:05","guid":{"rendered":"https:\/\/lead.uab.pt\/pme-pp\/?page_id=1934"},"modified":"2024-06-08T11:15:54","modified_gmt":"2024-06-08T10:15:54","slug":"publicacoes","status":"publish","type":"page","link":"https:\/\/lead.uab.pt\/pme-pp\/publicacoes\/","title":{"rendered":"Publica\u00e7\u00f5es"},"content":{"rendered":"\n<p><\/p>\n\n\n\n<p><strong>Atas de Confer\u00eancias<\/strong><\/p>\n\n\n\n<p><\/p>\n\n\n\n<ul class=\"wp-block-list\">\n<li>Oliveira C. &amp; Oliveira, I. (2022). A import\u00e2ncia das lideran\u00e7as interm\u00e9dias no desenvolvimento e sustentabilidade das pr\u00e1ticas colaborativas.<a href=\"https:\/\/eu-central-1.linodeobjects.com\/evt4-media\/documents\/Livro_de_Resumos_SPCE_22_V3_compressed.pdf\"> Livro de Resumos do XVI Congresso da Sociedade Portuguesa de Ci\u00eancias da Educa\u00e7\u00e3o<\/a> (SPCE), 15 a 17 de setembro, no Campus de Benfica do IPL. <\/li>\n<\/ul>\n\n\n\n<p><\/p>\n\n\n\n<ul class=\"wp-block-list\">\n<li>Queiroga, C., Barreira, B. &amp; Oliveira I. (2023). Inova\u00e7\u00e3o digital:&nbsp; boas pr\u00e1ticas pedag\u00f3gicas identificadas pelos professores em contexto de supervis\u00e3o pedag\u00f3gica. Livro de Resumos <em><a href=\"https:\/\/congreso-xviigp.asocip.com\/images\/PDF\/2023\/LIBRO_RESUMENES1111.pdf\" data-type=\"URL\" data-id=\"https:\/\/congreso-xviigp.asocip.com\/images\/PDF\/2023\/LIBRO_RESUMENES1111.pdf\">do XVII Congresso Internacional Galeco Portugu\u00eas de Psicopedagogia<\/a><\/em>, 30 agosto a 1 de setembro, Universidade da Corunha, Espanha.<\/li>\n<\/ul>\n\n\n\n<p><\/p>\n\n\n\n<ul class=\"wp-block-list\">\n<li>Santos, G., Ribeiro, S. &amp; Oliveira, I. (submetido). <em>Novas Ecologias de Aprendizagem e Pr\u00e1ticas Pedag\u00f3gicas Emergentes.<\/em> <em><a href=\"https:\/\/fep.porto.ucp.pt\/pt-pt\/asset\/22676\/file\" data-type=\"URL\" data-id=\"https:\/\/fep.porto.ucp.pt\/pt-pt\/asset\/22676\/file\">Livro de Resumos Atas do V International Seminar \u201cEducation Territories and Human Development<\/a><\/em>, 20 a 22 de julho, Universidade Cat\u00f3lica, Porto.&nbsp;<\/li>\n<\/ul>\n\n\n\n<ul class=\"wp-block-list\">\n<li>Rocha, M. A., Oliveira, C., &amp; Oliveira, I. (2024). Pr\u00e1ticas de melhoria educativa e tecnologia digital: um estudo de casos m\u00faltiplos. In A. J. Os\u00f3rio, M. J. Gomes, A. Ramos &amp; A. L. Valente (orgs), Livro de Atas XIII Confer\u00eancia Internacional de Tecnologias de Informa\u00e7\u00e3o e Comunica\u00e7\u00e3o na Educa\u00e7\u00e3o \u2013 Challenges 2024: Espa\u00e7os e Caminhos OnLife (pp. 469- 477). Universidade do Minho \u2013 Centro de Compet\u00eancia. <a href=\"https:\/\/www.nonio.uminho.pt\/challenges\/atas-2\/\">https:\/\/www.nonio.uminho.pt\/challenges\/atas-2\/<\/a><\/li>\n<\/ul>\n","protected":false},"excerpt":{"rendered":"Atas de Confer\u00eancias","protected":false},"author":4,"featured_media":0,"parent":0,"menu_order":0,"comment_status":"closed","ping_status":"closed","template":"","meta":{"footnotes":""},"class_list":["post-1934","page","type-page","status-publish","hentry"],"_links":{"self":[{"href":"https:\/\/lead.uab.pt\/pme-pp\/wp-json\/wp\/v2\/pages\/1934","targetHints":{"allow":["GET"]}}],"collection":[{"href":"https:\/\/lead.uab.pt\/pme-pp\/wp-json\/wp\/v2\/pages"}],"about":[{"href":"https:\/\/lead.uab.pt\/pme-pp\/wp-json\/wp\/v2\/types\/page"}],"author":[{"embeddable":true,"href":"https:\/\/lead.uab.pt\/pme-pp\/wp-json\/wp\/v2\/users\/4"}],"replies":[{"embeddable":true,"href":"https:\/\/lead.uab.pt\/pme-pp\/wp-json\/wp\/v2\/comments?post=1934"}],"version-history":[{"count":9,"href":"https:\/\/lead.uab.pt\/pme-pp\/wp-json\/wp\/v2\/pages\/1934\/revisions"}],"predecessor-version":[{"id":2008,"href":"https:\/\/lead.uab.pt\/pme-pp\/wp-json\/wp\/v2\/pages\/1934\/revisions\/2008"}],"wp:attachment":[{"href":"https:\/\/lead.uab.pt\/pme-pp\/wp-json\/wp\/v2\/media?parent=1934"}],"curies":[{"name":"wp","href":"https:\/\/api.w.org\/{rel}","templated":true}]}}