{"id":1936,"date":"2023-09-01T08:42:27","date_gmt":"2023-09-01T07:42:27","guid":{"rendered":"https:\/\/lead.uab.pt\/pme-pp\/?page_id=1936"},"modified":"2024-06-08T11:14:21","modified_gmt":"2024-06-08T10:14:21","slug":"comunicacoes","status":"publish","type":"page","link":"https:\/\/lead.uab.pt\/pme-pp\/comunicacoes\/","title":{"rendered":"Comunica\u00e7\u00f5es"},"content":{"rendered":"\n<p><\/p>\n\n\n\n<ul class=\"wp-block-list\">\n<li>Santos, G., Ribeiro, S. &amp; Oliveira, I. (2023). <em>Novas Ecologias de Aprendizagem e Pr\u00e1ticas Pedag\u00f3gicas Emergentes.<\/em> <a href=\"https:\/\/m.porto.ucp.pt\/pt\/central-eventos\/v-seminario-internacional-educacao-territorios-e-desenvolvimento-humano\" data-type=\"URL\" data-id=\"https:\/\/m.porto.ucp.pt\/pt\/central-eventos\/v-seminario-internacional-educacao-territorios-e-desenvolvimento-humano\">V International Seminar \u201cEducation Territories and Human Development<\/a>\u201d, 20 a 22 de julho, Universidade Cat\u00f3lica, Porto.\u00a0<\/li>\n\n\n\n<li>Ribeiro, S., Oliveira, C., Santos, G., Rocha, M. A., &amp; Oliveira I. (2023).,<em> Pr\u00e1ticas de melhoria educativa \u2013 a praxis dos professores resultados preliminares<\/em>, <a href=\"https:\/\/eventos.uab.pt\/meetup23\/\" data-type=\"URL\" data-id=\"https:\/\/eventos.uab.pt\/meetup23\/\">2\u00ba Encontro de Investigadores do LE@D &#8211; Inova\u00e7\u00e3o e Ci\u00eancia &#8211; MeetUP23<\/a>, 26 e 27 maio, Universidade Aberta. <\/li>\n\n\n\n<li>Queiroga, C., Barreira, B. &amp; Oliveira I. (2023). Inova\u00e7\u00e3o digital:\u00a0 boas pr\u00e1ticas pedag\u00f3gicas identificadas pelos professores em contexto de supervis\u00e3o pedag\u00f3gica. <a>XVII Congresso Internacional Galeco Portugu\u00eas de Psicopedagogia<\/a>, 30 agosto a 1 de setembro, Universidade da Corunha, Espanha.<\/li>\n\n\n\n<li>Oliveira C. &amp; Oliveira, I. (2022). A import\u00e2ncia das lideran\u00e7as interm\u00e9dias no desenvolvimento e sustentabilidade das pr\u00e1ticas colaborativas.<a href=\"https:\/\/www.eselx.ipl.pt\/noticias\/xvi-congresso-spce-15-17-setembro-2022\" data-type=\"URL\" data-id=\"https:\/\/www.eselx.ipl.pt\/noticias\/xvi-congresso-spce-15-17-setembro-2022\"> <\/a><a href=\"https:\/\/congresso-spce.eventqualia.net\/pt\/2022\/inicio\/\" data-type=\"URL\" data-id=\"https:\/\/congresso-spce.eventqualia.net\/pt\/2022\/inicio\/\">XVI Congresso da Sociedade Portuguesa de Ci\u00eancias da Educa\u00e7\u00e3o<\/a> (SPCE), 15 a 17 de setembro, no Campus de Benfica do IPL.<\/li>\n<\/ul>\n","protected":false},"excerpt":{"rendered":"","protected":false},"author":4,"featured_media":0,"parent":0,"menu_order":0,"comment_status":"closed","ping_status":"closed","template":"","meta":{"footnotes":""},"class_list":["post-1936","page","type-page","status-publish","hentry"],"_links":{"self":[{"href":"https:\/\/lead.uab.pt\/pme-pp\/wp-json\/wp\/v2\/pages\/1936","targetHints":{"allow":["GET"]}}],"collection":[{"href":"https:\/\/lead.uab.pt\/pme-pp\/wp-json\/wp\/v2\/pages"}],"about":[{"href":"https:\/\/lead.uab.pt\/pme-pp\/wp-json\/wp\/v2\/types\/page"}],"author":[{"embeddable":true,"href":"https:\/\/lead.uab.pt\/pme-pp\/wp-json\/wp\/v2\/users\/4"}],"replies":[{"embeddable":true,"href":"https:\/\/lead.uab.pt\/pme-pp\/wp-json\/wp\/v2\/comments?post=1936"}],"version-history":[{"count":5,"href":"https:\/\/lead.uab.pt\/pme-pp\/wp-json\/wp\/v2\/pages\/1936\/revisions"}],"predecessor-version":[{"id":2006,"href":"https:\/\/lead.uab.pt\/pme-pp\/wp-json\/wp\/v2\/pages\/1936\/revisions\/2006"}],"wp:attachment":[{"href":"https:\/\/lead.uab.pt\/pme-pp\/wp-json\/wp\/v2\/media?parent=1936"}],"curies":[{"name":"wp","href":"https:\/\/api.w.org\/{rel}","templated":true}]}}