{"id":1958,"date":"2023-09-04T07:52:10","date_gmt":"2023-09-04T06:52:10","guid":{"rendered":"https:\/\/lead.uab.pt\/pme-pp\/?page_id=1958"},"modified":"2024-06-12T23:23:50","modified_gmt":"2024-06-12T22:23:50","slug":"2022-2","status":"publish","type":"page","link":"https:\/\/lead.uab.pt\/pme-pp\/2022-2\/","title":{"rendered":"2022"},"content":{"rendered":"\n<p><\/p>\n\n\n\n<p>No ano de 2022-2023 o projeto desenvolveu as seguintes atividades:<\/p>\n\n\n\n<p>1) <strong>Desenvolvimento do estudo<\/strong><\/p>\n\n\n\n<p><\/p>\n\n\n\n<ul class=\"wp-block-list\">\n<li>Atualiza\u00e7\u00e3o da literatura, em particular sobre a aprendizagem profissional cont\u00ednua dos professores, discutida em reuni\u00f5es da equipa. <\/li>\n\n\n\n<li>Contacto com as dire\u00e7\u00f5es dos agrupamentos para dar a conhecer o projeto (objetivos e metodologia), identificar interesses e necessidades bem como negociar processos de colabora\u00e7\u00e3o. <\/li>\n\n\n\n<li>Elabora\u00e7\u00e3o do question\u00e1rio de acordo com os procedimentos formais e sua aplica\u00e7\u00e3o. <\/li>\n\n\n\n<li>Constru\u00e7\u00e3o do gui\u00e3o para as entrevistas e realiza\u00e7\u00e3o das mesmas. <\/li>\n\n\n\n<li> An\u00e1lise e reflex\u00e3o sobre os dados obtidos atrav\u00e9s do question\u00e1rio e entrevistas. <\/li>\n\n\n\n<li> Divulga\u00e7\u00e3o dos resultados em encontros e semin\u00e1rios.<\/li>\n<\/ul>\n\n\n\n<p>2) <strong>Consultoria e A\u00e7\u00f5es de forma\u00e7\u00e3o&nbsp;<\/strong><\/p>\n\n\n\n<p><\/p>\n\n\n\n<ul class=\"wp-block-list\">\n<li>Consultoria no \u00e2mbito de projetos em desenvolvimento em escolas focados na supervis\u00e3o e colabora\u00e7\u00e3o profissional. <\/li>\n\n\n\n<li>Participa\u00e7\u00e3o em Jornadas Pedag\u00f3gicas promovidas por Centros de Forma\u00e7\u00e3o de Associa\u00e7\u00e3o de Escolas. <\/li>\n\n\n\n<li>Realiza\u00e7\u00e3o de Workshops centrados em pr\u00e1ticas reflexivas com grupos de professores.<\/li>\n<\/ul>\n","protected":false},"excerpt":{"rendered":"No ano de 2022-2023 o projeto desenvolveu as seguintes atividades: 1) Desenvolvimento do estudo 2) Consultoria e A\u00e7\u00f5es de forma\u00e7\u00e3o&nbsp;","protected":false},"author":4,"featured_media":0,"parent":0,"menu_order":0,"comment_status":"closed","ping_status":"closed","template":"","meta":{"footnotes":""},"class_list":["post-1958","page","type-page","status-publish","hentry"],"_links":{"self":[{"href":"https:\/\/lead.uab.pt\/pme-pp\/wp-json\/wp\/v2\/pages\/1958","targetHints":{"allow":["GET"]}}],"collection":[{"href":"https:\/\/lead.uab.pt\/pme-pp\/wp-json\/wp\/v2\/pages"}],"about":[{"href":"https:\/\/lead.uab.pt\/pme-pp\/wp-json\/wp\/v2\/types\/page"}],"author":[{"embeddable":true,"href":"https:\/\/lead.uab.pt\/pme-pp\/wp-json\/wp\/v2\/users\/4"}],"replies":[{"embeddable":true,"href":"https:\/\/lead.uab.pt\/pme-pp\/wp-json\/wp\/v2\/comments?post=1958"}],"version-history":[{"count":4,"href":"https:\/\/lead.uab.pt\/pme-pp\/wp-json\/wp\/v2\/pages\/1958\/revisions"}],"predecessor-version":[{"id":2101,"href":"https:\/\/lead.uab.pt\/pme-pp\/wp-json\/wp\/v2\/pages\/1958\/revisions\/2101"}],"wp:attachment":[{"href":"https:\/\/lead.uab.pt\/pme-pp\/wp-json\/wp\/v2\/media?parent=1958"}],"curies":[{"name":"wp","href":"https:\/\/api.w.org\/{rel}","templated":true}]}}