{"id":1960,"date":"2023-09-04T07:52:32","date_gmt":"2023-09-04T06:52:32","guid":{"rendered":"https:\/\/lead.uab.pt\/pme-pp\/?page_id=1960"},"modified":"2024-06-12T23:23:12","modified_gmt":"2024-06-12T22:23:12","slug":"2023-2","status":"publish","type":"page","link":"https:\/\/lead.uab.pt\/pme-pp\/2023-2\/","title":{"rendered":"2023"},"content":{"rendered":"\n<p><\/p>\n\n\n\n<p><strong>2023\/2024<\/strong><\/p>\n\n\n\n<ul class=\"wp-block-list\">\n<li>Escrita de artigos a publicar em revistas nacionais e internacionais<\/li>\n\n\n\n<li>Realiza\u00e7\u00e3o de semin\u00e1rios em cada um dos cinco agrupamentos visando respaldar a compreens\u00e3o e suportar interven\u00e7\u00f5es futuras e recomenda\u00e7\u00f5es para o desenvolvimento profissional e organizacional.<\/li>\n\n\n\n<li>Realiza\u00e7\u00e3o de uma LE@D Talk<\/li>\n\n\n\n<li>Elabora\u00e7\u00e3o de um relat\u00f3rio sobre o projeto.<\/li>\n<\/ul>\n","protected":false},"excerpt":{"rendered":"2023\/2024","protected":false},"author":4,"featured_media":0,"parent":0,"menu_order":0,"comment_status":"closed","ping_status":"closed","template":"","meta":{"footnotes":""},"class_list":["post-1960","page","type-page","status-publish","hentry"],"_links":{"self":[{"href":"https:\/\/lead.uab.pt\/pme-pp\/wp-json\/wp\/v2\/pages\/1960","targetHints":{"allow":["GET"]}}],"collection":[{"href":"https:\/\/lead.uab.pt\/pme-pp\/wp-json\/wp\/v2\/pages"}],"about":[{"href":"https:\/\/lead.uab.pt\/pme-pp\/wp-json\/wp\/v2\/types\/page"}],"author":[{"embeddable":true,"href":"https:\/\/lead.uab.pt\/pme-pp\/wp-json\/wp\/v2\/users\/4"}],"replies":[{"embeddable":true,"href":"https:\/\/lead.uab.pt\/pme-pp\/wp-json\/wp\/v2\/comments?post=1960"}],"version-history":[{"count":3,"href":"https:\/\/lead.uab.pt\/pme-pp\/wp-json\/wp\/v2\/pages\/1960\/revisions"}],"predecessor-version":[{"id":2100,"href":"https:\/\/lead.uab.pt\/pme-pp\/wp-json\/wp\/v2\/pages\/1960\/revisions\/2100"}],"wp:attachment":[{"href":"https:\/\/lead.uab.pt\/pme-pp\/wp-json\/wp\/v2\/media?parent=1960"}],"curies":[{"name":"wp","href":"https:\/\/api.w.org\/{rel}","templated":true}]}}