{"id":1999,"date":"2023-11-04T11:59:00","date_gmt":"2023-11-04T11:59:00","guid":{"rendered":"https:\/\/lead.uab.pt\/pme-pp\/?page_id=1999"},"modified":"2024-01-24T12:04:48","modified_gmt":"2024-01-24T12:04:48","slug":"obvspa","status":"publish","type":"page","link":"https:\/\/lead.uab.pt\/pme-pp\/obvspa\/","title":{"rendered":"Observat\u00f3rio OBVSPA"},"content":{"rendered":"\n<p><\/p>\n\n\n\n<p><a href=\"https:\/\/lead.uab.pt\/obvspa\/\" data-type=\"link\" data-id=\"https:\/\/lead.uab.pt\/obvspa\/\">Observat\u00f3rio Virtual sobre Supervis\u00e3o Pedag\u00f3gica e Autoavalia\u00e7\u00e3o das Escolas\u00a0<\/a><\/p>\n","protected":false},"excerpt":{"rendered":"Observat\u00f3rio Virtual sobre Supervis\u00e3o Pedag\u00f3gica e Autoavalia\u00e7\u00e3o das Escolas\u00a0","protected":false},"author":4,"featured_media":0,"parent":0,"menu_order":0,"comment_status":"closed","ping_status":"closed","template":"","meta":{"footnotes":""},"class_list":["post-1999","page","type-page","status-publish","hentry"],"_links":{"self":[{"href":"https:\/\/lead.uab.pt\/pme-pp\/wp-json\/wp\/v2\/pages\/1999","targetHints":{"allow":["GET"]}}],"collection":[{"href":"https:\/\/lead.uab.pt\/pme-pp\/wp-json\/wp\/v2\/pages"}],"about":[{"href":"https:\/\/lead.uab.pt\/pme-pp\/wp-json\/wp\/v2\/types\/page"}],"author":[{"embeddable":true,"href":"https:\/\/lead.uab.pt\/pme-pp\/wp-json\/wp\/v2\/users\/4"}],"replies":[{"embeddable":true,"href":"https:\/\/lead.uab.pt\/pme-pp\/wp-json\/wp\/v2\/comments?post=1999"}],"version-history":[{"count":2,"href":"https:\/\/lead.uab.pt\/pme-pp\/wp-json\/wp\/v2\/pages\/1999\/revisions"}],"predecessor-version":[{"id":2002,"href":"https:\/\/lead.uab.pt\/pme-pp\/wp-json\/wp\/v2\/pages\/1999\/revisions\/2002"}],"wp:attachment":[{"href":"https:\/\/lead.uab.pt\/pme-pp\/wp-json\/wp\/v2\/media?parent=1999"}],"curies":[{"name":"wp","href":"https:\/\/api.w.org\/{rel}","templated":true}]}}