{"id":139,"date":"2022-10-19T22:41:51","date_gmt":"2022-10-19T21:41:51","guid":{"rendered":"https:\/\/sites.uab.pt\/congresso-humanidades\/?page_id=139"},"modified":"2024-04-24T14:40:41","modified_gmt":"2024-04-24T13:40:41","slug":"projeto","status":"publish","type":"page","link":"https:\/\/lead.uab.pt\/way\/","title":{"rendered":"Projeto"},"content":{"rendered":"\n<p><\/p>\n\n\n\n<h2 class=\"wp-block-heading\">Quem te viu e quem te v\u00ea!<\/h2>\n\n\n\n<h3 class=\"wp-block-heading\">&#8211; Promover a aprendizagem autorregulada dos alunos nas aulas atrav\u00e9s da observa\u00e7\u00e3o entre pares<\/h3>\n\n\n\n<p class=\"has-x-large-font-size\"><\/p>\n\n\n\n<hr class=\"wp-block-separator has-text-color has-tertiary-color has-alpha-channel-opacity has-tertiary-background-color has-background\"\/>\n\n\n\n<div class=\"wp-block-columns is-layout-flex wp-container-core-columns-is-layout-1 wp-block-columns-is-layout-flex\">\n<div class=\"wp-block-column is-layout-flow wp-block-column-is-layout-flow\" style=\"flex-basis:60%\">\n<p>O projecto WAY visa aprofundar o conhecimento sobre o desenvolvimento da aprendizagem auto-regulada dos alunos do ensino secund\u00e1rio, atrav\u00e9s do seu envolvimento na observa\u00e7\u00e3o de pares durante as aulas. O t\u00edtulo do projeto resume, n\u00e3o s\u00f3, a estreita conex\u00e3o entre a autorregula\u00e7\u00e3o das aprendizagens dos alunos e a observa\u00e7\u00e3o dos pares que a equipa pretende estudar, mas tamb\u00e9m da import\u00e2ncia da voz dos alunos e da sua participa\u00e7\u00e3o. O seu enfoque mobiliza conhecimentos das ci\u00eancias da educa\u00e7\u00e3o, no seu conjunto, desde os estudos curriculares \u00e0s estrat\u00e9gias de ensino e de aprendizagem, e coloca em cena v\u00e1rias disciplinas do curr\u00edculo educativo. O projeto mobilizar\u00e1 diferentes atores que trabalham no campo educacional, uma vez que ir\u00e1 envolver neste projeto de investiga\u00e7\u00e3o, alunos, professores e investigadores. <\/p>\n\n\n\n<p>O desenvolvimento do projeto permitir\u00e1 aumentar o conhecimento sobre o conceito e os efeitos da aprendizagem auto-regulada, que ser\u00e1 transferido para outros dom\u00ednios, mas ser\u00e1, sempre, um contributo para as conquistas das ci\u00eancias da educa\u00e7\u00e3o, sublinhando o seu papel transversal no desenvolvimento social.<\/p>\n\n\n\n<figure class=\"wp-block-image size-full is-resized\"><a href=\"https:\/\/lead.uab.pt\/way\/sobre-o-projeto-way\/\"><img loading=\"lazy\" decoding=\"async\" width=\"802\" height=\"127\" src=\"https:\/\/lead.uab.pt\/way\/wp-content\/uploads\/sites\/6\/2023\/05\/image-1.png\" alt=\"\" class=\"wp-image-2053\" style=\"width:333px;height:52px\" srcset=\"https:\/\/lead.uab.pt\/way\/wp-content\/uploads\/sites\/6\/2023\/05\/image-1.png 802w, https:\/\/lead.uab.pt\/way\/wp-content\/uploads\/sites\/6\/2023\/05\/image-1-300x48.png 300w, https:\/\/lead.uab.pt\/way\/wp-content\/uploads\/sites\/6\/2023\/05\/image-1-768x122.png 768w\" sizes=\"auto, (max-width: 802px) 100vw, 802px\" \/><\/a><\/figure>\n<\/div>\n\n\n\n<div class=\"wp-block-column is-layout-flow wp-block-column-is-layout-flow\" style=\"flex-basis:20px\"><\/div>\n\n\n\n<div class=\"wp-block-column is-layout-flow wp-block-column-is-layout-flow\">\n<figure class=\"wp-block-image size-full\"><img loading=\"lazy\" decoding=\"async\" width=\"640\" height=\"960\" src=\"https:\/\/lead.uab.pt\/way\/wp-content\/uploads\/sites\/6\/2023\/05\/pexels-zen-chung-5537932-1.jpg\" alt=\"\" class=\"wp-image-2120\" srcset=\"https:\/\/lead.uab.pt\/way\/wp-content\/uploads\/sites\/6\/2023\/05\/pexels-zen-chung-5537932-1.jpg 640w, https:\/\/lead.uab.pt\/way\/wp-content\/uploads\/sites\/6\/2023\/05\/pexels-zen-chung-5537932-1-200x300.jpg 200w\" sizes=\"auto, (max-width: 640px) 100vw, 640px\" \/><\/figure>\n<\/div>\n<\/div>\n\n\n\n<hr class=\"wp-block-separator has-alpha-channel-opacity\"\/>\n\n\n\n<p class=\"has-small-font-size\"> <br>Este site \u00e9 financiado por fundos nacionais atrav\u00e9s da FCT \u2013 Funda\u00e7\u00e3o para a Ci\u00eancia e a Tecnologia, I.P., no \u00e2mbito do projeto com a ref\u00aa 2022.01025.PTDC.<\/p>\n\n\n\n<p><\/p>\n","protected":false},"excerpt":{"rendered":"Quem te viu e quem te v\u00ea! &#8211; Promover a aprendizagem autorregulada dos alunos nas aulas atrav\u00e9s da observa\u00e7\u00e3o entre pares O projecto WAY visa aprofundar o conhecimento sobre o desenvolvimento da aprendizagem auto-regulada dos alunos do ensino secund\u00e1rio, atrav\u00e9s do seu envolvimento na observa\u00e7\u00e3o de pares durante as aulas. O t\u00edtulo do projeto resume, [&hellip;]","protected":false},"author":1,"featured_media":0,"parent":0,"menu_order":10,"comment_status":"closed","ping_status":"closed","template":"","meta":{"speak2many_translation":"{\"en-GB\":{\"url\":\"https:\/\/lead.uab.pt\/way-en\/\",\"postID\":139,\"postTitle\":\"Project\",\"siteID\":17,\"customURL\":false,\"type\":\"page\",\"languageInfo\":{\"name\":\"English (UK)\",\"locale\":\"en_GB\",\"speak2many_site_api_url\":\"https:\/\/lead.uab.pt\/way-en\/wp-json\/\"}}}","footnotes":""},"class_list":["post-139","page","type-page","status-publish","hentry"],"_links":{"self":[{"href":"https:\/\/lead.uab.pt\/way\/wp-json\/wp\/v2\/pages\/139","targetHints":{"allow":["GET"]}}],"collection":[{"href":"https:\/\/lead.uab.pt\/way\/wp-json\/wp\/v2\/pages"}],"about":[{"href":"https:\/\/lead.uab.pt\/way\/wp-json\/wp\/v2\/types\/page"}],"author":[{"embeddable":true,"href":"https:\/\/lead.uab.pt\/way\/wp-json\/wp\/v2\/users\/1"}],"replies":[{"embeddable":true,"href":"https:\/\/lead.uab.pt\/way\/wp-json\/wp\/v2\/comments?post=139"}],"version-history":[{"count":20,"href":"https:\/\/lead.uab.pt\/way\/wp-json\/wp\/v2\/pages\/139\/revisions"}],"predecessor-version":[{"id":2329,"href":"https:\/\/lead.uab.pt\/way\/wp-json\/wp\/v2\/pages\/139\/revisions\/2329"}],"wp:attachment":[{"href":"https:\/\/lead.uab.pt\/way\/wp-json\/wp\/v2\/media?parent=139"}],"curies":[{"name":"wp","href":"https:\/\/api.w.org\/{rel}","templated":true}]}}