{"id":154,"date":"2022-10-20T10:47:10","date_gmt":"2022-10-20T09:47:10","guid":{"rendered":"https:\/\/sites.uab.pt\/congresso-humanidades\/?page_id=154"},"modified":"2025-11-03T17:11:48","modified_gmt":"2025-11-03T17:11:48","slug":"way-nas-escolas","status":"publish","type":"page","link":"https:\/\/lead.uab.pt\/way\/way-nas-escolas\/","title":{"rendered":"WAY nas Escolas"},"content":{"rendered":"\n<h2 class=\"wp-block-heading\">WAY nas Escolas<\/h2>\n\n\n\n<p><\/p>\n\n\n\n<p>A 30 de junho de 2025, 809 alunos tinham submetido 1758 registos do gui\u00e3o do orientador dos momentos de observa\u00e7\u00e3o e feedback entre pares para a promo\u00e7\u00e3o da autorregula\u00e7\u00e3o &#8211; dos quais 789 relativos ao primeiro ano de implementa\u00e7\u00e3o (2023\/2024) e 989 ao segundo ano de observa\u00e7\u00e3o (2024\/2025).<\/p>\n\n\n\n<figure class=\"wp-block-image size-full\"><img loading=\"lazy\" decoding=\"async\" width=\"556\" height=\"183\" src=\"https:\/\/lead.uab.pt\/way\/wp-content\/uploads\/sites\/6\/2025\/10\/image-1.png\" alt=\"\" class=\"wp-image-2535\" srcset=\"https:\/\/lead.uab.pt\/way\/wp-content\/uploads\/sites\/6\/2025\/10\/image-1.png 556w, https:\/\/lead.uab.pt\/way\/wp-content\/uploads\/sites\/6\/2025\/10\/image-1-300x99.png 300w\" sizes=\"auto, (max-width: 556px) 100vw, 556px\" \/><\/figure>\n\n\n\n<p>Distribui\u00e7\u00e3o dos gui\u00f5es submetidos pelos alunos participantes, por agrupamento de escolas.<\/p>\n\n\n\n<figure class=\"wp-block-image size-full\"><img loading=\"lazy\" decoding=\"async\" width=\"742\" height=\"445\" src=\"https:\/\/lead.uab.pt\/way\/wp-content\/uploads\/sites\/6\/2025\/10\/image.png\" alt=\"\" class=\"wp-image-2534\" srcset=\"https:\/\/lead.uab.pt\/way\/wp-content\/uploads\/sites\/6\/2025\/10\/image.png 742w, https:\/\/lead.uab.pt\/way\/wp-content\/uploads\/sites\/6\/2025\/10\/image-300x180.png 300w\" sizes=\"auto, (max-width: 742px) 100vw, 742px\" \/><\/figure>\n\n\n\n<p>Distribui\u00e7\u00e3o dos gui\u00f5es submetidos pelos alunos participantes, por ano de escolaridade.<\/p>\n\n\n\n<figure class=\"wp-block-image size-full\"><img loading=\"lazy\" decoding=\"async\" width=\"687\" height=\"505\" src=\"https:\/\/lead.uab.pt\/way\/wp-content\/uploads\/sites\/6\/2025\/10\/image-3.png\" alt=\"\" class=\"wp-image-2538\" srcset=\"https:\/\/lead.uab.pt\/way\/wp-content\/uploads\/sites\/6\/2025\/10\/image-3.png 687w, https:\/\/lead.uab.pt\/way\/wp-content\/uploads\/sites\/6\/2025\/10\/image-3-300x221.png 300w\" sizes=\"auto, (max-width: 687px) 100vw, 687px\" \/><\/figure>\n\n\n\n<p>A\u00e7\u00e3o de sensibiliza\u00e7\u00e3o no Agrupamento de Escolas de Ribeir\u00e3o<\/p>\n\n\n\n<figure class=\"wp-block-image size-large\"><img loading=\"lazy\" decoding=\"async\" width=\"1024\" height=\"768\" src=\"https:\/\/lead.uab.pt\/way\/wp-content\/uploads\/sites\/6\/2024\/10\/Sensibilizacao_AE-Ribeirao_18_10_2024-1024x768.jpg\" alt=\"\" class=\"wp-image-2381\" srcset=\"https:\/\/lead.uab.pt\/way\/wp-content\/uploads\/sites\/6\/2024\/10\/Sensibilizacao_AE-Ribeirao_18_10_2024-1024x768.jpg 1024w, https:\/\/lead.uab.pt\/way\/wp-content\/uploads\/sites\/6\/2024\/10\/Sensibilizacao_AE-Ribeirao_18_10_2024-300x225.jpg 300w, https:\/\/lead.uab.pt\/way\/wp-content\/uploads\/sites\/6\/2024\/10\/Sensibilizacao_AE-Ribeirao_18_10_2024-768x576.jpg 768w, https:\/\/lead.uab.pt\/way\/wp-content\/uploads\/sites\/6\/2024\/10\/Sensibilizacao_AE-Ribeirao_18_10_2024.jpg 1080w\" sizes=\"auto, (max-width: 1024px) 100vw, 1024px\" \/><\/figure>\n\n\n\n<p>A\u00e7\u00e3o de sensibiliza\u00e7\u00e3o na Escola Secund\u00e1ria S\u00e3o Pedro<\/p>\n\n\n\n<figure class=\"wp-block-image size-large\"><img loading=\"lazy\" decoding=\"async\" width=\"1024\" height=\"768\" src=\"https:\/\/lead.uab.pt\/way\/wp-content\/uploads\/sites\/6\/2024\/10\/Blur-1024x768.jpeg\" alt=\"\" class=\"wp-image-2394\" srcset=\"https:\/\/lead.uab.pt\/way\/wp-content\/uploads\/sites\/6\/2024\/10\/Blur-1024x768.jpeg 1024w, https:\/\/lead.uab.pt\/way\/wp-content\/uploads\/sites\/6\/2024\/10\/Blur-300x225.jpeg 300w, https:\/\/lead.uab.pt\/way\/wp-content\/uploads\/sites\/6\/2024\/10\/Blur-768x576.jpeg 768w, https:\/\/lead.uab.pt\/way\/wp-content\/uploads\/sites\/6\/2024\/10\/Blur-1536x1152.jpeg 1536w, https:\/\/lead.uab.pt\/way\/wp-content\/uploads\/sites\/6\/2024\/10\/Blur.jpeg 1600w\" sizes=\"auto, (max-width: 1024px) 100vw, 1024px\" \/><\/figure>\n\n\n\n<p><strong>O MOCHO &#8211; Jornal do Agrupamento de Escolas de Canas de Senhorim<\/strong><br>O IV Semin\u00e1rio Local do projeto WAY &#8211; Feedback e (auto)regula\u00e7\u00e3o da aprendizagem foi noticiado no jornal do Agrupamento de Escolas de Canas do Senhorim, O Mocho.<\/p>\n\n\n\n<figure class=\"wp-block-image size-full\"><img loading=\"lazy\" decoding=\"async\" width=\"557\" height=\"732\" src=\"https:\/\/lead.uab.pt\/way\/wp-content\/uploads\/sites\/6\/2025\/02\/image.png\" alt=\"\" class=\"wp-image-2490\" srcset=\"https:\/\/lead.uab.pt\/way\/wp-content\/uploads\/sites\/6\/2025\/02\/image.png 557w, https:\/\/lead.uab.pt\/way\/wp-content\/uploads\/sites\/6\/2025\/02\/image-228x300.png 228w\" sizes=\"auto, (max-width: 557px) 100vw, 557px\" \/><\/figure>\n\n\n\n<p>V Semin\u00e1rio Local do Projeto WAY no Agrupamento de Escolas de Ribeir\u00e3o<\/p>\n\n\n\n<figure class=\"wp-block-image size-large\"><img loading=\"lazy\" decoding=\"async\" width=\"1024\" height=\"577\" src=\"https:\/\/lead.uab.pt\/way\/wp-content\/uploads\/sites\/6\/2025\/07\/20250707_170100-1024x577.jpg\" alt=\"\" class=\"wp-image-2521\" srcset=\"https:\/\/lead.uab.pt\/way\/wp-content\/uploads\/sites\/6\/2025\/07\/20250707_170100-1024x577.jpg 1024w, https:\/\/lead.uab.pt\/way\/wp-content\/uploads\/sites\/6\/2025\/07\/20250707_170100-300x169.jpg 300w, https:\/\/lead.uab.pt\/way\/wp-content\/uploads\/sites\/6\/2025\/07\/20250707_170100-768x432.jpg 768w, https:\/\/lead.uab.pt\/way\/wp-content\/uploads\/sites\/6\/2025\/07\/20250707_170100-1536x865.jpg 1536w, https:\/\/lead.uab.pt\/way\/wp-content\/uploads\/sites\/6\/2025\/07\/20250707_170100-2048x1153.jpg 2048w\" sizes=\"auto, (max-width: 1024px) 100vw, 1024px\" \/><\/figure>\n\n\n\n<figure class=\"wp-block-image size-large\"><img loading=\"lazy\" decoding=\"async\" width=\"1024\" height=\"577\" src=\"https:\/\/lead.uab.pt\/way\/wp-content\/uploads\/sites\/6\/2025\/07\/20250707_122219-1024x577.jpg\" alt=\"\" class=\"wp-image-2522\" srcset=\"https:\/\/lead.uab.pt\/way\/wp-content\/uploads\/sites\/6\/2025\/07\/20250707_122219-1024x577.jpg 1024w, https:\/\/lead.uab.pt\/way\/wp-content\/uploads\/sites\/6\/2025\/07\/20250707_122219-300x169.jpg 300w, https:\/\/lead.uab.pt\/way\/wp-content\/uploads\/sites\/6\/2025\/07\/20250707_122219-768x432.jpg 768w, https:\/\/lead.uab.pt\/way\/wp-content\/uploads\/sites\/6\/2025\/07\/20250707_122219-1536x865.jpg 1536w, https:\/\/lead.uab.pt\/way\/wp-content\/uploads\/sites\/6\/2025\/07\/20250707_122219-2048x1153.jpg 2048w\" sizes=\"auto, (max-width: 1024px) 100vw, 1024px\" \/><\/figure>\n\n\n\n<figure class=\"wp-block-image size-large\"><img loading=\"lazy\" decoding=\"async\" width=\"1024\" height=\"577\" src=\"https:\/\/lead.uab.pt\/way\/wp-content\/uploads\/sites\/6\/2025\/07\/20250707_155748-1024x577.jpg\" alt=\"\" class=\"wp-image-2524\" srcset=\"https:\/\/lead.uab.pt\/way\/wp-content\/uploads\/sites\/6\/2025\/07\/20250707_155748-1024x577.jpg 1024w, https:\/\/lead.uab.pt\/way\/wp-content\/uploads\/sites\/6\/2025\/07\/20250707_155748-300x169.jpg 300w, https:\/\/lead.uab.pt\/way\/wp-content\/uploads\/sites\/6\/2025\/07\/20250707_155748-768x432.jpg 768w, https:\/\/lead.uab.pt\/way\/wp-content\/uploads\/sites\/6\/2025\/07\/20250707_155748-1536x865.jpg 1536w, https:\/\/lead.uab.pt\/way\/wp-content\/uploads\/sites\/6\/2025\/07\/20250707_155748-2048x1153.jpg 2048w\" sizes=\"auto, (max-width: 1024px) 100vw, 1024px\" \/><\/figure>\n\n\n\n<p><\/p>\n","protected":false},"excerpt":{"rendered":"WAY nas Escolas A 30 de junho de 2025, 809 alunos tinham submetido 1758 registos do gui\u00e3o do orientador dos momentos de observa\u00e7\u00e3o e feedback entre pares para a promo\u00e7\u00e3o da autorregula\u00e7\u00e3o &#8211; dos quais 789 relativos ao primeiro ano de implementa\u00e7\u00e3o (2023\/2024) e 989 ao segundo ano de observa\u00e7\u00e3o (2024\/2025). Distribui\u00e7\u00e3o dos gui\u00f5es submetidos [&hellip;]","protected":false},"author":1,"featured_media":0,"parent":0,"menu_order":70,"comment_status":"closed","ping_status":"closed","template":"","meta":{"speak2many_translation":"{\"en-GB\":{\"url\":\"https:\/\/lead.uab.pt\/way-en\/way-in-schools\/\",\"postID\":154,\"postTitle\":\"WAY in Schools\",\"siteID\":17,\"customURL\":false,\"type\":\"page\",\"languageInfo\":{\"name\":\"English (UK)\",\"locale\":\"en_GB\",\"speak2many_site_api_url\":\"https:\/\/lead.uab.pt\/way-en\/wp-json\/\"}}}","footnotes":""},"class_list":["post-154","page","type-page","status-publish","hentry"],"_links":{"self":[{"href":"https:\/\/lead.uab.pt\/way\/wp-json\/wp\/v2\/pages\/154","targetHints":{"allow":["GET"]}}],"collection":[{"href":"https:\/\/lead.uab.pt\/way\/wp-json\/wp\/v2\/pages"}],"about":[{"href":"https:\/\/lead.uab.pt\/way\/wp-json\/wp\/v2\/types\/page"}],"author":[{"embeddable":true,"href":"https:\/\/lead.uab.pt\/way\/wp-json\/wp\/v2\/users\/1"}],"replies":[{"embeddable":true,"href":"https:\/\/lead.uab.pt\/way\/wp-json\/wp\/v2\/comments?post=154"}],"version-history":[{"count":13,"href":"https:\/\/lead.uab.pt\/way\/wp-json\/wp\/v2\/pages\/154\/revisions"}],"predecessor-version":[{"id":2589,"href":"https:\/\/lead.uab.pt\/way\/wp-json\/wp\/v2\/pages\/154\/revisions\/2589"}],"wp:attachment":[{"href":"https:\/\/lead.uab.pt\/way\/wp-json\/wp\/v2\/media?parent=154"}],"curies":[{"name":"wp","href":"https:\/\/api.w.org\/{rel}","templated":true}]}}