{"id":2047,"date":"2023-05-03T14:48:10","date_gmt":"2023-05-03T13:48:10","guid":{"rendered":"https:\/\/lead.uab.pt\/way\/?page_id=2047"},"modified":"2024-03-01T23:28:03","modified_gmt":"2024-03-01T23:28:03","slug":"sobre-o-projeto-way","status":"publish","type":"page","link":"https:\/\/lead.uab.pt\/way\/sobre-o-projeto-way\/","title":{"rendered":"Sobre o projeto WAY"},"content":{"rendered":"\n<h2 class=\"wp-block-heading\">Sobre o projeto WAY<\/h2>\n\n\n\n<p>O projeto segue a tend\u00eancia que os tempos atuais exigem aos sistemas educativos, de alunos mais bem preparados, ativos e participativos e capazes de recorrer compet\u00eancias metacognitivas para autorregular a sua aprendizagem [1]. A promo\u00e7\u00e3o dessas compet\u00eancias requer uma mudan\u00e7a para pr\u00e1ticas pedag\u00f3gicas diferenciadas e inovadoras, personalizadas de acordo com as necessidades dos alunos, tendo em considera\u00e7\u00e3o o seu feedback [1]. Esse guarda-chuva comum articula as pesquisas anteriores das investigadoras da equipa sobre desenvolvimento de compet\u00eancias de pensamento cr\u00edtico [2], autonomia dos alunos [3], observa\u00e7\u00e3o por pares [4], e voz dos alunos [5]. N\u00e3o obstante as escolas portuguesas se esfor\u00e7arem para promover pr\u00e1ticas pedag\u00f3gicas para desenvolver essas compet\u00eancias e a participa\u00e7\u00e3o dos alunos, esses esfor\u00e7os n\u00e3o contemplam a proposta em que assenta o projeto, que relaciona a observa\u00e7\u00e3o dos pares com o desenvolvimento da compet\u00eancia de autorregula\u00e7\u00e3o das aprendizagens, ao mesmo tempo que procura proporcionar oportunidades para a participa\u00e7\u00e3o dos alunos na mudan\u00e7a das pr\u00e1ticas pedag\u00f3gicas. Se por um lado, a observa\u00e7\u00e3o dos pares pode desenvolver eficazmente a observa\u00e7\u00e3o, a reflex\u00e3o e a autoan\u00e1lise, capacitando os alunos para aprendizagens autorreguladas, por outro lado, pedir-lhes que deem feedback ao professor sobre o que observaram, cria momentos de participa\u00e7\u00e3o e de di\u00e1logo centrados nas atividades da sala de aula, permitindo ouvir a voz dos alunos.<\/p>\n\n\n\n<div class=\"wp-block-columns is-layout-flex wp-container-core-columns-is-layout-1 wp-block-columns-is-layout-flex\">\n<div class=\"wp-block-column is-layout-flow wp-block-column-is-layout-flow\" style=\"flex-basis:66.66%\">\n<p>Esta \u00e9 a abordagem inovadora que o WAY pretende seguir, e que tem por base interven\u00e7\u00f5es e projetos anteriores da equipa [4;6;7], que se foram desenvolvendo em sucessivas itera\u00e7\u00f5es de ciclos cont\u00ednuos de conce\u00e7\u00e3o, an\u00e1lise e avalia\u00e7\u00e3o de Design Based Research (DBR). Opta-se pela DBR por se pretender estudar um ambiente de aprendizagem espec\u00edfico, que evolui ao longo de v\u00e1rias itera\u00e7\u00f5es, e desenvolver novos artefactos, pr\u00e1ticas e respetiva sustenta\u00e7\u00e3o, generaliz\u00e1veis para outros ambientes de aprendizagem [8]. Por conseguinte, assume-se esta interven\u00e7\u00e3o como mais um ciclo de DBR, ao qual se pretende dar continuidade com ciclos posteriores. Em suma, com o projeto pretende-se desenvolver um programa de observa\u00e7\u00e3o dos pares em sala de aula com alunos das escolas parceiras, para estudar a sua contribui\u00e7\u00e3o para o desenvolvimento das compet\u00eancias de autorregula\u00e7\u00e3o das aprendizagens e para proporcionar oportunidades de participa\u00e7\u00e3o dos alunos na mudan\u00e7a das pr\u00e1ticas pedag\u00f3gicas.<\/p>\n<\/div>\n\n\n\n<div class=\"wp-block-column is-layout-flow wp-block-column-is-layout-flow\" style=\"flex-basis:33.33%\">\n<figure class=\"wp-block-image size-large is-resized\"><img loading=\"lazy\" decoding=\"async\" src=\"https:\/\/lead.uab.pt\/way\/wp-content\/uploads\/sites\/6\/2023\/05\/pexels-kampus-production-5940832-1-2-1024x683.jpg\" alt=\"\" class=\"wp-image-2136\" width=\"1024\" height=\"683\" srcset=\"https:\/\/lead.uab.pt\/way\/wp-content\/uploads\/sites\/6\/2023\/05\/pexels-kampus-production-5940832-1-2-1024x683.jpg 1024w, https:\/\/lead.uab.pt\/way\/wp-content\/uploads\/sites\/6\/2023\/05\/pexels-kampus-production-5940832-1-2-300x200.jpg 300w, https:\/\/lead.uab.pt\/way\/wp-content\/uploads\/sites\/6\/2023\/05\/pexels-kampus-production-5940832-1-2-768x512.jpg 768w, https:\/\/lead.uab.pt\/way\/wp-content\/uploads\/sites\/6\/2023\/05\/pexels-kampus-production-5940832-1-2-1536x1024.jpg 1536w, https:\/\/lead.uab.pt\/way\/wp-content\/uploads\/sites\/6\/2023\/05\/pexels-kampus-production-5940832-1-2.jpg 1920w\" sizes=\"auto, (max-width: 1024px) 100vw, 1024px\" \/><\/figure>\n<\/div>\n<\/div>\n\n\n\n<p><\/p>\n\n\n\n<p><strong>Os objetivos espec\u00edficos s\u00e3o:<\/strong><\/p>\n\n\n\n<ul class=\"wp-block-list\">\n<li>Validar e aplicar um question\u00e1rio para avaliar as compet\u00eancias de autorregula\u00e7\u00e3o das aprendizagens;<\/li>\n\n\n\n<li>Implementar o programa de observa\u00e7\u00e3o dos pares;<\/li>\n\n\n\n<li>Monitorar as compet\u00eancias de autorregula\u00e7\u00e3o das aprendizagens dos alunos e a sua perce\u00e7\u00e3o quanto \u00e0s oportunidades de participa\u00e7\u00e3o proporcionadas;<\/li>\n\n\n\n<li>Validar o programa de observa\u00e7\u00e3o dos pares para o desenvolvimento da compet\u00eancia de autorregula\u00e7\u00e3o das aprendizagens;<\/li>\n\n\n\n<li>Avaliar o potencial do programa para proporcionar oportunidades para a participa\u00e7\u00e3o dos alunos na mudan\u00e7a das pr\u00e1ticas pedag\u00f3gicas;<\/li>\n\n\n\n<li>Disseminar junto da comunidade educativa, o programa, partilhando os produtos do projeto.<br><\/li>\n<\/ul>\n\n\n\n<div style=\"height:31px\" aria-hidden=\"true\" class=\"wp-block-spacer\"><\/div>\n\n\n\n<div class=\"wp-block-columns is-layout-flex wp-container-core-columns-is-layout-2 wp-block-columns-is-layout-flex\">\n<div class=\"wp-block-column is-layout-flow wp-block-column-is-layout-flow\" style=\"flex-basis:33.33%\">\n<figure class=\"wp-block-image size-large\"><img loading=\"lazy\" decoding=\"async\" width=\"683\" height=\"1024\" src=\"https:\/\/lead.uab.pt\/way\/wp-content\/uploads\/sites\/6\/2023\/05\/pexels-charlotte-may-5965837-1-683x1024.jpg\" alt=\"\" class=\"wp-image-2146\" srcset=\"https:\/\/lead.uab.pt\/way\/wp-content\/uploads\/sites\/6\/2023\/05\/pexels-charlotte-may-5965837-1-683x1024.jpg 683w, https:\/\/lead.uab.pt\/way\/wp-content\/uploads\/sites\/6\/2023\/05\/pexels-charlotte-may-5965837-1-200x300.jpg 200w, https:\/\/lead.uab.pt\/way\/wp-content\/uploads\/sites\/6\/2023\/05\/pexels-charlotte-may-5965837-1-768x1152.jpg 768w, https:\/\/lead.uab.pt\/way\/wp-content\/uploads\/sites\/6\/2023\/05\/pexels-charlotte-may-5965837-1-1024x1536.jpg 1024w, https:\/\/lead.uab.pt\/way\/wp-content\/uploads\/sites\/6\/2023\/05\/pexels-charlotte-may-5965837-1-1365x2048.jpg 1365w, https:\/\/lead.uab.pt\/way\/wp-content\/uploads\/sites\/6\/2023\/05\/pexels-charlotte-may-5965837-1-scaled.jpg 1707w\" sizes=\"auto, (max-width: 683px) 100vw, 683px\" \/><\/figure>\n<\/div>\n\n\n\n<div class=\"wp-block-column is-layout-flow wp-block-column-is-layout-flow\" style=\"flex-basis:66.66%\">\n<p><strong>As hip\u00f3teses nas quais o projeto assenta s\u00e3o:<\/strong><\/p>\n\n\n\n<ol class=\"wp-block-list\">\n<li>Os alunos que observam como os colegas abordam e realizam tarefas em sala de aula, desenvolvem compet\u00eancias de autorregula\u00e7\u00e3o; <\/li>\n\n\n\n<li>A conscientiza\u00e7\u00e3o e reflex\u00e3o dos alunos sobre o que observam contribui para o desenvolvimento das suas compet\u00eancias de autorregula\u00e7\u00e3o; <\/li>\n\n\n\n<li>O ato de dar feedback aos professores sobre o que \u00e9 observado, \u00e9 percecionado pelos alunos como uma oportunidade para a sua voz ser ouvida; <\/li>\n\n\n\n<li>O programa de observa\u00e7\u00e3o dos pares \u00e9 uma estrat\u00e9gia educativa vi\u00e1vel, com potencial para ser utilizada noutras escolas.<\/li>\n<\/ol>\n\n\n\n<p>Adicionalmente \u00e0 prossecu\u00e7\u00e3o dos objetivos e verifica\u00e7\u00e3o das hip\u00f3teses, com alunos do ensino secund\u00e1rio, procuraremos avaliar a viabilidade da observa\u00e7\u00e3o dos pares com alunos do 3.\u00ba ciclo do ensino b\u00e1sico, tamb\u00e9m numa perspetiva de ciclos cont\u00ednuos de DBR, e com o intuito de, futuramente, alargar o programa a alunos mais novos, acreditando que uma maior autorregula\u00e7\u00e3o das aprendizagens poder\u00e1 ser ben\u00e9fica na transi\u00e7\u00e3o para o ensino secund\u00e1rio [9].<br>O projeto tem como atores os quatro Agrupamentos de escolas parceiras, situados em diversos locais do litoral e do interior, rural e urbano, do norte e centro de Portugal, bem como a equipa de investigadoras de tr\u00eas Universidades portuguesas, e que trazem para o projeto a complementaridade dos assuntos que t\u00eam investigado.<\/p>\n<\/div>\n<\/div>\n\n\n\n<p><\/p>\n\n\n\n<hr class=\"wp-block-separator has-alpha-channel-opacity\"\/>\n\n\n\n<hr class=\"wp-block-separator has-alpha-channel-opacity\"\/>\n\n\n\n<p class=\"has-small-font-size\">1- OECD (2018). <em>The Future of Education and Skills: Education 2030. The Future We Want.<\/em> Position paper published on 05-04-2018. OECD: OECD<br>2- European Commission (2019). <em>Key competences for Lifelong Learning.<\/em> Luxembourg: Publications Office of the European Union<br>3 &#8211; Duarte, Marina, Leite, Carlinda, &amp; Mouraz, Ana (2016). The effect of curricular activities on learner autonomy: the perspective of undergraduate mechanical engineering students. <em>European Journal of Engineering Education, 41<\/em>, 91-104<br>4 &#8211; Mouraz, A., Torres, A. C., &amp; Coelho, Z. (2017) Quest\u00f5es epistemol\u00f3gicas e pedag\u00f3gicas da observa\u00e7\u00e3o de pares. [Epistemological and pedagogical questions concerning peer observation]. In A. Mouraz &amp; J. P. P\u00eago (Orgs.). <em>De par em par na U.Porto<\/em> (pp.19-34). Edi\u00e7\u00f5es da Universidade do Porto.<br>5 &#8211; Pereira, F., Mouraz, A., &amp; Figueiredo, C. (2014). Student Participation in School Life: The \u201cStudent Voice\u201d and Mitigated Democracy. <em>Croatian Journal of Education: Hrvatski \u010dasopis za odgoj iobrazovanje, 16<\/em>(4), 935-975. <a href=\"https:\/\/doi.org\/10.15516\/cje.v16i4.742\">https:\/\/doi.org\/10.15516\/cje.v16i4.742<\/a><br>6 &#8211; Mouraz, A. &amp; Ferreira, I. (2021). Contributions of Multidisciplinary Peer Observation to Lecturers\u2019 Reflective Practices. <em>Journal of Interdisciplinary Studies in Education, 10<\/em>(1), 41\u201358. <a href=\"https:\/\/www.ojed.org\/index.php\/jise\/article\/view\/1369\/1537\">https:\/\/www.ojed.org\/index.php\/jise\/article\/view\/1369\/1537<\/a><br>7 &#8211; Torres, A. C., Lopes, A., Valente, J. M. S., &amp; Mouraz, A. (2017) What catches the eye in class observation? Observers\u2019 perspectives in a multidisciplinary peer observation of teaching program. <em>Teaching in Higher Education, 22<\/em>(7), 822-838.  <a href=\"https:\/\/doi.org\/10.1080\/13562517.2017.1301907\">https:\/\/doi.org\/10.1080\/13562517.2017.1301907<\/a><br>8 &#8211; Nobre, A., Mallmann, E., Mazzardo, M., &amp; Martin-Fernandes, I., (2017) Princ\u00edpios te\u00f3rico-metodol\u00f3gico de design based research (DBR) na pesquisa educacional tematizada por Recursos Educacionais Abertos (REA) [Teorethical and methodological principles of design based researchapplied to educational research within open educational resources environment].<em> Revista SanGregorio,<\/em> ISSN 2228-7907<br>9 &#8211; Torres, A. C., &amp; Mouraz, A. (2015). Students\u2019 transition experience in the 10th year of schooling: Perceptions that contribute to improving the quality of schools. <em>Improving Schools, 18<\/em>(2), 127\u2013141. <a href=\"https:\/\/doi.org\/10.1177\/1365480215581460\">https:\/\/doi.org\/10.1177\/13654802<\/a><\/p>\n","protected":false},"excerpt":{"rendered":"Sobre o projeto WAY O projeto segue a tend\u00eancia que os tempos atuais exigem aos sistemas educativos, de alunos mais bem preparados, ativos e participativos e capazes de recorrer compet\u00eancias metacognitivas para autorregular a sua aprendizagem [1]. A promo\u00e7\u00e3o dessas compet\u00eancias requer uma mudan\u00e7a para pr\u00e1ticas pedag\u00f3gicas diferenciadas e inovadoras, personalizadas de acordo com as [&hellip;]","protected":false},"author":10,"featured_media":0,"parent":0,"menu_order":0,"comment_status":"closed","ping_status":"closed","template":"","meta":{"speak2many_translation":"","footnotes":""},"class_list":["post-2047","page","type-page","status-publish","hentry"],"_links":{"self":[{"href":"https:\/\/lead.uab.pt\/way\/wp-json\/wp\/v2\/pages\/2047","targetHints":{"allow":["GET"]}}],"collection":[{"href":"https:\/\/lead.uab.pt\/way\/wp-json\/wp\/v2\/pages"}],"about":[{"href":"https:\/\/lead.uab.pt\/way\/wp-json\/wp\/v2\/types\/page"}],"author":[{"embeddable":true,"href":"https:\/\/lead.uab.pt\/way\/wp-json\/wp\/v2\/users\/10"}],"replies":[{"embeddable":true,"href":"https:\/\/lead.uab.pt\/way\/wp-json\/wp\/v2\/comments?post=2047"}],"version-history":[{"count":19,"href":"https:\/\/lead.uab.pt\/way\/wp-json\/wp\/v2\/pages\/2047\/revisions"}],"predecessor-version":[{"id":2152,"href":"https:\/\/lead.uab.pt\/way\/wp-json\/wp\/v2\/pages\/2047\/revisions\/2152"}],"wp:attachment":[{"href":"https:\/\/lead.uab.pt\/way\/wp-json\/wp\/v2\/media?parent=2047"}],"curies":[{"name":"wp","href":"https:\/\/api.w.org\/{rel}","templated":true}]}}