{"id":145,"date":"2022-10-19T22:43:26","date_gmt":"2022-10-19T22:43:26","guid":{"rendered":"https:\/\/sites.uab.pt\/congresso-humanidades\/?page_id=145"},"modified":"2024-06-11T17:17:44","modified_gmt":"2024-06-11T16:17:44","slug":"produtos","status":"publish","type":"page","link":"https:\/\/lead.uab.pt\/weiwer\/produtos\/","title":{"rendered":"Outcomes"},"content":{"rendered":"\n<h2 class=\"wp-block-heading\">Outcomes<\/h2>\n\n\n\n<p class=\"has-medium-font-size\"><strong>Publica\u00e7\u00f5es cient\u00edficas<\/strong><\/p>\n\n\n\n<p>Cap\u00edtulos de livro<\/p>\n\n\n\n<p class=\"has-medium-font-size\"><a href=\"http:\/\/hdl.handle.net\/10400.2\/10982\" target=\"_blank\" rel=\"noreferrer noopener\">Aprendizagem na sociedade em rede: novos percursos, oportunidades e desafios?<\/a><\/p>\n\n\n\n<p><a href=\"http:\/\/hdl.handle.net\/10400.2\/11915\" target=\"_blank\" rel=\"noreferrer noopener\">Forma\u00e7\u00e3o de professores no contexto pand\u00e9mico: o papel das tecnologias educacionais em rede<\/a><\/p>\n\n\n\n<p>Artigos em revistas cientificas<\/p>\n\n\n\n<p><a href=\"http:\/\/hdl.handle.net\/10400.2\/7198\" target=\"_blank\" rel=\"noreferrer noopener\">Integra\u00e7\u00e3o curricular da Wikip\u00e9dia no ensino b\u00e1sico: uma proposta de forma\u00e7\u00e3o de professores<\/a><\/p>\n\n\n\n<p>Confer\u00eancias<\/p>\n\n\n\n<p><a href=\"http:\/\/hdl.handle.net\/10400.2\/11036\" data-type=\"link\" data-id=\"http:\/\/hdl.handle.net\/10400.2\/11036\" target=\"_blank\" rel=\"noreferrer noopener\">Bibliotecas digitais no ensino profissional: um projeto de forma\u00e7\u00e3o<\/a><\/p>\n\n\n\n<p><a href=\"http:\/\/hdl.handle.net\/10400.2\/7451\" data-type=\"link\" data-id=\"http:\/\/hdl.handle.net\/10400.2\/7451\" target=\"_blank\" rel=\"noreferrer noopener\">Conce\u00e7\u00f5es de estudantes acerca da Wikip\u00e9dia: um estudo explorat\u00f3rio no ensino superior online<\/a><\/p>\n\n\n\n<p>Posters<\/p>\n\n\n\n<p>Outros<\/p>\n","protected":false},"excerpt":{"rendered":"Outcomes Publica\u00e7\u00f5es cient\u00edficas Cap\u00edtulos de livro Aprendizagem na sociedade em rede: novos percursos, oportunidades e desafios? Forma\u00e7\u00e3o de professores no contexto pand\u00e9mico: o papel das tecnologias educacionais em rede Artigos em revistas cientificas Integra\u00e7\u00e3o curricular da Wikip\u00e9dia no ensino b\u00e1sico: uma proposta de forma\u00e7\u00e3o de professores Confer\u00eancias Bibliotecas digitais no ensino profissional: um projeto de [&hellip;]","protected":false},"author":1,"featured_media":0,"parent":0,"menu_order":40,"comment_status":"closed","ping_status":"closed","template":"","meta":{"footnotes":""},"class_list":["post-145","page","type-page","status-publish","hentry"],"_links":{"self":[{"href":"https:\/\/lead.uab.pt\/weiwer\/wp-json\/wp\/v2\/pages\/145","targetHints":{"allow":["GET"]}}],"collection":[{"href":"https:\/\/lead.uab.pt\/weiwer\/wp-json\/wp\/v2\/pages"}],"about":[{"href":"https:\/\/lead.uab.pt\/weiwer\/wp-json\/wp\/v2\/types\/page"}],"author":[{"embeddable":true,"href":"https:\/\/lead.uab.pt\/weiwer\/wp-json\/wp\/v2\/users\/1"}],"replies":[{"embeddable":true,"href":"https:\/\/lead.uab.pt\/weiwer\/wp-json\/wp\/v2\/comments?post=145"}],"version-history":[{"count":7,"href":"https:\/\/lead.uab.pt\/weiwer\/wp-json\/wp\/v2\/pages\/145\/revisions"}],"predecessor-version":[{"id":2239,"href":"https:\/\/lead.uab.pt\/weiwer\/wp-json\/wp\/v2\/pages\/145\/revisions\/2239"}],"wp:attachment":[{"href":"https:\/\/lead.uab.pt\/weiwer\/wp-json\/wp\/v2\/media?parent=145"}],"curies":[{"name":"wp","href":"https:\/\/api.w.org\/{rel}","templated":true}]}}