{"id":148,"date":"2022-10-20T10:45:31","date_gmt":"2022-10-20T10:45:31","guid":{"rendered":"https:\/\/sites.uab.pt\/congresso-humanidades\/?page_id=148"},"modified":"2024-06-09T21:48:11","modified_gmt":"2024-06-09T20:48:11","slug":"eventos","status":"publish","type":"page","link":"https:\/\/lead.uab.pt\/weiwer\/eventos\/","title":{"rendered":"Events"},"content":{"rendered":"\n<h2 class=\"wp-block-heading\">Events<\/h2>\n\n\n\n<div class=\"wp-block-c3-framew-gutenbergblocks-timeline schedule\"><div class=\"gbt-timeline-title-wrapper\"><div class=\"gbt-timeline-title tt-title\">Eventos cient\u00edficos com participa\u00e7\u00f5es relevantes<\/div><\/div><ul class=\"gbt-timeline-content-wrapper\">\n<li style=\"--timeline-color:#06c2c4\"><div class=\"gbt-timeline-event-title-wrapper\"><div class=\"gbt-timeline-event-title time-title\"><strong>Evento I<\/strong><\/div><\/div><div class=\"gbt-timeline-event-content-wrapper\">\n<p>Update in progress<\/p>\n<\/div><\/li>\n\n\n\n<li><div class=\"gbt-timeline-event-title-wrapper\"><div class=\"gbt-timeline-event-title time-title\"><strong><strong>Evento I<\/strong><\/strong>I<\/div><\/div><div class=\"gbt-timeline-event-content-wrapper\">\n<div class=\"wp-block-columns is-layout-flex wp-container-core-columns-is-layout-1 wp-block-columns-is-layout-flex\">\n<div class=\"wp-block-column is-layout-flow wp-block-column-is-layout-flow\" style=\"flex-basis:33.33%\">\n<figure class=\"wp-block-image size-large\"><img decoding=\"async\" src=\"https:\/\/sites.uab.pt\/congresso-humanidades\/wp-content\/uploads\/sites\/15\/2022\/10\/filler-012-683x1024.jpg\" alt=\"\" class=\"wp-image-750\"\/><\/figure>\n<\/div>\n\n\n\n<div class=\"wp-block-column is-layout-flow wp-block-column-is-layout-flow\" style=\"flex-basis:66.66%\">\n<p>Update in progress.\u00a0<\/p>\n<\/div>\n<\/div>\n<\/div><\/li>\n<\/ul><\/div>\n","protected":false},"excerpt":{"rendered":"Events","protected":false},"author":1,"featured_media":0,"parent":0,"menu_order":50,"comment_status":"closed","ping_status":"closed","template":"","meta":{"footnotes":""},"class_list":["post-148","page","type-page","status-publish","hentry"],"_links":{"self":[{"href":"https:\/\/lead.uab.pt\/weiwer\/wp-json\/wp\/v2\/pages\/148","targetHints":{"allow":["GET"]}}],"collection":[{"href":"https:\/\/lead.uab.pt\/weiwer\/wp-json\/wp\/v2\/pages"}],"about":[{"href":"https:\/\/lead.uab.pt\/weiwer\/wp-json\/wp\/v2\/types\/page"}],"author":[{"embeddable":true,"href":"https:\/\/lead.uab.pt\/weiwer\/wp-json\/wp\/v2\/users\/1"}],"replies":[{"embeddable":true,"href":"https:\/\/lead.uab.pt\/weiwer\/wp-json\/wp\/v2\/comments?post=148"}],"version-history":[{"count":5,"href":"https:\/\/lead.uab.pt\/weiwer\/wp-json\/wp\/v2\/pages\/148\/revisions"}],"predecessor-version":[{"id":2190,"href":"https:\/\/lead.uab.pt\/weiwer\/wp-json\/wp\/v2\/pages\/148\/revisions\/2190"}],"wp:attachment":[{"href":"https:\/\/lead.uab.pt\/weiwer\/wp-json\/wp\/v2\/media?parent=148"}],"curies":[{"name":"wp","href":"https:\/\/api.w.org\/{rel}","templated":true}]}}